{"id":1011,"date":"2024-03-10T20:16:36","date_gmt":"2024-03-10T19:16:36","guid":{"rendered":"https:\/\/plichtaregina.hu\/?page_id=1011"},"modified":"2025-03-19T16:44:57","modified_gmt":"2025-03-19T15:44:57","slug":"cafe-plazs","status":"publish","type":"page","link":"https:\/\/plichtaregina.hu\/en\/cafe-plazs\/","title":{"rendered":"Caf\u00e9 Pl\u00e1zs"},"content":{"rendered":"\t\t<div data-elementor-type=\"wp-page\" data-elementor-id=\"1011\" class=\"elementor elementor-1011\" data-elementor-post-type=\"page\">\n\t\t\t\t\t\t<section class=\"wd-negative-gap elementor-section elementor-top-section elementor-element elementor-element-2cbff94a elementor-section-full_width elementor-section-stretched elementor-section-content-bottom elementor-section-height-default elementor-section-height-default\" data-id=\"2cbff94a\" data-element_type=\"section\" data-e-type=\"section\" data-settings=\"{&quot;stretch_section&quot;:&quot;section-stretched&quot;,&quot;background_background&quot;:&quot;classic&quot;}\">\n\t\t\t\t\t\t<div class=\"elementor-container elementor-column-gap-default\">\n\t\t\t\t\t<div class=\"elementor-column elementor-col-100 elementor-top-column elementor-element elementor-element-422b7f0\" data-id=\"422b7f0\" data-element_type=\"column\" data-e-type=\"column\" data-settings=\"{&quot;background_background&quot;:&quot;classic&quot;}\">\n\t\t\t<div class=\"elementor-widget-wrap elementor-element-populated\">\n\t\t\t\t\t<div class=\"elementor-background-overlay\"><\/div>\n\t\t\t\t\t\t<div class=\"elementor-element elementor-element-5ddbd85 elementor-widget elementor-widget-image\" data-id=\"5ddbd85\" data-element_type=\"widget\" data-e-type=\"widget\" data-widget_type=\"image.default\">\n\t\t\t\t<div class=\"elementor-widget-container\">\n\t\t\t\t\t\t\t\t\t\t\t\t\t\t\t<img fetchpriority=\"high\" decoding=\"async\" width=\"2000\" height=\"1300\" src=\"https:\/\/plichtaregina.hu\/wp-content\/themes\/woodmart\/images\/lazy.svg\" data-src=\"https:\/\/plichtaregina.hu\/wp-content\/uploads\/2024\/03\/plazs-mockup.png\" class=\" wd-lazy-fade attachment-full size-full wp-image-1019\" alt=\"\" srcset=\"\" data-srcset=\"https:\/\/plichtaregina.hu\/wp-content\/uploads\/2024\/03\/plazs-mockup.png 2000w, https:\/\/plichtaregina.hu\/wp-content\/uploads\/2024\/03\/plazs-mockup-300x195.png 300w, https:\/\/plichtaregina.hu\/wp-content\/uploads\/2024\/03\/plazs-mockup-1024x666.png 1024w, https:\/\/plichtaregina.hu\/wp-content\/uploads\/2024\/03\/plazs-mockup-768x499.png 768w, https:\/\/plichtaregina.hu\/wp-content\/uploads\/2024\/03\/plazs-mockup-1536x998.png 1536w\" sizes=\"(max-width: 2000px) 100vw, 2000px\" \/>\t\t\t\t\t\t\t\t\t\t\t\t\t\t\t<\/div>\n\t\t\t\t<\/div>\n\t\t\t\t\t<\/div>\n\t\t<\/div>\n\t\t\t\t\t<\/div>\n\t\t<\/section>\n\t\t\t\t<section class=\"wd-negative-gap elementor-section elementor-top-section elementor-element elementor-element-fa11077 elementor-section-boxed elementor-section-height-default elementor-section-height-default\" data-id=\"fa11077\" data-element_type=\"section\" data-e-type=\"section\">\n\t\t\t\t\t\t<div class=\"elementor-container elementor-column-gap-default\">\n\t\t\t\t\t<div class=\"elementor-column elementor-col-100 elementor-top-column elementor-element elementor-element-6cec301\" data-id=\"6cec301\" data-element_type=\"column\" data-e-type=\"column\">\n\t\t\t<div class=\"elementor-widget-wrap elementor-element-populated\">\n\t\t\t\t\t\t<div class=\"elementor-element elementor-element-da1d037 elementor-widget elementor-widget-heading\" data-id=\"da1d037\" data-element_type=\"widget\" data-e-type=\"widget\" data-settings=\"{&quot;motion_fx_motion_fx_scrolling&quot;:&quot;yes&quot;,&quot;motion_fx_blur_effect&quot;:&quot;yes&quot;,&quot;motion_fx_blur_direction&quot;:&quot;in-out&quot;,&quot;motion_fx_blur_level&quot;:{&quot;unit&quot;:&quot;px&quot;,&quot;size&quot;:10,&quot;sizes&quot;:[]},&quot;motion_fx_blur_range&quot;:{&quot;unit&quot;:&quot;%&quot;,&quot;size&quot;:&quot;&quot;,&quot;sizes&quot;:{&quot;start&quot;:63,&quot;end&quot;:100}},&quot;motion_fx_devices&quot;:[&quot;desktop&quot;,&quot;tablet&quot;,&quot;mobile&quot;]}\" data-widget_type=\"heading.default\">\n\t\t\t\t<div class=\"elementor-widget-container\">\n\t\t\t\t\t<h2 class=\"elementor-heading-title elementor-size-default\">Caf\u00e9 Pl\u00e1zs\nWeboldal<\/h2>\t\t\t\t<\/div>\n\t\t\t\t<\/div>\n\t\t\t\t\t<\/div>\n\t\t<\/div>\n\t\t\t\t\t<\/div>\n\t\t<\/section>\n\t\t\t\t<section class=\"wd-negative-gap elementor-section elementor-top-section elementor-element elementor-element-c858c7e elementor-section-boxed elementor-section-height-default elementor-section-height-default\" data-id=\"c858c7e\" data-element_type=\"section\" data-e-type=\"section\">\n\t\t\t\t\t\t<div class=\"elementor-container elementor-column-gap-default\">\n\t\t\t\t\t<div class=\"elementor-column elementor-col-50 elementor-top-column elementor-element elementor-element-d0d6723\" data-id=\"d0d6723\" data-element_type=\"column\" data-e-type=\"column\">\n\t\t\t<div class=\"elementor-widget-wrap elementor-element-populated\">\n\t\t\t\t\t\t<div class=\"elementor-element elementor-element-652118f elementor-widget elementor-widget-heading\" data-id=\"652118f\" data-element_type=\"widget\" data-e-type=\"widget\" data-widget_type=\"heading.default\">\n\t\t\t\t<div class=\"elementor-widget-container\">\n\t\t\t\t\t<h2 class=\"elementor-heading-title elementor-size-default\">B\u0151vebben a projektr\u0151l<\/h2>\t\t\t\t<\/div>\n\t\t\t\t<\/div>\n\t\t\t\t<div class=\"elementor-element elementor-element-af0eba3 color-scheme-inherit text-left elementor-widget elementor-widget-text-editor\" data-id=\"af0eba3\" data-element_type=\"widget\" data-e-type=\"widget\" data-widget_type=\"text-editor.default\">\n\t\t\t\t<div class=\"elementor-widget-container\">\n\t\t\t\t\t\t\t\t\t<p>Var\u00e1zslatos \u00edzek a t\u00f3 partj\u00e1n &#8211; ez a Caf\u00e9 Pl\u00e1zs.\u2028Az \u00fajonnan ny\u00edl\u00f3 k\u00e1v\u00e9z\u00f3 \u00e9s desszertb\u00e1r \u00e9p\u00fclete m\u00e9g meg sem \u00e9p\u00fclt, de tudtuk, hogy sz\u00fcks\u00e9g lesz egy modern, izgalmas weboldalra, ami betekint\u00e9st enged a sokoldal\u00fa helysz\u00edn \u00e9let\u00e9be.<\/p>\t\t\t\t\t\t\t\t<\/div>\n\t\t\t\t<\/div>\n\t\t\t\t<div class=\"elementor-element elementor-element-60dcc75 elementor-widget elementor-widget-wd_text_block\" data-id=\"60dcc75\" data-element_type=\"widget\" data-e-type=\"widget\" data-widget_type=\"wd_text_block.default\">\n\t\t\t\t<div class=\"elementor-widget-container\">\n\t\t\t\t\t\t\t<div class=\"wd-text-block reset-last-child text-left\">\n\t\t\t\n\t\t\t<p>A website bemutatja, amit ez\u2028a k\u00fcl\u00f6nleges helysz\u00edn k\u00edn\u00e1l:\u00a0 megtal\u00e1ljuk a szezon\u00e1lis \u00e9s\u00a0 \u00e1lland\u00f3 \u00e9tel \u00e9s italk\u00edn\u00e1latot,\u00a0 esem\u00e9nynapt\u00e1rat, valamint\u2028a k\u00fcl\u00f6nleges pillanatokat\u2028meg\u00f6r\u00f6k\u00edt\u0151 gal\u00e9ri\u00e1t.<\/p>\n\t\t\t\t\t<\/div>\n\t\t\t\t\t\t<\/div>\n\t\t\t\t<\/div>\n\t\t\t\t<div class=\"elementor-element elementor-element-8c67ac8 color-scheme-inherit text-left elementor-widget elementor-widget-text-editor\" data-id=\"8c67ac8\" data-element_type=\"widget\" data-e-type=\"widget\" data-widget_type=\"text-editor.default\">\n\t\t\t\t<div class=\"elementor-widget-container\">\n\t\t\t\t\t\t\t\t\t<p>A hely egyik f\u0151 k\u00fcl\u00f6nlegess\u00e9g\u00e9t az adja, hogy a v\u00edzparton helyezkedik el, ezt az \u00e9lm\u00e9nyt er\u0151s\u00edti a csod\u00e1s bels\u0151 kialak\u00edt\u00e1s &#8211; mind sz\u00ednekben, mind a k\u00fcl\u00f6nleges anyaghaszn\u00e1latban. Ezeket az apr\u00f3 r\u00e9szleteket megjelen\u00edtj\u00fck a weboldalon is,\u2028hogy m\u00e1r online is \u00e1t\u00e9lhess\u00fck\u2028a k\u00e1v\u00e9z\u00f3 ny\u00fajtotta \u00e9lm\u00e9nyt. \u2028<br \/>Mivel a k\u00e1v\u00e9z\u00f3 is mer\u00e9sz, \u00faj, \u00e9s izgalmas \u00f6tletekkel \u00e9s k\u00edn\u00e1lattal \u00e1llt el\u0151, \u00edgy az oldalon is ezt a fajta attit\u0171d\u00f6t t\u00fckr\u00f6zik a nagy feliratok, a szokatlan oldalelrendez\u00e9sek. Emellett m\u00e9gis egyfajta eleganci\u00e1t sugall a finom sz\u00ednhaszn\u00e1lat \u00e9s\u2028a brili\u00e1ns fot\u00f3k felhaszn\u00e1l\u00e1sa miatt.<\/p>\t\t\t\t\t\t\t\t<\/div>\n\t\t\t\t<\/div>\n\t\t\t\t\t<\/div>\n\t\t<\/div>\n\t\t\t\t<div class=\"elementor-column elementor-col-50 elementor-top-column elementor-element elementor-element-291db58\" data-id=\"291db58\" data-element_type=\"column\" data-e-type=\"column\">\n\t\t\t<div class=\"elementor-widget-wrap elementor-element-populated\">\n\t\t\t\t\t\t<div class=\"elementor-element elementor-element-c1d9837 elementor-widget elementor-widget-image\" data-id=\"c1d9837\" data-element_type=\"widget\" data-e-type=\"widget\" data-widget_type=\"image.default\">\n\t\t\t\t<div class=\"elementor-widget-container\">\n\t\t\t\t\t\t\t\t\t\t\t\t\t\t\t<img decoding=\"async\" width=\"600\" height=\"515\" src=\"https:\/\/plichtaregina.hu\/wp-content\/themes\/woodmart\/images\/lazy.svg\" data-src=\"https:\/\/plichtaregina.hu\/wp-content\/uploads\/2024\/03\/Cafe-Plazs.png\" class=\" wd-lazy-fade attachment-full size-full wp-image-1013\" alt=\"\" srcset=\"\" data-srcset=\"https:\/\/plichtaregina.hu\/wp-content\/uploads\/2024\/03\/Cafe-Plazs.png 600w, https:\/\/plichtaregina.hu\/wp-content\/uploads\/2024\/03\/Cafe-Plazs-300x258.png 300w\" sizes=\"(max-width: 600px) 100vw, 600px\" \/>\t\t\t\t\t\t\t\t\t\t\t\t\t\t\t<\/div>\n\t\t\t\t<\/div>\n\t\t\t\t<div class=\"elementor-element elementor-element-5074cde elementor-widget elementor-widget-image\" data-id=\"5074cde\" data-element_type=\"widget\" data-e-type=\"widget\" data-widget_type=\"image.default\">\n\t\t\t\t<div class=\"elementor-widget-container\">\n\t\t\t\t\t\t\t\t\t\t\t\t\t\t\t<img decoding=\"async\" width=\"1200\" height=\"800\" src=\"https:\/\/plichtaregina.hu\/wp-content\/themes\/woodmart\/images\/lazy.svg\" data-src=\"https:\/\/plichtaregina.hu\/wp-content\/uploads\/2024\/03\/plazs-mobil-mockup-web.png\" class=\" wd-lazy-fade attachment-full size-full wp-image-1015\" alt=\"\" srcset=\"\" data-srcset=\"https:\/\/plichtaregina.hu\/wp-content\/uploads\/2024\/03\/plazs-mobil-mockup-web.png 1200w, https:\/\/plichtaregina.hu\/wp-content\/uploads\/2024\/03\/plazs-mobil-mockup-web-300x200.png 300w, https:\/\/plichtaregina.hu\/wp-content\/uploads\/2024\/03\/plazs-mobil-mockup-web-1024x683.png 1024w, https:\/\/plichtaregina.hu\/wp-content\/uploads\/2024\/03\/plazs-mobil-mockup-web-768x512.png 768w\" sizes=\"(max-width: 1200px) 100vw, 1200px\" \/>\t\t\t\t\t\t\t\t\t\t\t\t\t\t\t<\/div>\n\t\t\t\t<\/div>\n\t\t\t\t\t<\/div>\n\t\t<\/div>\n\t\t\t\t\t<\/div>\n\t\t<\/section>\n\t\t\t\t<section class=\"wd-negative-gap elementor-section elementor-top-section elementor-element elementor-element-c224699 elementor-section-boxed elementor-section-height-default elementor-section-height-default\" data-id=\"c224699\" data-element_type=\"section\" data-e-type=\"section\">\n\t\t\t\t\t\t<div class=\"elementor-container elementor-column-gap-default\">\n\t\t\t\t\t<div class=\"elementor-column elementor-col-50 elementor-top-column elementor-element elementor-element-ef2ab3d wd_sticky_offset_50 wd-elementor-sticky-column\" data-id=\"ef2ab3d\" data-element_type=\"column\" data-e-type=\"column\">\n\t\t\t<div class=\"elementor-widget-wrap elementor-element-populated\">\n\t\t\t\t\t\t<div class=\"elementor-element elementor-element-5971259 elementor-widget elementor-widget-image\" data-id=\"5971259\" data-element_type=\"widget\" data-e-type=\"widget\" data-widget_type=\"image.default\">\n\t\t\t\t<div class=\"elementor-widget-container\">\n\t\t\t\t\t\t\t\t\t\t\t\t\t\t\t<img loading=\"lazy\" decoding=\"async\" width=\"453\" height=\"2560\" src=\"https:\/\/plichtaregina.hu\/wp-content\/themes\/woodmart\/images\/lazy.svg\" data-src=\"https:\/\/plichtaregina.hu\/wp-content\/uploads\/2024\/03\/mobil-1-scaled.jpg\" class=\" wd-lazy-fade attachment-full size-full wp-image-1017\" alt=\"\" srcset=\"\" data-srcset=\"https:\/\/plichtaregina.hu\/wp-content\/uploads\/2024\/03\/mobil-1-scaled.jpg 453w, https:\/\/plichtaregina.hu\/wp-content\/uploads\/2024\/03\/mobil-1-53x300.jpg 53w, https:\/\/plichtaregina.hu\/wp-content\/uploads\/2024\/03\/mobil-1-181x1024.jpg 181w, https:\/\/plichtaregina.hu\/wp-content\/uploads\/2024\/03\/mobil-1-768x4341.jpg 768w, https:\/\/plichtaregina.hu\/wp-content\/uploads\/2024\/03\/mobil-1-272x1536.jpg 272w\" sizes=\"(max-width: 453px) 100vw, 453px\" \/>\t\t\t\t\t\t\t\t\t\t\t\t\t\t\t<\/div>\n\t\t\t\t<\/div>\n\t\t\t\t<div class=\"elementor-element elementor-element-fd34879 elementor-widget elementor-widget-image\" data-id=\"fd34879\" data-element_type=\"widget\" data-e-type=\"widget\" data-widget_type=\"image.default\">\n\t\t\t\t<div class=\"elementor-widget-container\">\n\t\t\t\t\t\t\t\t\t\t\t\t\t\t\t<img loading=\"lazy\" decoding=\"async\" width=\"496\" height=\"2560\" src=\"https:\/\/plichtaregina.hu\/wp-content\/themes\/woodmart\/images\/lazy.svg\" data-src=\"https:\/\/plichtaregina.hu\/wp-content\/uploads\/2024\/03\/Screenshot_20240310_193841_com.android.chrome-scaled.jpg\" class=\" wd-lazy-fade attachment-full size-full wp-image-1018\" alt=\"\" srcset=\"\" data-srcset=\"https:\/\/plichtaregina.hu\/wp-content\/uploads\/2024\/03\/Screenshot_20240310_193841_com.android.chrome-scaled.jpg 496w, https:\/\/plichtaregina.hu\/wp-content\/uploads\/2024\/03\/Screenshot_20240310_193841_com.android.chrome-58x300.jpg 58w, https:\/\/plichtaregina.hu\/wp-content\/uploads\/2024\/03\/Screenshot_20240310_193841_com.android.chrome-768x3963.jpg 768w, https:\/\/plichtaregina.hu\/wp-content\/uploads\/2024\/03\/Screenshot_20240310_193841_com.android.chrome-397x2048.jpg 397w\" sizes=\"(max-width: 496px) 100vw, 496px\" \/>\t\t\t\t\t\t\t\t\t\t\t\t\t\t\t<\/div>\n\t\t\t\t<\/div>\n\t\t\t\t\t<\/div>\n\t\t<\/div>\n\t\t\t\t<div class=\"elementor-column elementor-col-50 elementor-top-column elementor-element elementor-element-3d68770\" data-id=\"3d68770\" data-element_type=\"column\" data-e-type=\"column\">\n\t\t\t<div class=\"elementor-widget-wrap elementor-element-populated\">\n\t\t\t\t\t\t<div class=\"elementor-element elementor-element-b083789 elementor-widget elementor-widget-image\" data-id=\"b083789\" data-element_type=\"widget\" data-e-type=\"widget\" data-widget_type=\"image.default\">\n\t\t\t\t<div class=\"elementor-widget-container\">\n\t\t\t\t\t\t\t\t\t\t\t\t\t\t\t<img loading=\"lazy\" decoding=\"async\" width=\"1300\" height=\"6299\" src=\"https:\/\/plichtaregina.hu\/wp-content\/themes\/woodmart\/images\/lazy.svg\" data-src=\"https:\/\/plichtaregina.hu\/wp-content\/uploads\/2024\/03\/Cafe-plazs-weboldal-screenshot.png\" class=\" wd-lazy-fade attachment-full size-full wp-image-1016\" alt=\"\" srcset=\"\" data-srcset=\"https:\/\/plichtaregina.hu\/wp-content\/uploads\/2024\/03\/Cafe-plazs-weboldal-screenshot.png 1300w, https:\/\/plichtaregina.hu\/wp-content\/uploads\/2024\/03\/Cafe-plazs-weboldal-screenshot-62x300.png 62w, https:\/\/plichtaregina.hu\/wp-content\/uploads\/2024\/03\/Cafe-plazs-weboldal-screenshot-768x3721.png 768w, https:\/\/plichtaregina.hu\/wp-content\/uploads\/2024\/03\/Cafe-plazs-weboldal-screenshot-317x1536.png 317w\" sizes=\"(max-width: 1300px) 100vw, 1300px\" \/>\t\t\t\t\t\t\t\t\t\t\t\t\t\t\t<\/div>\n\t\t\t\t<\/div>\n\t\t\t\t\t<\/div>\n\t\t<\/div>\n\t\t\t\t\t<\/div>\n\t\t<\/section>\n\t\t\t\t<\/div>\n\t\t","protected":false},"excerpt":{"rendered":"<p>Caf\u00e9 Pl\u00e1zs Weboldal B\u0151vebben a projektr\u0151l Var\u00e1zslatos \u00edzek a t\u00f3 partj\u00e1n &#8211; ez a Caf\u00e9 Pl\u00e1zs.\u2028Az \u00fajonnan ny\u00edl\u00f3 k\u00e1v\u00e9z\u00f3 \u00e9s<\/p>","protected":false},"author":1,"featured_media":0,"parent":0,"menu_order":0,"comment_status":"closed","ping_status":"closed","template":"","meta":{"_seopress_robots_primary_cat":"","_seopress_titles_title":"","_seopress_titles_desc":"","_seopress_robots_index":"","_crdt_document":"","footnotes":""},"class_list":["post-1011","page","type-page","status-publish","hentry"],"_links":{"self":[{"href":"https:\/\/plichtaregina.hu\/en\/wp-json\/wp\/v2\/pages\/1011","targetHints":{"allow":["GET"]}}],"collection":[{"href":"https:\/\/plichtaregina.hu\/en\/wp-json\/wp\/v2\/pages"}],"about":[{"href":"https:\/\/plichtaregina.hu\/en\/wp-json\/wp\/v2\/types\/page"}],"author":[{"embeddable":true,"href":"https:\/\/plichtaregina.hu\/en\/wp-json\/wp\/v2\/users\/1"}],"replies":[{"embeddable":true,"href":"https:\/\/plichtaregina.hu\/en\/wp-json\/wp\/v2\/comments?post=1011"}],"version-history":[{"count":4,"href":"https:\/\/plichtaregina.hu\/en\/wp-json\/wp\/v2\/pages\/1011\/revisions"}],"predecessor-version":[{"id":1253,"href":"https:\/\/plichtaregina.hu\/en\/wp-json\/wp\/v2\/pages\/1011\/revisions\/1253"}],"wp:attachment":[{"href":"https:\/\/plichtaregina.hu\/en\/wp-json\/wp\/v2\/media?parent=1011"}],"curies":[{"name":"wp","href":"https:\/\/api.w.org\/{rel}","templated":true}]}}