{"id":1059,"date":"2024-04-04T19:26:05","date_gmt":"2024-04-04T17:26:05","guid":{"rendered":"https:\/\/plichtaregina.hu\/?page_id=1059"},"modified":"2024-05-14T15:28:04","modified_gmt":"2024-05-14T13:28:04","slug":"lobakon-air","status":"publish","type":"page","link":"https:\/\/plichtaregina.hu\/en\/lobakon-air\/","title":{"rendered":"Lobakon Air"},"content":{"rendered":"\t\t<div data-elementor-type=\"wp-page\" data-elementor-id=\"1059\" class=\"elementor elementor-1059\" data-elementor-post-type=\"page\">\n\t\t\t\t\t\t<section class=\"wd-negative-gap elementor-section elementor-top-section elementor-element elementor-element-2cbff94a elementor-section-full_width elementor-section-stretched elementor-section-height-default elementor-section-height-default\" data-id=\"2cbff94a\" data-element_type=\"section\" data-e-type=\"section\" data-settings=\"{&quot;stretch_section&quot;:&quot;section-stretched&quot;}\">\n\t\t\t\t\t\t<div class=\"elementor-container elementor-column-gap-default\">\n\t\t\t\t\t<div class=\"elementor-column elementor-col-50 elementor-top-column elementor-element elementor-element-2c4d2309\" data-id=\"2c4d2309\" data-element_type=\"column\" data-e-type=\"column\">\n\t\t\t<div class=\"elementor-widget-wrap\">\n\t\t\t\t\t\t\t<\/div>\n\t\t<\/div>\n\t\t\t\t<div class=\"elementor-column elementor-col-50 elementor-top-column elementor-element elementor-element-422b7f0\" data-id=\"422b7f0\" data-element_type=\"column\" data-e-type=\"column\" data-settings=\"{&quot;background_background&quot;:&quot;classic&quot;}\">\n\t\t\t<div class=\"elementor-widget-wrap elementor-element-populated\">\n\t\t\t\t\t<div class=\"elementor-background-overlay\"><\/div>\n\t\t\t\t\t\t<div class=\"elementor-element elementor-element-5ddbd85 elementor-widget elementor-widget-image\" data-id=\"5ddbd85\" data-element_type=\"widget\" data-e-type=\"widget\" data-widget_type=\"image.default\">\n\t\t\t\t<div class=\"elementor-widget-container\">\n\t\t\t\t\t\t\t\t\t\t\t\t\t\t\t<img fetchpriority=\"high\" decoding=\"async\" width=\"3494\" height=\"800\" src=\"https:\/\/plichtaregina.hu\/wp-content\/themes\/woodmart\/images\/lazy.svg\" class=\"attachment-full size-full wp-image-1082 wd-lazy-fade\" alt=\"Lobakon Air log\u00f3\" srcset=\"\" sizes=\"(max-width: 3494px) 100vw, 3494px\" data-src=\"https:\/\/plichtaregina.hu\/wp-content\/uploads\/2024\/04\/Lobakon-logo-szines.png\" data-srcset=\"https:\/\/plichtaregina.hu\/wp-content\/uploads\/2024\/04\/Lobakon-logo-szines.png 3494w, https:\/\/plichtaregina.hu\/wp-content\/uploads\/2024\/04\/Lobakon-logo-szines-300x69.png 300w, https:\/\/plichtaregina.hu\/wp-content\/uploads\/2024\/04\/Lobakon-logo-szines-1024x234.png 1024w, https:\/\/plichtaregina.hu\/wp-content\/uploads\/2024\/04\/Lobakon-logo-szines-768x176.png 768w, https:\/\/plichtaregina.hu\/wp-content\/uploads\/2024\/04\/Lobakon-logo-szines-1536x352.png 1536w, https:\/\/plichtaregina.hu\/wp-content\/uploads\/2024\/04\/Lobakon-logo-szines-2048x469.png 2048w\" \/>\t\t\t\t\t\t\t\t\t\t\t\t\t\t\t<\/div>\n\t\t\t\t<\/div>\n\t\t\t\t\t<\/div>\n\t\t<\/div>\n\t\t\t\t\t<\/div>\n\t\t<\/section>\n\t\t\t\t<section class=\"wd-negative-gap elementor-section elementor-top-section elementor-element elementor-element-fa11077 elementor-section-boxed elementor-section-height-default elementor-section-height-default\" data-id=\"fa11077\" data-element_type=\"section\" data-e-type=\"section\">\n\t\t\t\t\t\t<div class=\"elementor-container elementor-column-gap-default\">\n\t\t\t\t\t<div class=\"elementor-column elementor-col-100 elementor-top-column elementor-element elementor-element-6cec301\" data-id=\"6cec301\" data-element_type=\"column\" data-e-type=\"column\">\n\t\t\t<div class=\"elementor-widget-wrap elementor-element-populated\">\n\t\t\t\t\t\t<div class=\"elementor-element elementor-element-da1d037 elementor-widget elementor-widget-heading\" data-id=\"da1d037\" data-element_type=\"widget\" data-e-type=\"widget\" data-settings=\"{&quot;motion_fx_motion_fx_scrolling&quot;:&quot;yes&quot;,&quot;motion_fx_blur_effect&quot;:&quot;yes&quot;,&quot;motion_fx_blur_direction&quot;:&quot;in-out&quot;,&quot;motion_fx_blur_level&quot;:{&quot;unit&quot;:&quot;px&quot;,&quot;size&quot;:10,&quot;sizes&quot;:[]},&quot;motion_fx_blur_range&quot;:{&quot;unit&quot;:&quot;%&quot;,&quot;size&quot;:&quot;&quot;,&quot;sizes&quot;:{&quot;start&quot;:63,&quot;end&quot;:100}},&quot;motion_fx_devices&quot;:[&quot;desktop&quot;,&quot;tablet&quot;,&quot;mobile&quot;]}\" data-widget_type=\"heading.default\">\n\t\t\t\t<div class=\"elementor-widget-container\">\n\t\t\t\t\t<h1 class=\"elementor-heading-title elementor-size-default\">Lobakon Air\nKisarculat<\/h1>\t\t\t\t<\/div>\n\t\t\t\t<\/div>\n\t\t\t\t\t<\/div>\n\t\t<\/div>\n\t\t\t\t\t<\/div>\n\t\t<\/section>\n\t\t\t\t<section class=\"wd-negative-gap elementor-section elementor-top-section elementor-element elementor-element-c858c7e elementor-section-boxed elementor-section-height-default elementor-section-height-default\" data-id=\"c858c7e\" data-element_type=\"section\" data-e-type=\"section\">\n\t\t\t\t\t\t<div class=\"elementor-container elementor-column-gap-default\">\n\t\t\t\t\t<div class=\"elementor-column elementor-col-50 elementor-top-column elementor-element elementor-element-d0d6723\" data-id=\"d0d6723\" data-element_type=\"column\" data-e-type=\"column\">\n\t\t\t<div class=\"elementor-widget-wrap elementor-element-populated\">\n\t\t\t\t\t\t<div class=\"elementor-element elementor-element-652118f elementor-widget elementor-widget-heading\" data-id=\"652118f\" data-element_type=\"widget\" data-e-type=\"widget\" data-widget_type=\"heading.default\">\n\t\t\t\t<div class=\"elementor-widget-container\">\n\t\t\t\t\t<h2 class=\"elementor-heading-title elementor-size-default\">B\u0151vebben a projektr\u0151l<\/h2>\t\t\t\t<\/div>\n\t\t\t\t<\/div>\n\t\t\t\t<div class=\"elementor-element elementor-element-af0eba3 color-scheme-inherit text-left elementor-widget elementor-widget-text-editor\" data-id=\"af0eba3\" data-element_type=\"widget\" data-e-type=\"widget\" data-widget_type=\"text-editor.default\">\n\t\t\t\t<div class=\"elementor-widget-container\">\n\t\t\t\t\t\t\t\t\t<p>A Lobakon Air egy \u00fajonnan l\u00e9trej\u00f6tt c\u00e9g, amely az ipari l\u00e9gtechnika ki\u00e9p\u00edt\u00e9s\u00e9vel, karbantart\u00e1s\u00e1val \u00e9s be\u00fczemel\u00e9s\u00e9vel foglalkozik.<\/p>\t\t\t\t\t\t\t\t<\/div>\n\t\t\t\t<\/div>\n\t\t\t\t<div class=\"elementor-element elementor-element-dcd0046 elementor-widget elementor-widget-heading\" data-id=\"dcd0046\" data-element_type=\"widget\" data-e-type=\"widget\" data-widget_type=\"heading.default\">\n\t\t\t\t<div class=\"elementor-widget-container\">\n\t\t\t\t\t<h2 class=\"elementor-heading-title elementor-size-default\">Az arculatban a f\u0151 c\u00e9lunk a l\u00e9giess\u00e9g, minimalizmus \u00e9s ipari szektor vizualit\u00e1s\u00e1ba simul\u00f3 design kialak\u00edt\u00e1sa volt.<\/h2>\t\t\t\t<\/div>\n\t\t\t\t<\/div>\n\t\t\t\t<div class=\"elementor-element elementor-element-8c67ac8 color-scheme-inherit text-left elementor-widget elementor-widget-text-editor\" data-id=\"8c67ac8\" data-element_type=\"widget\" data-e-type=\"widget\" data-widget_type=\"text-editor.default\">\n\t\t\t\t<div class=\"elementor-widget-container\">\n\t\t\t\t\t\t\t\t\t<p>A log\u00f3ban h\u00e1rom egyszer\u0171 form\u00e1t tal\u00e1lunk, melyek egys\u00e9ge propellerre eml\u00e9keztet, azonban a sz\u00ednekkel kihangs\u00falyozzuk a szolg\u00e1ltat\u00e1s teljesk\u00f6r\u0171s\u00e9g\u00e9t \u00e9s h\u00e1rom f\u0151 f\u00e1zis\u00e1t: a tervez\u00e9st, kivitelez\u00e9st \u00e9s karbantart\u00e1st.<\/p><p>A kisarculat f\u0151 eleme a log\u00f3 volt, a vizu\u00e1lis egys\u00e9g megalkot\u00e1s\u00e1hoz pedig elk\u00e9sz\u00fcltek a sz\u00fcks\u00e9ges \u00e9s gyakran felhaszn\u00e1lt print anyagok is: a n\u00e9vjegyk\u00e1rtya \u00e9s dokumentumok designja.<br \/><br \/>Ezen t\u00fal az online megjelen\u00e9st is fontosnak \u00edt\u00e9lt\u00fck a konzisztens megjelen\u00e9shez &#8211; ez\u00e9rt poszt k\u00e9p sablonok, \u00e9s bor\u00edt\u00f3k\u00e9p sablon is k\u00e9sz\u00fclt, melyet az \u00fcgyf\u00e9l m\u00f3dos\u00edthat \u00e9s \u00fajra felhaszn\u00e1ljat ig\u00e9nyei szerint.<\/p>\t\t\t\t\t\t\t\t<\/div>\n\t\t\t\t<\/div>\n\t\t\t\t\t<\/div>\n\t\t<\/div>\n\t\t\t\t<div class=\"elementor-column elementor-col-50 elementor-top-column elementor-element elementor-element-291db58\" data-id=\"291db58\" data-element_type=\"column\" data-e-type=\"column\">\n\t\t\t<div class=\"elementor-widget-wrap elementor-element-populated\">\n\t\t\t\t\t\t<div class=\"elementor-element elementor-element-5074cde elementor-widget elementor-widget-image\" data-id=\"5074cde\" data-element_type=\"widget\" data-e-type=\"widget\" data-widget_type=\"image.default\">\n\t\t\t\t<div class=\"elementor-widget-container\">\n\t\t\t\t\t\t\t\t\t\t\t\t\t\t\t<img fetchpriority=\"high\" decoding=\"async\" width=\"3494\" height=\"800\" src=\"https:\/\/plichtaregina.hu\/wp-content\/themes\/woodmart\/images\/lazy.svg\" class=\"attachment-full size-full wp-image-1082 wd-lazy-fade\" alt=\"Lobakon Air log\u00f3\" srcset=\"\" sizes=\"(max-width: 3494px) 100vw, 3494px\" data-src=\"https:\/\/plichtaregina.hu\/wp-content\/uploads\/2024\/04\/Lobakon-logo-szines.png\" data-srcset=\"https:\/\/plichtaregina.hu\/wp-content\/uploads\/2024\/04\/Lobakon-logo-szines.png 3494w, https:\/\/plichtaregina.hu\/wp-content\/uploads\/2024\/04\/Lobakon-logo-szines-300x69.png 300w, https:\/\/plichtaregina.hu\/wp-content\/uploads\/2024\/04\/Lobakon-logo-szines-1024x234.png 1024w, https:\/\/plichtaregina.hu\/wp-content\/uploads\/2024\/04\/Lobakon-logo-szines-768x176.png 768w, https:\/\/plichtaregina.hu\/wp-content\/uploads\/2024\/04\/Lobakon-logo-szines-1536x352.png 1536w, https:\/\/plichtaregina.hu\/wp-content\/uploads\/2024\/04\/Lobakon-logo-szines-2048x469.png 2048w\" \/>\t\t\t\t\t\t\t\t\t\t\t\t\t\t\t<\/div>\n\t\t\t\t<\/div>\n\t\t\t\t<div class=\"elementor-element elementor-element-c1d9837 elementor-widget elementor-widget-image\" data-id=\"c1d9837\" data-element_type=\"widget\" data-e-type=\"widget\" data-widget_type=\"image.default\">\n\t\t\t\t<div class=\"elementor-widget-container\">\n\t\t\t\t\t\t\t\t\t\t\t\t\t\t\t<img decoding=\"async\" width=\"547\" height=\"494\" src=\"https:\/\/plichtaregina.hu\/wp-content\/themes\/woodmart\/images\/lazy.svg\" class=\"attachment-full size-full wp-image-1084 wd-lazy-fade\" alt=\"Arculat sz\u00ednei \u00e9s bet\u0171t\u00edpusai\" srcset=\"\" sizes=\"(max-width: 547px) 100vw, 547px\" data-src=\"https:\/\/plichtaregina.hu\/wp-content\/uploads\/2024\/04\/szinek_lobakon.png\" data-srcset=\"https:\/\/plichtaregina.hu\/wp-content\/uploads\/2024\/04\/szinek_lobakon.png 547w, https:\/\/plichtaregina.hu\/wp-content\/uploads\/2024\/04\/szinek_lobakon-300x271.png 300w\" \/>\t\t\t\t\t\t\t\t\t\t\t\t\t\t\t<\/div>\n\t\t\t\t<\/div>\n\t\t\t\t<div class=\"elementor-element elementor-element-bb6570c elementor-hidden-desktop elementor-widget elementor-widget-image\" data-id=\"bb6570c\" data-element_type=\"widget\" data-e-type=\"widget\" data-widget_type=\"image.default\">\n\t\t\t\t<div class=\"elementor-widget-container\">\n\t\t\t\t\t\t\t\t\t\t\t\t\t\t\t<img decoding=\"async\" width=\"1108\" height=\"830\" src=\"https:\/\/plichtaregina.hu\/wp-content\/themes\/woodmart\/images\/lazy.svg\" class=\"attachment-full size-full wp-image-1089 wd-lazy-fade\" alt=\"Arculat l\u00e1tv\u00e1nyterv - log\u00f3 p\u00f3l\u00f3ba h\u00edmezve\" srcset=\"\" sizes=\"(max-width: 1108px) 100vw, 1108px\" data-src=\"https:\/\/plichtaregina.hu\/wp-content\/uploads\/2024\/05\/lobakon-logo-mockup-prez.png\" data-srcset=\"https:\/\/plichtaregina.hu\/wp-content\/uploads\/2024\/05\/lobakon-logo-mockup-prez.png 1108w, https:\/\/plichtaregina.hu\/wp-content\/uploads\/2024\/05\/lobakon-logo-mockup-prez-300x225.png 300w, https:\/\/plichtaregina.hu\/wp-content\/uploads\/2024\/05\/lobakon-logo-mockup-prez-1024x767.png 1024w, https:\/\/plichtaregina.hu\/wp-content\/uploads\/2024\/05\/lobakon-logo-mockup-prez-768x575.png 768w\" \/>\t\t\t\t\t\t\t\t\t\t\t\t\t\t\t<\/div>\n\t\t\t\t<\/div>\n\t\t\t\t<div class=\"elementor-element elementor-element-49708b5 elementor-hidden-desktop elementor-widget elementor-widget-image\" data-id=\"49708b5\" data-element_type=\"widget\" data-e-type=\"widget\" data-widget_type=\"image.default\">\n\t\t\t\t<div class=\"elementor-widget-container\">\n\t\t\t\t\t\t\t\t\t\t\t\t\t\t\t<img loading=\"lazy\" decoding=\"async\" width=\"1244\" height=\"828\" src=\"https:\/\/plichtaregina.hu\/wp-content\/themes\/woodmart\/images\/lazy.svg\" class=\"attachment-full size-full wp-image-1091 wd-lazy-fade\" alt=\"N\u00e9vjegyk\u00e1rtya design l\u00e1tv\u00e1nyterv - f\u00e9m fel\u00fcleten elhelyezett n\u00e9vjegyk\u00e1rty\u00e1k\" srcset=\"\" sizes=\"(max-width: 1244px) 100vw, 1244px\" data-src=\"https:\/\/plichtaregina.hu\/wp-content\/uploads\/2024\/05\/lobakon-logo-mockup-prez-2.png\" data-srcset=\"https:\/\/plichtaregina.hu\/wp-content\/uploads\/2024\/05\/lobakon-logo-mockup-prez-2.png 1244w, https:\/\/plichtaregina.hu\/wp-content\/uploads\/2024\/05\/lobakon-logo-mockup-prez-2-300x200.png 300w, https:\/\/plichtaregina.hu\/wp-content\/uploads\/2024\/05\/lobakon-logo-mockup-prez-2-1024x682.png 1024w, https:\/\/plichtaregina.hu\/wp-content\/uploads\/2024\/05\/lobakon-logo-mockup-prez-2-768x511.png 768w\" \/>\t\t\t\t\t\t\t\t\t\t\t\t\t\t\t<\/div>\n\t\t\t\t<\/div>\n\t\t\t\t<div class=\"elementor-element elementor-element-9a62ded elementor-hidden-desktop elementor-widget elementor-widget-image\" data-id=\"9a62ded\" data-element_type=\"widget\" data-e-type=\"widget\" data-widget_type=\"image.default\">\n\t\t\t\t<div class=\"elementor-widget-container\">\n\t\t\t\t\t\t\t\t\t\t\t\t\t\t\t<img loading=\"lazy\" decoding=\"async\" width=\"1108\" height=\"738\" src=\"https:\/\/plichtaregina.hu\/wp-content\/themes\/woodmart\/images\/lazy.svg\" class=\"attachment-full size-full wp-image-1092 wd-lazy-fade\" alt=\"Arculatterv design elemek - \u00e1raj\u00e1nlat \u00e9s teljes\u00edt\u00e9si igazol\u00e1s l\u00e1tv\u00e1nyterv\" srcset=\"\" sizes=\"(max-width: 1108px) 100vw, 1108px\" data-src=\"https:\/\/plichtaregina.hu\/wp-content\/uploads\/2024\/05\/lobakon-logo-mockup-prez-3.png\" data-srcset=\"https:\/\/plichtaregina.hu\/wp-content\/uploads\/2024\/05\/lobakon-logo-mockup-prez-3.png 1108w, https:\/\/plichtaregina.hu\/wp-content\/uploads\/2024\/05\/lobakon-logo-mockup-prez-3-300x200.png 300w, https:\/\/plichtaregina.hu\/wp-content\/uploads\/2024\/05\/lobakon-logo-mockup-prez-3-1024x682.png 1024w, https:\/\/plichtaregina.hu\/wp-content\/uploads\/2024\/05\/lobakon-logo-mockup-prez-3-768x512.png 768w\" \/>\t\t\t\t\t\t\t\t\t\t\t\t\t\t\t<\/div>\n\t\t\t\t<\/div>\n\t\t\t\t<div class=\"elementor-element elementor-element-f0b62b3 elementor-hidden-desktop elementor-widget elementor-widget-image\" data-id=\"f0b62b3\" data-element_type=\"widget\" data-e-type=\"widget\" data-widget_type=\"image.default\">\n\t\t\t\t<div class=\"elementor-widget-container\">\n\t\t\t\t\t\t\t\t\t\t\t\t\t\t\t<img loading=\"lazy\" decoding=\"async\" width=\"441\" height=\"366\" src=\"https:\/\/plichtaregina.hu\/wp-content\/themes\/woodmart\/images\/lazy.svg\" class=\"attachment-full size-full wp-image-1090 wd-lazy-fade\" alt=\"\" srcset=\"\" sizes=\"(max-width: 441px) 100vw, 441px\" data-src=\"https:\/\/plichtaregina.hu\/wp-content\/uploads\/2024\/05\/lobakon-logo-prez.png\" data-srcset=\"https:\/\/plichtaregina.hu\/wp-content\/uploads\/2024\/05\/lobakon-logo-prez.png 441w, https:\/\/plichtaregina.hu\/wp-content\/uploads\/2024\/05\/lobakon-logo-prez-300x249.png 300w\" \/>\t\t\t\t\t\t\t\t\t\t\t\t\t\t\t<\/div>\n\t\t\t\t<\/div>\n\t\t\t\t\t<\/div>\n\t\t<\/div>\n\t\t\t\t\t<\/div>\n\t\t<\/section>\n\t\t\t\t<section class=\"wd-negative-gap elementor-section elementor-top-section elementor-element elementor-element-62a59eae elementor-section-full_width elementor-section-content-middle elementor-hidden-tablet elementor-hidden-mobile elementor-section-height-default elementor-section-height-default\" data-id=\"62a59eae\" data-element_type=\"section\" data-e-type=\"section\">\n\t\t\t\t\t\t<div class=\"elementor-container elementor-column-gap-default\">\n\t\t\t\t\t<div class=\"elementor-column elementor-col-33 elementor-top-column elementor-element elementor-element-190b6e9a\" data-id=\"190b6e9a\" data-element_type=\"column\" data-e-type=\"column\">\n\t\t\t<div class=\"elementor-widget-wrap elementor-element-populated\">\n\t\t\t\t\t\t<div class=\"elementor-element elementor-element-03f662f elementor-widget elementor-widget-image\" data-id=\"03f662f\" data-element_type=\"widget\" data-e-type=\"widget\" data-settings=\"{&quot;motion_fx_motion_fx_scrolling&quot;:&quot;yes&quot;,&quot;motion_fx_blur_effect&quot;:&quot;yes&quot;,&quot;motion_fx_blur_direction&quot;:&quot;out-in-out&quot;,&quot;motion_fx_blur_level&quot;:{&quot;unit&quot;:&quot;px&quot;,&quot;size&quot;:10,&quot;sizes&quot;:[]},&quot;motion_fx_blur_range&quot;:{&quot;unit&quot;:&quot;%&quot;,&quot;size&quot;:&quot;&quot;,&quot;sizes&quot;:{&quot;start&quot;:30,&quot;end&quot;:70}},&quot;motion_fx_devices&quot;:[&quot;desktop&quot;,&quot;tablet&quot;,&quot;mobile&quot;]}\" data-widget_type=\"image.default\">\n\t\t\t\t<div class=\"elementor-widget-container\">\n\t\t\t\t\t\t\t\t\t\t\t\t\t\t\t<img loading=\"lazy\" decoding=\"async\" width=\"1244\" height=\"828\" src=\"https:\/\/plichtaregina.hu\/wp-content\/themes\/woodmart\/images\/lazy.svg\" class=\"attachment-full size-full wp-image-1091 wd-lazy-fade\" alt=\"N\u00e9vjegyk\u00e1rtya design l\u00e1tv\u00e1nyterv - f\u00e9m fel\u00fcleten elhelyezett n\u00e9vjegyk\u00e1rty\u00e1k\" srcset=\"\" sizes=\"(max-width: 1244px) 100vw, 1244px\" data-src=\"https:\/\/plichtaregina.hu\/wp-content\/uploads\/2024\/05\/lobakon-logo-mockup-prez-2.png\" data-srcset=\"https:\/\/plichtaregina.hu\/wp-content\/uploads\/2024\/05\/lobakon-logo-mockup-prez-2.png 1244w, https:\/\/plichtaregina.hu\/wp-content\/uploads\/2024\/05\/lobakon-logo-mockup-prez-2-300x200.png 300w, https:\/\/plichtaregina.hu\/wp-content\/uploads\/2024\/05\/lobakon-logo-mockup-prez-2-1024x682.png 1024w, https:\/\/plichtaregina.hu\/wp-content\/uploads\/2024\/05\/lobakon-logo-mockup-prez-2-768x511.png 768w\" \/>\t\t\t\t\t\t\t\t\t\t\t\t\t\t\t<\/div>\n\t\t\t\t<\/div>\n\t\t\t\t\t<\/div>\n\t\t<\/div>\n\t\t\t\t<div class=\"elementor-column elementor-col-33 elementor-top-column elementor-element elementor-element-60b5e6c\" data-id=\"60b5e6c\" data-element_type=\"column\" data-e-type=\"column\">\n\t\t\t<div class=\"elementor-widget-wrap elementor-element-populated\">\n\t\t\t\t\t\t<div class=\"elementor-element elementor-element-d4fe1cb elementor-widget elementor-widget-image\" data-id=\"d4fe1cb\" data-element_type=\"widget\" data-e-type=\"widget\" data-widget_type=\"image.default\">\n\t\t\t\t<div class=\"elementor-widget-container\">\n\t\t\t\t\t\t\t\t\t\t\t\t\t\t\t<img decoding=\"async\" width=\"1108\" height=\"830\" src=\"https:\/\/plichtaregina.hu\/wp-content\/themes\/woodmart\/images\/lazy.svg\" class=\"attachment-full size-full wp-image-1089 wd-lazy-fade\" alt=\"Arculat l\u00e1tv\u00e1nyterv - log\u00f3 p\u00f3l\u00f3ba h\u00edmezve\" srcset=\"\" sizes=\"(max-width: 1108px) 100vw, 1108px\" data-src=\"https:\/\/plichtaregina.hu\/wp-content\/uploads\/2024\/05\/lobakon-logo-mockup-prez.png\" data-srcset=\"https:\/\/plichtaregina.hu\/wp-content\/uploads\/2024\/05\/lobakon-logo-mockup-prez.png 1108w, https:\/\/plichtaregina.hu\/wp-content\/uploads\/2024\/05\/lobakon-logo-mockup-prez-300x225.png 300w, https:\/\/plichtaregina.hu\/wp-content\/uploads\/2024\/05\/lobakon-logo-mockup-prez-1024x767.png 1024w, https:\/\/plichtaregina.hu\/wp-content\/uploads\/2024\/05\/lobakon-logo-mockup-prez-768x575.png 768w\" \/>\t\t\t\t\t\t\t\t\t\t\t\t\t\t\t<\/div>\n\t\t\t\t<\/div>\n\t\t\t\t<div class=\"elementor-element elementor-element-7332909 elementor-widget elementor-widget-image\" data-id=\"7332909\" data-element_type=\"widget\" data-e-type=\"widget\" data-widget_type=\"image.default\">\n\t\t\t\t<div class=\"elementor-widget-container\">\n\t\t\t\t\t\t\t\t\t\t\t\t\t\t\t<img loading=\"lazy\" decoding=\"async\" width=\"1024\" height=\"682\" src=\"https:\/\/plichtaregina.hu\/wp-content\/themes\/woodmart\/images\/lazy.svg\" class=\"attachment-large size-large wp-image-1092 wd-lazy-fade\" alt=\"Arculatterv design elemek - \u00e1raj\u00e1nlat \u00e9s teljes\u00edt\u00e9si igazol\u00e1s l\u00e1tv\u00e1nyterv\" srcset=\"\" sizes=\"(max-width: 1024px) 100vw, 1024px\" data-src=\"https:\/\/plichtaregina.hu\/wp-content\/uploads\/2024\/05\/lobakon-logo-mockup-prez-3-1024x682.png\" data-srcset=\"https:\/\/plichtaregina.hu\/wp-content\/uploads\/2024\/05\/lobakon-logo-mockup-prez-3-1024x682.png 1024w, https:\/\/plichtaregina.hu\/wp-content\/uploads\/2024\/05\/lobakon-logo-mockup-prez-3-300x200.png 300w, https:\/\/plichtaregina.hu\/wp-content\/uploads\/2024\/05\/lobakon-logo-mockup-prez-3-768x512.png 768w, https:\/\/plichtaregina.hu\/wp-content\/uploads\/2024\/05\/lobakon-logo-mockup-prez-3.png 1108w\" \/>\t\t\t\t\t\t\t\t\t\t\t\t\t\t\t<\/div>\n\t\t\t\t<\/div>\n\t\t\t\t\t<\/div>\n\t\t<\/div>\n\t\t\t\t<div class=\"elementor-column elementor-col-33 elementor-top-column elementor-element elementor-element-f638a2c\" data-id=\"f638a2c\" data-element_type=\"column\" data-e-type=\"column\">\n\t\t\t<div class=\"elementor-widget-wrap elementor-element-populated\">\n\t\t\t\t\t\t<div class=\"elementor-element elementor-element-bf9adbc elementor-widget elementor-widget-image\" data-id=\"bf9adbc\" data-element_type=\"widget\" data-e-type=\"widget\" data-widget_type=\"image.default\">\n\t\t\t\t<div class=\"elementor-widget-container\">\n\t\t\t\t\t\t\t\t\t\t\t\t\t\t\t<img loading=\"lazy\" decoding=\"async\" width=\"441\" height=\"366\" src=\"https:\/\/plichtaregina.hu\/wp-content\/themes\/woodmart\/images\/lazy.svg\" class=\"attachment-full size-full wp-image-1090 wd-lazy-fade\" alt=\"\" srcset=\"\" sizes=\"(max-width: 441px) 100vw, 441px\" data-src=\"https:\/\/plichtaregina.hu\/wp-content\/uploads\/2024\/05\/lobakon-logo-prez.png\" data-srcset=\"https:\/\/plichtaregina.hu\/wp-content\/uploads\/2024\/05\/lobakon-logo-prez.png 441w, https:\/\/plichtaregina.hu\/wp-content\/uploads\/2024\/05\/lobakon-logo-prez-300x249.png 300w\" \/>\t\t\t\t\t\t\t\t\t\t\t\t\t\t\t<\/div>\n\t\t\t\t<\/div>\n\t\t\t\t\t<\/div>\n\t\t<\/div>\n\t\t\t\t\t<\/div>\n\t\t<\/section>\n\t\t\t\t<section class=\"wd-negative-gap elementor-section elementor-top-section elementor-element elementor-element-dee0f52 elementor-section-full_width elementor-section-content-middle elementor-section-stretched elementor-section-height-default elementor-section-height-default\" data-id=\"dee0f52\" data-element_type=\"section\" data-e-type=\"section\" data-settings=\"{&quot;stretch_section&quot;:&quot;section-stretched&quot;}\">\n\t\t\t\t\t\t<div class=\"elementor-container elementor-column-gap-default\">\n\t\t\t\t\t<div class=\"elementor-column elementor-col-100 elementor-top-column elementor-element elementor-element-e21ebbb\" data-id=\"e21ebbb\" data-element_type=\"column\" data-e-type=\"column\">\n\t\t\t<div class=\"elementor-widget-wrap elementor-element-populated\">\n\t\t\t\t\t\t<div class=\"elementor-element elementor-element-ec07b2a elementor-widget elementor-widget-image\" data-id=\"ec07b2a\" data-element_type=\"widget\" data-e-type=\"widget\" data-widget_type=\"image.default\">\n\t\t\t\t<div class=\"elementor-widget-container\">\n\t\t\t\t\t\t\t\t\t\t\t\t\t\t\t<img loading=\"lazy\" decoding=\"async\" width=\"1857\" height=\"969\" src=\"https:\/\/plichtaregina.hu\/wp-content\/themes\/woodmart\/images\/lazy.svg\" class=\"attachment-full size-full wp-image-1093 wd-lazy-fade\" alt=\"\" srcset=\"\" sizes=\"(max-width: 1857px) 100vw, 1857px\" data-src=\"https:\/\/plichtaregina.hu\/wp-content\/uploads\/2024\/05\/lobakon-logo-mockup-prez-4.png\" data-srcset=\"https:\/\/plichtaregina.hu\/wp-content\/uploads\/2024\/05\/lobakon-logo-mockup-prez-4.png 1857w, https:\/\/plichtaregina.hu\/wp-content\/uploads\/2024\/05\/lobakon-logo-mockup-prez-4-300x157.png 300w, https:\/\/plichtaregina.hu\/wp-content\/uploads\/2024\/05\/lobakon-logo-mockup-prez-4-1024x534.png 1024w, https:\/\/plichtaregina.hu\/wp-content\/uploads\/2024\/05\/lobakon-logo-mockup-prez-4-768x401.png 768w, https:\/\/plichtaregina.hu\/wp-content\/uploads\/2024\/05\/lobakon-logo-mockup-prez-4-1536x801.png 1536w\" \/>\t\t\t\t\t\t\t\t\t\t\t\t\t\t\t<\/div>\n\t\t\t\t<\/div>\n\t\t\t\t\t<\/div>\n\t\t<\/div>\n\t\t\t\t\t<\/div>\n\t\t<\/section>\n\t\t\t\t<\/div>\n\t\t","protected":false},"excerpt":{"rendered":"<p>Lobakon Air Kisarculat B\u0151vebben a projektr\u0151l A Lobakon Air egy \u00fajonnan l\u00e9trej\u00f6tt c\u00e9g, amely az ipari l\u00e9gtechnika ki\u00e9p\u00edt\u00e9s\u00e9vel, karbantart\u00e1s\u00e1val \u00e9s<\/p>","protected":false},"author":1,"featured_media":0,"parent":0,"menu_order":0,"comment_status":"closed","ping_status":"closed","template":"","meta":{"_seopress_robots_primary_cat":"","_seopress_titles_title":"Ipari l\u00e9gtecnikai v\u00e1llalkoz\u00e1s arculattervez\u00e9s | Lobakon Air","_seopress_titles_desc":"Ezen arculat c\u00e9lja a l\u00e9giess\u00e9g \u00e9s minimalizmus \u00f6tv\u00f6z\u00e9se \u00fagy, hogy az belesimuljon az ipari szektor vizu\u00e1lis k\u00e9p\u00e9be.","_seopress_robots_index":"","_crdt_document":"","footnotes":""},"class_list":["post-1059","page","type-page","status-publish","hentry"],"_links":{"self":[{"href":"https:\/\/plichtaregina.hu\/en\/wp-json\/wp\/v2\/pages\/1059","targetHints":{"allow":["GET"]}}],"collection":[{"href":"https:\/\/plichtaregina.hu\/en\/wp-json\/wp\/v2\/pages"}],"about":[{"href":"https:\/\/plichtaregina.hu\/en\/wp-json\/wp\/v2\/types\/page"}],"author":[{"embeddable":true,"href":"https:\/\/plichtaregina.hu\/en\/wp-json\/wp\/v2\/users\/1"}],"replies":[{"embeddable":true,"href":"https:\/\/plichtaregina.hu\/en\/wp-json\/wp\/v2\/comments?post=1059"}],"version-history":[{"count":9,"href":"https:\/\/plichtaregina.hu\/en\/wp-json\/wp\/v2\/pages\/1059\/revisions"}],"predecessor-version":[{"id":1101,"href":"https:\/\/plichtaregina.hu\/en\/wp-json\/wp\/v2\/pages\/1059\/revisions\/1101"}],"wp:attachment":[{"href":"https:\/\/plichtaregina.hu\/en\/wp-json\/wp\/v2\/media?parent=1059"}],"curies":[{"name":"wp","href":"https:\/\/api.w.org\/{rel}","templated":true}]}}