{"id":1106,"date":"2024-05-04T19:39:11","date_gmt":"2024-05-04T17:39:11","guid":{"rendered":"https:\/\/plichtaregina.hu\/?page_id=1106"},"modified":"2024-05-14T15:28:06","modified_gmt":"2024-05-14T13:28:06","slug":"sweet-moments-by-irena-logoterv","status":"publish","type":"page","link":"https:\/\/plichtaregina.hu\/en\/sweet-moments-by-irena-logoterv\/","title":{"rendered":"Sweet Moments by Irena &#8211; Log\u00f3terv"},"content":{"rendered":"\t\t<div data-elementor-type=\"wp-page\" data-elementor-id=\"1106\" class=\"elementor elementor-1106\" data-elementor-post-type=\"page\">\n\t\t\t\t\t\t<section class=\"wd-negative-gap elementor-section elementor-top-section elementor-element elementor-element-2cbff94a elementor-section-full_width elementor-section-stretched elementor-section-height-default elementor-section-height-default\" data-id=\"2cbff94a\" data-element_type=\"section\" data-e-type=\"section\" data-settings=\"{&quot;stretch_section&quot;:&quot;section-stretched&quot;}\">\n\t\t\t\t\t\t<div class=\"elementor-container elementor-column-gap-default\">\n\t\t\t\t\t<div class=\"elementor-column elementor-col-50 elementor-top-column elementor-element elementor-element-2c4d2309\" data-id=\"2c4d2309\" data-element_type=\"column\" data-e-type=\"column\">\n\t\t\t<div class=\"elementor-widget-wrap\">\n\t\t\t\t\t\t\t<\/div>\n\t\t<\/div>\n\t\t\t\t<div class=\"elementor-column elementor-col-50 elementor-top-column elementor-element elementor-element-422b7f0\" data-id=\"422b7f0\" data-element_type=\"column\" data-e-type=\"column\" data-settings=\"{&quot;background_background&quot;:&quot;classic&quot;}\">\n\t\t\t<div class=\"elementor-widget-wrap elementor-element-populated\">\n\t\t\t\t\t<div class=\"elementor-background-overlay\"><\/div>\n\t\t\t\t\t\t<div class=\"elementor-element elementor-element-5ddbd85 elementor-widget elementor-widget-image\" data-id=\"5ddbd85\" data-element_type=\"widget\" data-e-type=\"widget\" data-widget_type=\"image.default\">\n\t\t\t\t<div class=\"elementor-widget-container\">\n\t\t\t\t\t\t\t\t\t\t\t\t\t\t\t<img fetchpriority=\"high\" decoding=\"async\" width=\"1493\" height=\"927\" src=\"https:\/\/plichtaregina.hu\/wp-content\/themes\/woodmart\/images\/lazy.svg\" class=\"attachment-full size-full wp-image-1109 wd-lazy-fade\" alt=\"\" srcset=\"\" sizes=\"(max-width: 1493px) 100vw, 1493px\" data-src=\"https:\/\/plichtaregina.hu\/wp-content\/uploads\/2024\/05\/Sweet_moments_logo_original.png\" data-srcset=\"https:\/\/plichtaregina.hu\/wp-content\/uploads\/2024\/05\/Sweet_moments_logo_original.png 1493w, https:\/\/plichtaregina.hu\/wp-content\/uploads\/2024\/05\/Sweet_moments_logo_original-300x186.png 300w, https:\/\/plichtaregina.hu\/wp-content\/uploads\/2024\/05\/Sweet_moments_logo_original-1024x636.png 1024w, https:\/\/plichtaregina.hu\/wp-content\/uploads\/2024\/05\/Sweet_moments_logo_original-768x477.png 768w\" \/>\t\t\t\t\t\t\t\t\t\t\t\t\t\t\t<\/div>\n\t\t\t\t<\/div>\n\t\t\t\t\t<\/div>\n\t\t<\/div>\n\t\t\t\t\t<\/div>\n\t\t<\/section>\n\t\t\t\t<section class=\"wd-negative-gap elementor-section elementor-top-section elementor-element elementor-element-fa11077 elementor-section-boxed elementor-section-height-default elementor-section-height-default\" data-id=\"fa11077\" data-element_type=\"section\" data-e-type=\"section\">\n\t\t\t\t\t\t<div class=\"elementor-container elementor-column-gap-default\">\n\t\t\t\t\t<div class=\"elementor-column elementor-col-100 elementor-top-column elementor-element elementor-element-6cec301\" data-id=\"6cec301\" data-element_type=\"column\" data-e-type=\"column\">\n\t\t\t<div class=\"elementor-widget-wrap elementor-element-populated\">\n\t\t\t\t\t\t<div class=\"elementor-element elementor-element-da1d037 elementor-widget elementor-widget-heading\" data-id=\"da1d037\" data-element_type=\"widget\" data-e-type=\"widget\" data-settings=\"{&quot;motion_fx_motion_fx_scrolling&quot;:&quot;yes&quot;,&quot;motion_fx_blur_effect&quot;:&quot;yes&quot;,&quot;motion_fx_blur_direction&quot;:&quot;in-out&quot;,&quot;motion_fx_blur_level&quot;:{&quot;unit&quot;:&quot;px&quot;,&quot;size&quot;:10,&quot;sizes&quot;:[]},&quot;motion_fx_blur_range&quot;:{&quot;unit&quot;:&quot;%&quot;,&quot;size&quot;:&quot;&quot;,&quot;sizes&quot;:{&quot;start&quot;:63,&quot;end&quot;:100}},&quot;motion_fx_devices&quot;:[&quot;desktop&quot;,&quot;tablet&quot;,&quot;mobile&quot;]}\" data-widget_type=\"heading.default\">\n\t\t\t\t<div class=\"elementor-widget-container\">\n\t\t\t\t\t<h2 class=\"elementor-heading-title elementor-size-default\">Sweet Moments\nby Irena - \nLog\u00f3terv<\/h2>\t\t\t\t<\/div>\n\t\t\t\t<\/div>\n\t\t\t\t\t<\/div>\n\t\t<\/div>\n\t\t\t\t\t<\/div>\n\t\t<\/section>\n\t\t\t\t<section class=\"wd-negative-gap elementor-section elementor-top-section elementor-element elementor-element-c858c7e elementor-section-boxed elementor-section-height-default elementor-section-height-default\" data-id=\"c858c7e\" data-element_type=\"section\" data-e-type=\"section\">\n\t\t\t\t\t\t<div class=\"elementor-container elementor-column-gap-default\">\n\t\t\t\t\t<div class=\"elementor-column elementor-col-50 elementor-top-column elementor-element elementor-element-d0d6723\" data-id=\"d0d6723\" data-element_type=\"column\" data-e-type=\"column\">\n\t\t\t<div class=\"elementor-widget-wrap elementor-element-populated\">\n\t\t\t\t\t\t<div class=\"elementor-element elementor-element-652118f elementor-widget elementor-widget-heading\" data-id=\"652118f\" data-element_type=\"widget\" data-e-type=\"widget\" data-widget_type=\"heading.default\">\n\t\t\t\t<div class=\"elementor-widget-container\">\n\t\t\t\t\t<h2 class=\"elementor-heading-title elementor-size-default\">B\u0151vebben a projektr\u0151l<\/h2>\t\t\t\t<\/div>\n\t\t\t\t<\/div>\n\t\t\t\t<div class=\"elementor-element elementor-element-af0eba3 color-scheme-inherit text-left elementor-widget elementor-widget-text-editor\" data-id=\"af0eba3\" data-element_type=\"widget\" data-e-type=\"widget\" data-widget_type=\"text-editor.default\">\n\t\t\t\t<div class=\"elementor-widget-container\">\n\t\t\t\t\t\t\t\t\t<p>Irena egy igazi \u00ednyenc cukr\u00e1sz: k\u00e9zzel k\u00e9sz\u00edtett bonbonok, pillecukrok \u00e9s t\u00e1bl\u00e1s csokol\u00e1d\u00e9k \u00fagy sz\u00fcletnek a keze alatt, mintha var\u00e1zsolna. \u00dagy d\u00f6nt\u00f6tt, bemutatja a retro cukr\u00e1szdai k\u00edn\u00e1lat\u00e1t is hasonl\u00f3an egyedi megold\u00e1saival \u00fajonnan ny\u00edl\u00f3 desszerth\u00e1z\u00e1ban.<\/p>\t\t\t\t\t\t\t\t<\/div>\n\t\t\t\t<\/div>\n\t\t\t\t<div class=\"elementor-element elementor-element-60dcc75 elementor-widget elementor-widget-wd_text_block\" data-id=\"60dcc75\" data-element_type=\"widget\" data-e-type=\"widget\" data-widget_type=\"wd_text_block.default\">\n\t\t\t\t<div class=\"elementor-widget-container\">\n\t\t\t\t\t\t\t<div class=\"wd-text-block reset-last-child text-left\">\n\t\t\t\n\t\t\t<p>A log\u00f3 eleganci\u00e1ja \u00e9rz\u00e9kelteti a desszertek k\u00fcl\u00f6nlegess\u00e9g\u00e9t, a k\u00e9zzel \u00edrott bet\u0171k azonban bens\u0151s\u00e9ges hangulatot keltenek.<\/p>\n\t\t\t\t\t<\/div>\n\t\t\t\t\t\t<\/div>\n\t\t\t\t<\/div>\n\t\t\t\t<div class=\"elementor-element elementor-element-8c67ac8 color-scheme-inherit text-left elementor-widget elementor-widget-text-editor\" data-id=\"8c67ac8\" data-element_type=\"widget\" data-e-type=\"widget\" data-widget_type=\"text-editor.default\">\n\t\t\t\t<div class=\"elementor-widget-container\">\n\t\t\t\t\t\t\t\t\t<p>A pillang\u00f3 a k\u00f6nnyeds\u00e9g \u00e9s j\u00e1t\u00e9koss\u00e1g szimb\u00f3luma is egyben: hiszen a klasszikus receptek \u00fajragondol\u00e1sa is ilyen m\u00f3don t\u00f6rt\u00e9nik a cukr\u00e1szd\u00e1ban.<\/p><p>Irena K\u00e1rp\u00e1talja saj\u00e1toss\u00e1gait is \u00fcgyesen csemp\u00e9szi s\u00fctem\u00e9nyeibe &#8211; \u00edgy teh\u00e1t a log\u00f3b\u00f3l sem maradhatott ki ez a be\u00fct\u00e9s. Az \u00e9l\u00e9nk v\u00f6r\u00f6s \u00e9s szinte fekete sz\u00ednek szenved\u00e9lyess\u00e9get sugallnak, amib\u0151l nincs is hi\u00e1ny.<\/p>\t\t\t\t\t\t\t\t<\/div>\n\t\t\t\t<\/div>\n\t\t\t\t\t<\/div>\n\t\t<\/div>\n\t\t\t\t<div class=\"elementor-column elementor-col-50 elementor-top-column elementor-element elementor-element-291db58\" data-id=\"291db58\" data-element_type=\"column\" data-e-type=\"column\">\n\t\t\t<div class=\"elementor-widget-wrap elementor-element-populated\">\n\t\t\t\t\t\t<div class=\"elementor-element elementor-element-5074cde elementor-widget elementor-widget-image\" data-id=\"5074cde\" data-element_type=\"widget\" data-e-type=\"widget\" data-widget_type=\"image.default\">\n\t\t\t\t<div class=\"elementor-widget-container\">\n\t\t\t\t\t\t\t\t\t\t\t\t\t\t\t<img fetchpriority=\"high\" decoding=\"async\" width=\"1493\" height=\"927\" src=\"https:\/\/plichtaregina.hu\/wp-content\/themes\/woodmart\/images\/lazy.svg\" class=\"attachment-full size-full wp-image-1109 wd-lazy-fade\" alt=\"\" srcset=\"\" sizes=\"(max-width: 1493px) 100vw, 1493px\" data-src=\"https:\/\/plichtaregina.hu\/wp-content\/uploads\/2024\/05\/Sweet_moments_logo_original.png\" data-srcset=\"https:\/\/plichtaregina.hu\/wp-content\/uploads\/2024\/05\/Sweet_moments_logo_original.png 1493w, https:\/\/plichtaregina.hu\/wp-content\/uploads\/2024\/05\/Sweet_moments_logo_original-300x186.png 300w, https:\/\/plichtaregina.hu\/wp-content\/uploads\/2024\/05\/Sweet_moments_logo_original-1024x636.png 1024w, https:\/\/plichtaregina.hu\/wp-content\/uploads\/2024\/05\/Sweet_moments_logo_original-768x477.png 768w\" \/>\t\t\t\t\t\t\t\t\t\t\t\t\t\t\t<\/div>\n\t\t\t\t<\/div>\n\t\t\t\t<div class=\"elementor-element elementor-element-c1d9837 elementor-widget elementor-widget-image\" data-id=\"c1d9837\" data-element_type=\"widget\" data-e-type=\"widget\" data-widget_type=\"image.default\">\n\t\t\t\t<div class=\"elementor-widget-container\">\n\t\t\t\t\t\t\t\t\t\t\t\t\t\t\t<img decoding=\"async\" width=\"509\" height=\"545\" src=\"https:\/\/plichtaregina.hu\/wp-content\/themes\/woodmart\/images\/lazy.svg\" class=\"attachment-full size-full wp-image-1110 wd-lazy-fade\" alt=\"\" srcset=\"\" sizes=\"(max-width: 509px) 100vw, 509px\" data-src=\"https:\/\/plichtaregina.hu\/wp-content\/uploads\/2024\/05\/sweet-moments-colors.png\" data-srcset=\"https:\/\/plichtaregina.hu\/wp-content\/uploads\/2024\/05\/sweet-moments-colors.png 509w, https:\/\/plichtaregina.hu\/wp-content\/uploads\/2024\/05\/sweet-moments-colors-280x300.png 280w\" \/>\t\t\t\t\t\t\t\t\t\t\t\t\t\t\t<\/div>\n\t\t\t\t<\/div>\n\t\t\t\t<div class=\"elementor-element elementor-element-bb6570c elementor-hidden-desktop elementor-widget elementor-widget-image\" data-id=\"bb6570c\" data-element_type=\"widget\" data-e-type=\"widget\" data-widget_type=\"image.default\">\n\t\t\t\t<div class=\"elementor-widget-container\">\n\t\t\t\t\t\t\t\t\t\t\t\t\t\t\t<img decoding=\"async\" width=\"1108\" height=\"800\" src=\"https:\/\/plichtaregina.hu\/wp-content\/themes\/woodmart\/images\/lazy.svg\" class=\"attachment-full size-full wp-image-1112 wd-lazy-fade\" alt=\"\" srcset=\"\" sizes=\"(max-width: 1108px) 100vw, 1108px\" data-src=\"https:\/\/plichtaregina.hu\/wp-content\/uploads\/2024\/05\/Sweet-Moments-logo-mockup-1.png\" data-srcset=\"https:\/\/plichtaregina.hu\/wp-content\/uploads\/2024\/05\/Sweet-Moments-logo-mockup-1.png 1108w, https:\/\/plichtaregina.hu\/wp-content\/uploads\/2024\/05\/Sweet-Moments-logo-mockup-1-300x217.png 300w, https:\/\/plichtaregina.hu\/wp-content\/uploads\/2024\/05\/Sweet-Moments-logo-mockup-1-1024x739.png 1024w, https:\/\/plichtaregina.hu\/wp-content\/uploads\/2024\/05\/Sweet-Moments-logo-mockup-1-768x555.png 768w\" \/>\t\t\t\t\t\t\t\t\t\t\t\t\t\t\t<\/div>\n\t\t\t\t<\/div>\n\t\t\t\t<div class=\"elementor-element elementor-element-49708b5 elementor-hidden-desktop elementor-widget elementor-widget-image\" data-id=\"49708b5\" data-element_type=\"widget\" data-e-type=\"widget\" data-widget_type=\"image.default\">\n\t\t\t\t<div class=\"elementor-widget-container\">\n\t\t\t\t\t\t\t\t\t\t\t\t\t\t\t<img loading=\"lazy\" decoding=\"async\" width=\"1200\" height=\"1362\" src=\"https:\/\/plichtaregina.hu\/wp-content\/themes\/woodmart\/images\/lazy.svg\" class=\"attachment-full size-full wp-image-1113 wd-lazy-fade\" alt=\"\" srcset=\"\" sizes=\"(max-width: 1200px) 100vw, 1200px\" data-src=\"https:\/\/plichtaregina.hu\/wp-content\/uploads\/2024\/05\/Sweet-Moments-logo-mockup-2.png\" data-srcset=\"https:\/\/plichtaregina.hu\/wp-content\/uploads\/2024\/05\/Sweet-Moments-logo-mockup-2.png 1200w, https:\/\/plichtaregina.hu\/wp-content\/uploads\/2024\/05\/Sweet-Moments-logo-mockup-2-264x300.png 264w, https:\/\/plichtaregina.hu\/wp-content\/uploads\/2024\/05\/Sweet-Moments-logo-mockup-2-902x1024.png 902w, https:\/\/plichtaregina.hu\/wp-content\/uploads\/2024\/05\/Sweet-Moments-logo-mockup-2-768x872.png 768w\" \/>\t\t\t\t\t\t\t\t\t\t\t\t\t\t\t<\/div>\n\t\t\t\t<\/div>\n\t\t\t\t<div class=\"elementor-element elementor-element-f0b62b3 elementor-hidden-desktop elementor-widget elementor-widget-image\" data-id=\"f0b62b3\" data-element_type=\"widget\" data-e-type=\"widget\" data-widget_type=\"image.default\">\n\t\t\t\t<div class=\"elementor-widget-container\">\n\t\t\t\t\t\t\t\t\t\t\t\t\t\t\t<img loading=\"lazy\" decoding=\"async\" width=\"661\" height=\"548\" src=\"https:\/\/plichtaregina.hu\/wp-content\/themes\/woodmart\/images\/lazy.svg\" class=\"attachment-full size-full wp-image-1111 wd-lazy-fade\" alt=\"\" srcset=\"\" sizes=\"(max-width: 661px) 100vw, 661px\" data-src=\"https:\/\/plichtaregina.hu\/wp-content\/uploads\/2024\/05\/Sweet-moments-logo.png\" data-srcset=\"https:\/\/plichtaregina.hu\/wp-content\/uploads\/2024\/05\/Sweet-moments-logo.png 661w, https:\/\/plichtaregina.hu\/wp-content\/uploads\/2024\/05\/Sweet-moments-logo-300x249.png 300w\" \/>\t\t\t\t\t\t\t\t\t\t\t\t\t\t\t<\/div>\n\t\t\t\t<\/div>\n\t\t\t\t\t<\/div>\n\t\t<\/div>\n\t\t\t\t\t<\/div>\n\t\t<\/section>\n\t\t\t\t<section class=\"wd-negative-gap elementor-section elementor-top-section elementor-element elementor-element-62a59eae elementor-section-full_width elementor-section-content-middle elementor-hidden-tablet elementor-hidden-mobile elementor-section-height-default elementor-section-height-default\" data-id=\"62a59eae\" data-element_type=\"section\" data-e-type=\"section\">\n\t\t\t\t\t\t<div class=\"elementor-container elementor-column-gap-default\">\n\t\t\t\t\t<div class=\"elementor-column elementor-col-33 elementor-top-column elementor-element elementor-element-190b6e9a\" data-id=\"190b6e9a\" data-element_type=\"column\" data-e-type=\"column\">\n\t\t\t<div class=\"elementor-widget-wrap elementor-element-populated\">\n\t\t\t\t\t\t<div class=\"elementor-element elementor-element-03f662f elementor-widget elementor-widget-image\" data-id=\"03f662f\" data-element_type=\"widget\" data-e-type=\"widget\" data-settings=\"{&quot;motion_fx_motion_fx_scrolling&quot;:&quot;yes&quot;,&quot;motion_fx_blur_effect&quot;:&quot;yes&quot;,&quot;motion_fx_blur_direction&quot;:&quot;out-in-out&quot;,&quot;motion_fx_blur_level&quot;:{&quot;unit&quot;:&quot;px&quot;,&quot;size&quot;:10,&quot;sizes&quot;:[]},&quot;motion_fx_blur_range&quot;:{&quot;unit&quot;:&quot;%&quot;,&quot;size&quot;:&quot;&quot;,&quot;sizes&quot;:{&quot;start&quot;:30,&quot;end&quot;:70}},&quot;motion_fx_devices&quot;:[&quot;desktop&quot;,&quot;tablet&quot;,&quot;mobile&quot;]}\" data-widget_type=\"image.default\">\n\t\t\t\t<div class=\"elementor-widget-container\">\n\t\t\t\t\t\t\t\t\t\t\t\t\t\t\t<img loading=\"lazy\" decoding=\"async\" width=\"902\" height=\"1024\" src=\"https:\/\/plichtaregina.hu\/wp-content\/themes\/woodmart\/images\/lazy.svg\" class=\"attachment-large size-large wp-image-1113 wd-lazy-fade\" alt=\"\" srcset=\"\" sizes=\"(max-width: 902px) 100vw, 902px\" data-src=\"https:\/\/plichtaregina.hu\/wp-content\/uploads\/2024\/05\/Sweet-Moments-logo-mockup-2-902x1024.png\" data-srcset=\"https:\/\/plichtaregina.hu\/wp-content\/uploads\/2024\/05\/Sweet-Moments-logo-mockup-2-902x1024.png 902w, https:\/\/plichtaregina.hu\/wp-content\/uploads\/2024\/05\/Sweet-Moments-logo-mockup-2-264x300.png 264w, https:\/\/plichtaregina.hu\/wp-content\/uploads\/2024\/05\/Sweet-Moments-logo-mockup-2-768x872.png 768w, https:\/\/plichtaregina.hu\/wp-content\/uploads\/2024\/05\/Sweet-Moments-logo-mockup-2.png 1200w\" \/>\t\t\t\t\t\t\t\t\t\t\t\t\t\t\t<\/div>\n\t\t\t\t<\/div>\n\t\t\t\t\t<\/div>\n\t\t<\/div>\n\t\t\t\t<div class=\"elementor-column elementor-col-33 elementor-top-column elementor-element elementor-element-60b5e6c\" data-id=\"60b5e6c\" data-element_type=\"column\" data-e-type=\"column\">\n\t\t\t<div class=\"elementor-widget-wrap elementor-element-populated\">\n\t\t\t\t\t\t<div class=\"elementor-element elementor-element-d4fe1cb elementor-widget elementor-widget-image\" data-id=\"d4fe1cb\" data-element_type=\"widget\" data-e-type=\"widget\" data-widget_type=\"image.default\">\n\t\t\t\t<div class=\"elementor-widget-container\">\n\t\t\t\t\t\t\t\t\t\t\t\t\t\t\t<img loading=\"lazy\" decoding=\"async\" width=\"1024\" height=\"739\" src=\"https:\/\/plichtaregina.hu\/wp-content\/themes\/woodmart\/images\/lazy.svg\" class=\"attachment-large size-large wp-image-1112 wd-lazy-fade\" alt=\"\" srcset=\"\" sizes=\"(max-width: 1024px) 100vw, 1024px\" data-src=\"https:\/\/plichtaregina.hu\/wp-content\/uploads\/2024\/05\/Sweet-Moments-logo-mockup-1-1024x739.png\" data-srcset=\"https:\/\/plichtaregina.hu\/wp-content\/uploads\/2024\/05\/Sweet-Moments-logo-mockup-1-1024x739.png 1024w, https:\/\/plichtaregina.hu\/wp-content\/uploads\/2024\/05\/Sweet-Moments-logo-mockup-1-300x217.png 300w, https:\/\/plichtaregina.hu\/wp-content\/uploads\/2024\/05\/Sweet-Moments-logo-mockup-1-768x555.png 768w, https:\/\/plichtaregina.hu\/wp-content\/uploads\/2024\/05\/Sweet-Moments-logo-mockup-1.png 1108w\" \/>\t\t\t\t\t\t\t\t\t\t\t\t\t\t\t<\/div>\n\t\t\t\t<\/div>\n\t\t\t\t<div class=\"elementor-element elementor-element-7332909 elementor-widget elementor-widget-image\" data-id=\"7332909\" data-element_type=\"widget\" data-e-type=\"widget\" data-widget_type=\"image.default\">\n\t\t\t\t<div class=\"elementor-widget-container\">\n\t\t\t\t\t\t\t\t\t\t\t\t\t\t\t<img loading=\"lazy\" decoding=\"async\" width=\"1024\" height=\"737\" src=\"https:\/\/plichtaregina.hu\/wp-content\/themes\/woodmart\/images\/lazy.svg\" class=\"attachment-large size-large wp-image-1114 wd-lazy-fade\" alt=\"\" srcset=\"\" sizes=\"(max-width: 1024px) 100vw, 1024px\" data-src=\"https:\/\/plichtaregina.hu\/wp-content\/uploads\/2024\/05\/Sweet-Moments-logo-mockup-3-1024x737.png\" data-srcset=\"https:\/\/plichtaregina.hu\/wp-content\/uploads\/2024\/05\/Sweet-Moments-logo-mockup-3-1024x737.png 1024w, https:\/\/plichtaregina.hu\/wp-content\/uploads\/2024\/05\/Sweet-Moments-logo-mockup-3-300x216.png 300w, https:\/\/plichtaregina.hu\/wp-content\/uploads\/2024\/05\/Sweet-Moments-logo-mockup-3-768x553.png 768w, https:\/\/plichtaregina.hu\/wp-content\/uploads\/2024\/05\/Sweet-Moments-logo-mockup-3.png 1111w\" \/>\t\t\t\t\t\t\t\t\t\t\t\t\t\t\t<\/div>\n\t\t\t\t<\/div>\n\t\t\t\t\t<\/div>\n\t\t<\/div>\n\t\t\t\t<div class=\"elementor-column elementor-col-33 elementor-top-column elementor-element elementor-element-f638a2c\" data-id=\"f638a2c\" data-element_type=\"column\" data-e-type=\"column\">\n\t\t\t<div class=\"elementor-widget-wrap elementor-element-populated\">\n\t\t\t\t\t\t<div class=\"elementor-element elementor-element-91491c7 elementor-widget elementor-widget-image\" data-id=\"91491c7\" data-element_type=\"widget\" data-e-type=\"widget\" data-widget_type=\"image.default\">\n\t\t\t\t<div class=\"elementor-widget-container\">\n\t\t\t\t\t\t\t\t\t\t\t\t\t\t\t<img loading=\"lazy\" decoding=\"async\" width=\"661\" height=\"548\" src=\"https:\/\/plichtaregina.hu\/wp-content\/themes\/woodmart\/images\/lazy.svg\" class=\"attachment-full size-full wp-image-1111 wd-lazy-fade\" alt=\"\" srcset=\"\" sizes=\"(max-width: 661px) 100vw, 661px\" data-src=\"https:\/\/plichtaregina.hu\/wp-content\/uploads\/2024\/05\/Sweet-moments-logo.png\" data-srcset=\"https:\/\/plichtaregina.hu\/wp-content\/uploads\/2024\/05\/Sweet-moments-logo.png 661w, https:\/\/plichtaregina.hu\/wp-content\/uploads\/2024\/05\/Sweet-moments-logo-300x249.png 300w\" \/>\t\t\t\t\t\t\t\t\t\t\t\t\t\t\t<\/div>\n\t\t\t\t<\/div>\n\t\t\t\t\t<\/div>\n\t\t<\/div>\n\t\t\t\t\t<\/div>\n\t\t<\/section>\n\t\t\t\t<\/div>\n\t\t","protected":false},"excerpt":{"rendered":"<p>Sweet Moments by Irena &#8211; Log\u00f3terv B\u0151vebben a projektr\u0151l Irena egy igazi \u00ednyenc cukr\u00e1sz: k\u00e9zzel k\u00e9sz\u00edtett bonbonok, pillecukrok \u00e9s t\u00e1bl\u00e1s<\/p>","protected":false},"author":1,"featured_media":0,"parent":0,"menu_order":0,"comment_status":"closed","ping_status":"closed","template":"","meta":{"_seopress_robots_primary_cat":"","_seopress_titles_title":"","_seopress_titles_desc":"","_seopress_robots_index":"","_crdt_document":"","footnotes":""},"class_list":["post-1106","page","type-page","status-publish","hentry"],"_links":{"self":[{"href":"https:\/\/plichtaregina.hu\/en\/wp-json\/wp\/v2\/pages\/1106","targetHints":{"allow":["GET"]}}],"collection":[{"href":"https:\/\/plichtaregina.hu\/en\/wp-json\/wp\/v2\/pages"}],"about":[{"href":"https:\/\/plichtaregina.hu\/en\/wp-json\/wp\/v2\/types\/page"}],"author":[{"embeddable":true,"href":"https:\/\/plichtaregina.hu\/en\/wp-json\/wp\/v2\/users\/1"}],"replies":[{"embeddable":true,"href":"https:\/\/plichtaregina.hu\/en\/wp-json\/wp\/v2\/comments?post=1106"}],"version-history":[{"count":5,"href":"https:\/\/plichtaregina.hu\/en\/wp-json\/wp\/v2\/pages\/1106\/revisions"}],"predecessor-version":[{"id":1118,"href":"https:\/\/plichtaregina.hu\/en\/wp-json\/wp\/v2\/pages\/1106\/revisions\/1118"}],"wp:attachment":[{"href":"https:\/\/plichtaregina.hu\/en\/wp-json\/wp\/v2\/media?parent=1106"}],"curies":[{"name":"wp","href":"https:\/\/api.w.org\/{rel}","templated":true}]}}