{"id":1126,"date":"2024-05-04T20:08:48","date_gmt":"2024-05-04T18:08:48","guid":{"rendered":"https:\/\/plichtaregina.hu\/?page_id=1126"},"modified":"2024-05-14T15:28:06","modified_gmt":"2024-05-14T13:28:06","slug":"ostrom-79-esemeny-grafika","status":"publish","type":"page","link":"https:\/\/plichtaregina.hu\/en\/ostrom-79-esemeny-grafika\/","title":{"rendered":"Ostrom 79 esem\u00e9ny grafika"},"content":{"rendered":"\t\t<div data-elementor-type=\"wp-page\" data-elementor-id=\"1126\" class=\"elementor elementor-1126\" data-elementor-post-type=\"page\">\n\t\t\t\t\t\t<section class=\"wd-negative-gap elementor-section elementor-top-section elementor-element elementor-element-2cbff94a elementor-section-full_width elementor-section-stretched elementor-section-height-default elementor-section-height-default\" data-id=\"2cbff94a\" data-element_type=\"section\" data-e-type=\"section\" data-settings=\"{&quot;stretch_section&quot;:&quot;section-stretched&quot;}\">\n\t\t\t\t\t\t<div class=\"elementor-container elementor-column-gap-default\">\n\t\t\t\t\t<div class=\"elementor-column elementor-col-50 elementor-top-column elementor-element elementor-element-2c4d2309\" data-id=\"2c4d2309\" data-element_type=\"column\" data-e-type=\"column\">\n\t\t\t<div class=\"elementor-widget-wrap\">\n\t\t\t\t\t\t\t<\/div>\n\t\t<\/div>\n\t\t\t\t<div class=\"elementor-column elementor-col-50 elementor-top-column elementor-element elementor-element-422b7f0\" data-id=\"422b7f0\" data-element_type=\"column\" data-e-type=\"column\" data-settings=\"{&quot;background_background&quot;:&quot;classic&quot;}\">\n\t\t\t<div class=\"elementor-widget-wrap elementor-element-populated\">\n\t\t\t\t\t<div class=\"elementor-background-overlay\"><\/div>\n\t\t\t\t\t\t<div class=\"elementor-element elementor-element-5ddbd85 elementor-widget elementor-widget-image\" data-id=\"5ddbd85\" data-element_type=\"widget\" data-e-type=\"widget\" data-widget_type=\"image.default\">\n\t\t\t\t<div class=\"elementor-widget-container\">\n\t\t\t\t\t\t\t\t\t\t\t\t\t\t\t<img fetchpriority=\"high\" decoding=\"async\" width=\"1080\" height=\"1080\" src=\"https:\/\/plichtaregina.hu\/wp-content\/themes\/woodmart\/images\/lazy.svg\" class=\"attachment-full size-full wp-image-1131 wd-lazy-fade\" alt=\"\" srcset=\"\" sizes=\"(max-width: 1080px) 100vw, 1080px\" data-src=\"https:\/\/plichtaregina.hu\/wp-content\/uploads\/2024\/05\/ostrom-hero.png\" data-srcset=\"https:\/\/plichtaregina.hu\/wp-content\/uploads\/2024\/05\/ostrom-hero.png 1080w, https:\/\/plichtaregina.hu\/wp-content\/uploads\/2024\/05\/ostrom-hero-300x300.png 300w, https:\/\/plichtaregina.hu\/wp-content\/uploads\/2024\/05\/ostrom-hero-1024x1024.png 1024w, https:\/\/plichtaregina.hu\/wp-content\/uploads\/2024\/05\/ostrom-hero-150x150.png 150w, https:\/\/plichtaregina.hu\/wp-content\/uploads\/2024\/05\/ostrom-hero-768x768.png 768w\" \/>\t\t\t\t\t\t\t\t\t\t\t\t\t\t\t<\/div>\n\t\t\t\t<\/div>\n\t\t\t\t\t<\/div>\n\t\t<\/div>\n\t\t\t\t\t<\/div>\n\t\t<\/section>\n\t\t\t\t<section class=\"wd-negative-gap elementor-section elementor-top-section elementor-element elementor-element-fa11077 elementor-section-boxed elementor-section-height-default elementor-section-height-default\" data-id=\"fa11077\" data-element_type=\"section\" data-e-type=\"section\">\n\t\t\t\t\t\t<div class=\"elementor-container elementor-column-gap-default\">\n\t\t\t\t\t<div class=\"elementor-column elementor-col-100 elementor-top-column elementor-element elementor-element-6cec301\" data-id=\"6cec301\" data-element_type=\"column\" data-e-type=\"column\">\n\t\t\t<div class=\"elementor-widget-wrap elementor-element-populated\">\n\t\t\t\t\t\t<div class=\"elementor-element elementor-element-da1d037 elementor-widget elementor-widget-heading\" data-id=\"da1d037\" data-element_type=\"widget\" data-e-type=\"widget\" data-settings=\"{&quot;motion_fx_motion_fx_scrolling&quot;:&quot;yes&quot;,&quot;motion_fx_blur_effect&quot;:&quot;yes&quot;,&quot;motion_fx_blur_direction&quot;:&quot;in-out&quot;,&quot;motion_fx_blur_level&quot;:{&quot;unit&quot;:&quot;px&quot;,&quot;size&quot;:10,&quot;sizes&quot;:[]},&quot;motion_fx_blur_range&quot;:{&quot;unit&quot;:&quot;%&quot;,&quot;size&quot;:&quot;&quot;,&quot;sizes&quot;:{&quot;start&quot;:63,&quot;end&quot;:100}},&quot;motion_fx_devices&quot;:[&quot;desktop&quot;,&quot;tablet&quot;,&quot;mobile&quot;]}\" data-widget_type=\"heading.default\">\n\t\t\t\t<div class=\"elementor-widget-container\">\n\t\t\t\t\t<h2 class=\"elementor-heading-title elementor-size-default\">Ostrom 79\nesem\u00e9ny <br> arculat<\/h2>\t\t\t\t<\/div>\n\t\t\t\t<\/div>\n\t\t\t\t\t<\/div>\n\t\t<\/div>\n\t\t\t\t\t<\/div>\n\t\t<\/section>\n\t\t\t\t<section class=\"wd-negative-gap elementor-section elementor-top-section elementor-element elementor-element-c858c7e elementor-section-boxed elementor-section-height-default elementor-section-height-default\" data-id=\"c858c7e\" data-element_type=\"section\" data-e-type=\"section\">\n\t\t\t\t\t\t<div class=\"elementor-container elementor-column-gap-default\">\n\t\t\t\t\t<div class=\"elementor-column elementor-col-50 elementor-top-column elementor-element elementor-element-d0d6723\" data-id=\"d0d6723\" data-element_type=\"column\" data-e-type=\"column\">\n\t\t\t<div class=\"elementor-widget-wrap elementor-element-populated\">\n\t\t\t\t\t\t<div class=\"elementor-element elementor-element-652118f elementor-widget elementor-widget-heading\" data-id=\"652118f\" data-element_type=\"widget\" data-e-type=\"widget\" data-widget_type=\"heading.default\">\n\t\t\t\t<div class=\"elementor-widget-container\">\n\t\t\t\t\t<h2 class=\"elementor-heading-title elementor-size-default\">B\u0151vebben a projektr\u0151l<\/h2>\t\t\t\t<\/div>\n\t\t\t\t<\/div>\n\t\t\t\t<div class=\"elementor-element elementor-element-af0eba3 color-scheme-inherit text-left elementor-widget elementor-widget-text-editor\" data-id=\"af0eba3\" data-element_type=\"widget\" data-e-type=\"widget\" data-widget_type=\"text-editor.default\">\n\t\t\t\t<div class=\"elementor-widget-container\">\n\t\t\t\t\t\t\t\t\t<p>Budapest 1944 decembere \u00e9s 1945 febru\u00e1rja k\u00f6z\u00f6tti ostrom\u00e1nak t\u00f6rt\u00e9net\u00e9ben a budai v\u00e1rnegyed ostroma volt tal\u00e1n a legtragikusabb esem\u00e9ny. A budapesti n\u00e9met sereg utols\u00f3 k\u00e9ts\u00e9gbeesett akci\u00f3ja az 1945. febru\u00e1r 11-13 k\u00f6z\u00f6tt t\u00f6rt\u00e9nt kit\u00f6r\u00e9si k\u00eds\u00e9rlet volt, amelyben katon\u00e1k \u00e9s ismeretlen sz\u00e1m\u00fa civil is r\u00e9szt vett.<\/p><p>Hagyom\u00e1nyosan ezeken a napokon eml\u00e9knapokat szerveznek a Kapisztr\u00e1n t\u00e9ren az ostrom s\u00falyos k\u00f6vetkezm\u00e9nyeire, \u00e1ldozataira eml\u00e9kezve. Ennek az esem\u00e9nysorozatnak tervezhettem meg az arculat\u00e1t, azonban ez alapos megfontol\u00e1st ig\u00e9nyelt.<\/p>\t\t\t\t\t\t\t\t<\/div>\n\t\t\t\t<\/div>\n\t\t\t\t<div class=\"elementor-element elementor-element-60dcc75 elementor-widget elementor-widget-wd_text_block\" data-id=\"60dcc75\" data-element_type=\"widget\" data-e-type=\"widget\" data-widget_type=\"wd_text_block.default\">\n\t\t\t\t<div class=\"elementor-widget-container\">\n\t\t\t\t\t\t\t<div class=\"wd-text-block reset-last-child text-left\">\n\t\t\t\n\t\t\t<p>Ker\u00fcltem a sz\u00e9ls\u0151s\u00e9geket: ne legyen t\u00fal r\u00e1men\u0151s - ezzel negat\u00edv eml\u00e9keket keltve azokban, akik meg\u00e9lt\u00e9k ezt az id\u0151szakot -, \u00e9s ne is bagateliz\u00e1ljuk el - azaz akik nem \u00e9ltek ekkor, \u0151k is \u00e9rts\u00e9k \u00e9s \u00e9rezz\u00e9k a megeml\u00e9kez\u00e9s s\u00faly\u00e1t \u00e9s fontoss\u00e1g\u00e1t.<span style=\"font-size: 22px; color: var( --e-global-color-2228c3a ); letter-spacing: 1.9px;\"><\/span><\/p>\n\t\t\t\t\t<\/div>\n\t\t\t\t\t\t<\/div>\n\t\t\t\t<\/div>\n\t\t\t\t<div class=\"elementor-element elementor-element-8c67ac8 color-scheme-inherit text-left elementor-widget elementor-widget-text-editor\" data-id=\"8c67ac8\" data-element_type=\"widget\" data-e-type=\"widget\" data-widget_type=\"text-editor.default\">\n\t\t\t\t<div class=\"elementor-widget-container\">\n\t\t\t\t\t\t\t\t\t<p>\u00c9pp ez\u00e9rt t\u00f6rekedtem az arculatban a korh\u0171 vizu\u00e1lis elemek haszn\u00e1lat\u00e1ra, \u00f6tv\u00f6zve egy modernebb, brutalista megjelen\u00e9ssel.<\/p><p>Erre az id\u0151szakra jellemz\u0151 volt a propaganda plak\u00e1tok \u00e9s sz\u00f3r\u00f3anyagok haszn\u00e1lata. A grafik\u00e1kon megjelen\u0151 bet\u0171t\u00edpusokat \u00e9s k\u00e9pi vil\u00e1got tanulm\u00e1nyozva v\u00e1lasztottam ki a bet\u0171k\u00e9pet, ami kell\u0151en visszaid\u00e9zi az akkori vizualit\u00e1st, m\u00e9gis modern, letisztult.<\/p><p>K\u00e9pi vil\u00e1g\u00e1t tekintve pedig egy kork\u00e9p apr\u00f3 r\u00e9szlet\u00e9t, a Budai V\u00e1r lerombolt l\u00e9pcs\u0151fordul\u00f3j\u00e1t haszn\u00e1ltam fel. \u00cdgy kiemelve egy r\u00e9szletet a tragikus esem\u00e9nyekb\u0151l, ami \u00e9pp csak betekint\u00e9st enged az akkori utcak\u00e9pekbe &#8211; ezzel elker\u00fclve a t\u00falz\u00f3 megjelen\u00edt\u00e9st.<\/p>\t\t\t\t\t\t\t\t<\/div>\n\t\t\t\t<\/div>\n\t\t\t\t\t<\/div>\n\t\t<\/div>\n\t\t\t\t<div class=\"elementor-column elementor-col-50 elementor-top-column elementor-element elementor-element-291db58\" data-id=\"291db58\" data-element_type=\"column\" data-e-type=\"column\">\n\t\t\t<div class=\"elementor-widget-wrap elementor-element-populated\">\n\t\t\t\t\t\t<div class=\"elementor-element elementor-element-c1d9837 elementor-widget elementor-widget-image\" data-id=\"c1d9837\" data-element_type=\"widget\" data-e-type=\"widget\" data-widget_type=\"image.default\">\n\t\t\t\t<div class=\"elementor-widget-container\">\n\t\t\t\t\t\t\t\t\t\t\t\t\t\t\t<img decoding=\"async\" width=\"550\" height=\"1080\" src=\"https:\/\/plichtaregina.hu\/wp-content\/themes\/woodmart\/images\/lazy.svg\" class=\"attachment-full size-full wp-image-1133 wd-lazy-fade\" alt=\"\" srcset=\"\" sizes=\"(max-width: 550px) 100vw, 550px\" data-src=\"https:\/\/plichtaregina.hu\/wp-content\/uploads\/2024\/05\/ostrom-kiskep.png\" data-srcset=\"https:\/\/plichtaregina.hu\/wp-content\/uploads\/2024\/05\/ostrom-kiskep.png 550w, https:\/\/plichtaregina.hu\/wp-content\/uploads\/2024\/05\/ostrom-kiskep-153x300.png 153w, https:\/\/plichtaregina.hu\/wp-content\/uploads\/2024\/05\/ostrom-kiskep-521x1024.png 521w\" \/>\t\t\t\t\t\t\t\t\t\t\t\t\t\t\t<\/div>\n\t\t\t\t<\/div>\n\t\t\t\t\t<\/div>\n\t\t<\/div>\n\t\t\t\t\t<\/div>\n\t\t<\/section>\n\t\t\t\t<section class=\"wd-negative-gap elementor-section elementor-top-section elementor-element elementor-element-254e15b elementor-section-boxed elementor-section-height-default elementor-section-height-default\" data-id=\"254e15b\" data-element_type=\"section\" data-e-type=\"section\">\n\t\t\t\t\t\t<div class=\"elementor-container elementor-column-gap-default\">\n\t\t\t\t\t<div class=\"elementor-column elementor-col-100 elementor-top-column elementor-element elementor-element-a1542fa\" data-id=\"a1542fa\" data-element_type=\"column\" data-e-type=\"column\">\n\t\t\t<div class=\"elementor-widget-wrap elementor-element-populated\">\n\t\t\t\t\t\t<div class=\"elementor-element elementor-element-3c04000 elementor-widget elementor-widget-image\" data-id=\"3c04000\" data-element_type=\"widget\" data-e-type=\"widget\" data-widget_type=\"image.default\">\n\t\t\t\t<div class=\"elementor-widget-container\">\n\t\t\t\t\t\t\t\t\t\t\t\t\t\t\t<img decoding=\"async\" width=\"1200\" height=\"900\" src=\"https:\/\/plichtaregina.hu\/wp-content\/themes\/woodmart\/images\/lazy.svg\" class=\"attachment-full size-full wp-image-1147 wd-lazy-fade\" alt=\"\" srcset=\"\" sizes=\"(max-width: 1200px) 100vw, 1200px\" data-src=\"https:\/\/plichtaregina.hu\/wp-content\/uploads\/2024\/05\/plakatok.png\" data-srcset=\"https:\/\/plichtaregina.hu\/wp-content\/uploads\/2024\/05\/plakatok.png 1200w, https:\/\/plichtaregina.hu\/wp-content\/uploads\/2024\/05\/plakatok-300x225.png 300w, https:\/\/plichtaregina.hu\/wp-content\/uploads\/2024\/05\/plakatok-1024x768.png 1024w, https:\/\/plichtaregina.hu\/wp-content\/uploads\/2024\/05\/plakatok-768x576.png 768w\" \/>\t\t\t\t\t\t\t\t\t\t\t\t\t\t\t<\/div>\n\t\t\t\t<\/div>\n\t\t\t\t\t<\/div>\n\t\t<\/div>\n\t\t\t\t\t<\/div>\n\t\t<\/section>\n\t\t\t\t<section class=\"wd-negative-gap elementor-section elementor-top-section elementor-element elementor-element-f533343 elementor-section-boxed elementor-section-height-default elementor-section-height-default\" data-id=\"f533343\" data-element_type=\"section\" data-e-type=\"section\">\n\t\t\t\t\t\t<div class=\"elementor-container elementor-column-gap-default\">\n\t\t\t\t\t<div class=\"elementor-column elementor-col-33 elementor-top-column elementor-element elementor-element-a51ca21\" data-id=\"a51ca21\" data-element_type=\"column\" data-e-type=\"column\">\n\t\t\t<div class=\"elementor-widget-wrap elementor-element-populated\">\n\t\t\t\t\t\t<div class=\"elementor-element elementor-element-6a175bc elementor-widget elementor-widget-image\" data-id=\"6a175bc\" data-element_type=\"widget\" data-e-type=\"widget\" data-widget_type=\"image.default\">\n\t\t\t\t<div class=\"elementor-widget-container\">\n\t\t\t\t\t\t\t\t\t\t\t\t\t\t\t<img loading=\"lazy\" decoding=\"async\" width=\"1080\" height=\"1080\" src=\"https:\/\/plichtaregina.hu\/wp-content\/themes\/woodmart\/images\/lazy.svg\" class=\"attachment-full size-full wp-image-1149 wd-lazy-fade\" alt=\"\" srcset=\"\" sizes=\"(max-width: 1080px) 100vw, 1080px\" data-src=\"https:\/\/plichtaregina.hu\/wp-content\/uploads\/2024\/05\/Ostrom-79_FB-poszt3.png\" data-srcset=\"https:\/\/plichtaregina.hu\/wp-content\/uploads\/2024\/05\/Ostrom-79_FB-poszt3.png 1080w, https:\/\/plichtaregina.hu\/wp-content\/uploads\/2024\/05\/elementor\/thumbs\/Ostrom-79_FB-poszt3-qo52h0ixelozv7qf9hggkju2nyl1zx0bm2kjf9v7w8.png 300w, https:\/\/plichtaregina.hu\/wp-content\/uploads\/2024\/05\/Ostrom-79_FB-poszt3-1024x1024.png 1024w, https:\/\/plichtaregina.hu\/wp-content\/uploads\/2024\/05\/Ostrom-79_FB-poszt3-150x150.png 150w, https:\/\/plichtaregina.hu\/wp-content\/uploads\/2024\/05\/Ostrom-79_FB-poszt3-768x768.png 768w\" \/>\t\t\t\t\t\t\t\t\t\t\t\t\t\t\t<\/div>\n\t\t\t\t<\/div>\n\t\t\t\t<div class=\"elementor-element elementor-element-b887dca elementor-widget elementor-widget-image\" data-id=\"b887dca\" data-element_type=\"widget\" data-e-type=\"widget\" data-widget_type=\"image.default\">\n\t\t\t\t<div class=\"elementor-widget-container\">\n\t\t\t\t\t\t\t\t\t\t\t\t\t\t\t<img loading=\"lazy\" decoding=\"async\" width=\"1081\" height=\"1081\" src=\"https:\/\/plichtaregina.hu\/wp-content\/themes\/woodmart\/images\/lazy.svg\" class=\"attachment-full size-full wp-image-1150 wd-lazy-fade\" alt=\"\" srcset=\"\" sizes=\"(max-width: 1081px) 100vw, 1081px\" data-src=\"https:\/\/plichtaregina.hu\/wp-content\/uploads\/2024\/05\/Ostrom-79_FB-poszt1.png\" data-srcset=\"https:\/\/plichtaregina.hu\/wp-content\/uploads\/2024\/05\/Ostrom-79_FB-poszt1.png 1081w, https:\/\/plichtaregina.hu\/wp-content\/uploads\/2024\/05\/elementor\/thumbs\/Ostrom-79_FB-poszt1-qo52h9xbay1v3bcrqliq9hgoltaq4w1mzd3e81ha60.png 300w, https:\/\/plichtaregina.hu\/wp-content\/uploads\/2024\/05\/Ostrom-79_FB-poszt1-1024x1024.png 1024w, https:\/\/plichtaregina.hu\/wp-content\/uploads\/2024\/05\/Ostrom-79_FB-poszt1-150x150.png 150w, https:\/\/plichtaregina.hu\/wp-content\/uploads\/2024\/05\/Ostrom-79_FB-poszt1-768x768.png 768w, https:\/\/plichtaregina.hu\/wp-content\/uploads\/2024\/05\/elementor\/thumbs\/Ostrom-79_FB-poszt1-qo52h9xim2sgrcb682pqxyiutuki3fbya4mf4gcmco.png 900w\" \/>\t\t\t\t\t\t\t\t\t\t\t\t\t\t\t<\/div>\n\t\t\t\t<\/div>\n\t\t\t\t<div class=\"elementor-element elementor-element-4cc6f95 elementor-widget elementor-widget-image\" data-id=\"4cc6f95\" data-element_type=\"widget\" data-e-type=\"widget\" data-widget_type=\"image.default\">\n\t\t\t\t<div class=\"elementor-widget-container\">\n\t\t\t\t\t\t\t\t\t\t\t\t\t\t\t<img loading=\"lazy\" decoding=\"async\" width=\"1081\" height=\"1081\" src=\"https:\/\/plichtaregina.hu\/wp-content\/themes\/woodmart\/images\/lazy.svg\" class=\"attachment-full size-full wp-image-1151 wd-lazy-fade\" alt=\"\" srcset=\"\" sizes=\"(max-width: 1081px) 100vw, 1081px\" data-src=\"https:\/\/plichtaregina.hu\/wp-content\/uploads\/2024\/05\/Ostrom-79_FB-poszt2.png\" data-srcset=\"https:\/\/plichtaregina.hu\/wp-content\/uploads\/2024\/05\/Ostrom-79_FB-poszt2.png 1081w, https:\/\/plichtaregina.hu\/wp-content\/uploads\/2024\/05\/elementor\/thumbs\/Ostrom-79_FB-poszt2-qo52i4xzkh8bqg3ppgxf1rmw7j1u6wgs3mmf267ago.png 300w, https:\/\/plichtaregina.hu\/wp-content\/uploads\/2024\/05\/Ostrom-79_FB-poszt2-1024x1024.png 1024w, https:\/\/plichtaregina.hu\/wp-content\/uploads\/2024\/05\/Ostrom-79_FB-poszt2-150x150.png 150w, https:\/\/plichtaregina.hu\/wp-content\/uploads\/2024\/05\/Ostrom-79_FB-poszt2-768x768.png 768w, https:\/\/plichtaregina.hu\/wp-content\/uploads\/2024\/05\/elementor\/thumbs\/Ostrom-79_FB-poszt2-qo52i4y6vlyxeh246y4fq8p2fkbm5fr3ee5fyl2mnc.png 900w\" \/>\t\t\t\t\t\t\t\t\t\t\t\t\t\t\t<\/div>\n\t\t\t\t<\/div>\n\t\t\t\t\t<\/div>\n\t\t<\/div>\n\t\t\t\t<div class=\"elementor-column elementor-col-66 elementor-top-column elementor-element elementor-element-a893dff\" data-id=\"a893dff\" data-element_type=\"column\" data-e-type=\"column\">\n\t\t\t<div class=\"elementor-widget-wrap elementor-element-populated\">\n\t\t\t\t\t\t<div class=\"elementor-element elementor-element-8b6a77e elementor-widget elementor-widget-image\" data-id=\"8b6a77e\" data-element_type=\"widget\" data-e-type=\"widget\" data-widget_type=\"image.default\">\n\t\t\t\t<div class=\"elementor-widget-container\">\n\t\t\t\t\t\t\t\t\t\t\t\t\t\t\t<img loading=\"lazy\" decoding=\"async\" width=\"800\" height=\"1200\" src=\"https:\/\/plichtaregina.hu\/wp-content\/themes\/woodmart\/images\/lazy.svg\" class=\"attachment-full size-full wp-image-1148 wd-lazy-fade\" alt=\"\" srcset=\"\" sizes=\"(max-width: 800px) 100vw, 800px\" data-src=\"https:\/\/plichtaregina.hu\/wp-content\/uploads\/2024\/05\/szorok.png\" data-srcset=\"https:\/\/plichtaregina.hu\/wp-content\/uploads\/2024\/05\/szorok.png 800w, https:\/\/plichtaregina.hu\/wp-content\/uploads\/2024\/05\/szorok-200x300.png 200w, https:\/\/plichtaregina.hu\/wp-content\/uploads\/2024\/05\/szorok-683x1024.png 683w, https:\/\/plichtaregina.hu\/wp-content\/uploads\/2024\/05\/szorok-768x1152.png 768w\" \/>\t\t\t\t\t\t\t\t\t\t\t\t\t\t\t<\/div>\n\t\t\t\t<\/div>\n\t\t\t\t\t<\/div>\n\t\t<\/div>\n\t\t\t\t\t<\/div>\n\t\t<\/section>\n\t\t\t\t<\/div>\n\t\t","protected":false},"excerpt":{"rendered":"<p>Ostrom 79 esem\u00e9ny arculat B\u0151vebben a projektr\u0151l Budapest 1944 decembere \u00e9s 1945 febru\u00e1rja k\u00f6z\u00f6tti ostrom\u00e1nak t\u00f6rt\u00e9net\u00e9ben a budai v\u00e1rnegyed ostroma<\/p>","protected":false},"author":1,"featured_media":0,"parent":0,"menu_order":0,"comment_status":"closed","ping_status":"closed","template":"","meta":{"_seopress_robots_primary_cat":"","_seopress_titles_title":"","_seopress_titles_desc":"","_seopress_robots_index":"","_crdt_document":"","footnotes":""},"class_list":["post-1126","page","type-page","status-publish","hentry"],"_links":{"self":[{"href":"https:\/\/plichtaregina.hu\/en\/wp-json\/wp\/v2\/pages\/1126","targetHints":{"allow":["GET"]}}],"collection":[{"href":"https:\/\/plichtaregina.hu\/en\/wp-json\/wp\/v2\/pages"}],"about":[{"href":"https:\/\/plichtaregina.hu\/en\/wp-json\/wp\/v2\/types\/page"}],"author":[{"embeddable":true,"href":"https:\/\/plichtaregina.hu\/en\/wp-json\/wp\/v2\/users\/1"}],"replies":[{"embeddable":true,"href":"https:\/\/plichtaregina.hu\/en\/wp-json\/wp\/v2\/comments?post=1126"}],"version-history":[{"count":25,"href":"https:\/\/plichtaregina.hu\/en\/wp-json\/wp\/v2\/pages\/1126\/revisions"}],"predecessor-version":[{"id":1185,"href":"https:\/\/plichtaregina.hu\/en\/wp-json\/wp\/v2\/pages\/1126\/revisions\/1185"}],"wp:attachment":[{"href":"https:\/\/plichtaregina.hu\/en\/wp-json\/wp\/v2\/media?parent=1126"}],"curies":[{"name":"wp","href":"https:\/\/api.w.org\/{rel}","templated":true}]}}