{"id":582,"date":"2023-06-22T13:58:51","date_gmt":"2023-06-22T11:58:51","guid":{"rendered":"https:\/\/plichtaregina.hu\/?page_id=582"},"modified":"2024-05-14T15:28:04","modified_gmt":"2024-05-14T13:28:04","slug":"kalo-lokalpatriota-egyesulet-alternativ-koncepcio","status":"publish","type":"page","link":"https:\/\/plichtaregina.hu\/en\/kalo-lokalpatriota-egyesulet-alternativ-koncepcio\/","title":{"rendered":"Kalo Lok\u00e1lpatri\u00f3ta Egyes\u00fclet &#8211; Alternat\u00edv koncepci\u00f3"},"content":{"rendered":"\t\t<div data-elementor-type=\"wp-page\" data-elementor-id=\"582\" class=\"elementor elementor-582\" data-elementor-post-type=\"page\">\n\t\t\t\t\t\t<section class=\"wd-negative-gap elementor-section elementor-top-section elementor-element elementor-element-2cbff94a elementor-section-full_width elementor-section-stretched elementor-section-height-default elementor-section-height-default\" data-id=\"2cbff94a\" data-element_type=\"section\" data-e-type=\"section\" data-settings=\"{&quot;stretch_section&quot;:&quot;section-stretched&quot;}\">\n\t\t\t\t\t\t<div class=\"elementor-container elementor-column-gap-default\">\n\t\t\t\t\t<div class=\"elementor-column elementor-col-50 elementor-top-column elementor-element elementor-element-2c4d2309\" data-id=\"2c4d2309\" data-element_type=\"column\" data-e-type=\"column\">\n\t\t\t<div class=\"elementor-widget-wrap\">\n\t\t\t\t\t\t\t<\/div>\n\t\t<\/div>\n\t\t\t\t<div class=\"elementor-column elementor-col-50 elementor-top-column elementor-element elementor-element-422b7f0\" data-id=\"422b7f0\" data-element_type=\"column\" data-e-type=\"column\" data-settings=\"{&quot;background_background&quot;:&quot;classic&quot;}\">\n\t\t\t<div class=\"elementor-widget-wrap elementor-element-populated\">\n\t\t\t\t\t<div class=\"elementor-background-overlay\"><\/div>\n\t\t\t\t\t\t<div class=\"elementor-element elementor-element-5ddbd85 elementor-widget elementor-widget-image\" data-id=\"5ddbd85\" data-element_type=\"widget\" data-e-type=\"widget\" data-widget_type=\"image.default\">\n\t\t\t\t<div class=\"elementor-widget-container\">\n\t\t\t\t\t\t\t\t\t\t\t\t\t\t\t<img fetchpriority=\"high\" decoding=\"async\" width=\"1509\" height=\"855\" src=\"https:\/\/plichtaregina.hu\/wp-content\/themes\/woodmart\/images\/lazy.svg\" data-src=\"https:\/\/plichtaregina.hu\/wp-content\/uploads\/2023\/06\/Eszkoz-1@4x.png\" class=\" wd-lazy-fade attachment-full size-full wp-image-586\" alt=\"\" srcset=\"\" data-srcset=\"https:\/\/plichtaregina.hu\/wp-content\/uploads\/2023\/06\/Eszkoz-1@4x.png 1509w, https:\/\/plichtaregina.hu\/wp-content\/uploads\/2023\/06\/Eszkoz-1@4x-300x170.png 300w, https:\/\/plichtaregina.hu\/wp-content\/uploads\/2023\/06\/Eszkoz-1@4x-1024x580.png 1024w, https:\/\/plichtaregina.hu\/wp-content\/uploads\/2023\/06\/Eszkoz-1@4x-768x435.png 768w\" sizes=\"(max-width: 1509px) 100vw, 1509px\" \/>\t\t\t\t\t\t\t\t\t\t\t\t\t\t\t<\/div>\n\t\t\t\t<\/div>\n\t\t\t\t\t<\/div>\n\t\t<\/div>\n\t\t\t\t\t<\/div>\n\t\t<\/section>\n\t\t\t\t<section class=\"wd-negative-gap elementor-section elementor-top-section elementor-element elementor-element-fa11077 elementor-section-boxed elementor-section-height-default elementor-section-height-default\" data-id=\"fa11077\" data-element_type=\"section\" data-e-type=\"section\">\n\t\t\t\t\t\t<div class=\"elementor-container elementor-column-gap-default\">\n\t\t\t\t\t<div class=\"elementor-column elementor-col-100 elementor-top-column elementor-element elementor-element-6cec301\" data-id=\"6cec301\" data-element_type=\"column\" data-e-type=\"column\">\n\t\t\t<div class=\"elementor-widget-wrap elementor-element-populated\">\n\t\t\t\t\t\t<div class=\"elementor-element elementor-element-da1d037 elementor-widget elementor-widget-heading\" data-id=\"da1d037\" data-element_type=\"widget\" data-e-type=\"widget\" data-settings=\"{&quot;motion_fx_motion_fx_scrolling&quot;:&quot;yes&quot;,&quot;motion_fx_blur_effect&quot;:&quot;yes&quot;,&quot;motion_fx_blur_direction&quot;:&quot;in-out&quot;,&quot;motion_fx_blur_level&quot;:{&quot;unit&quot;:&quot;px&quot;,&quot;size&quot;:10,&quot;sizes&quot;:[]},&quot;motion_fx_blur_range&quot;:{&quot;unit&quot;:&quot;%&quot;,&quot;size&quot;:&quot;&quot;,&quot;sizes&quot;:{&quot;start&quot;:63,&quot;end&quot;:100}},&quot;motion_fx_devices&quot;:[&quot;desktop&quot;,&quot;tablet&quot;,&quot;mobile&quot;]}\" data-widget_type=\"heading.default\">\n\t\t\t\t<div class=\"elementor-widget-container\">\n\t\t\t\t\t<h2 class=\"elementor-heading-title elementor-size-default\">Kalo\nLok\u00e1lpatri\u00f3ta\negyes\u00fclet\nalternat\u00edv log\u00f3<\/h2>\t\t\t\t<\/div>\n\t\t\t\t<\/div>\n\t\t\t\t\t<\/div>\n\t\t<\/div>\n\t\t\t\t\t<\/div>\n\t\t<\/section>\n\t\t\t\t<section class=\"wd-negative-gap elementor-section elementor-top-section elementor-element elementor-element-c858c7e elementor-section-boxed elementor-section-height-default elementor-section-height-default\" data-id=\"c858c7e\" data-element_type=\"section\" data-e-type=\"section\">\n\t\t\t\t\t\t<div class=\"elementor-container elementor-column-gap-default\">\n\t\t\t\t\t<div class=\"elementor-column elementor-col-50 elementor-top-column elementor-element elementor-element-d0d6723\" data-id=\"d0d6723\" data-element_type=\"column\" data-e-type=\"column\">\n\t\t\t<div class=\"elementor-widget-wrap elementor-element-populated\">\n\t\t\t\t\t\t<div class=\"elementor-element elementor-element-652118f elementor-widget elementor-widget-heading\" data-id=\"652118f\" data-element_type=\"widget\" data-e-type=\"widget\" data-widget_type=\"heading.default\">\n\t\t\t\t<div class=\"elementor-widget-container\">\n\t\t\t\t\t<h2 class=\"elementor-heading-title elementor-size-default\">B\u0151vebben a projektr\u0151l<\/h2>\t\t\t\t<\/div>\n\t\t\t\t<\/div>\n\t\t\t\t<div class=\"elementor-element elementor-element-af0eba3 color-scheme-inherit text-left elementor-widget elementor-widget-text-editor\" data-id=\"af0eba3\" data-element_type=\"widget\" data-e-type=\"widget\" data-widget_type=\"text-editor.default\">\n\t\t\t\t<div class=\"elementor-widget-container\">\n\t\t\t\t\t\t\t\t\t<p>B\u00e1r a Kalo Lok\u00e1lpatri\u00f3ta Egyes\u00fclet elfogadott \u00e9s haszn\u00e1latban l\u00e9v\u0151 log\u00f3jak\u00e9nt nem ezt v\u00e1lasztott\u00e1k, de ha \u00e9rdekel milyen alternat\u00edva sz\u00fcletett m\u00e9g, akkor vedd szem\u00fcgyre ezt a munk\u00e1t is.<\/p>\t\t\t\t\t\t\t\t<\/div>\n\t\t\t\t<\/div>\n\t\t\t\t<div class=\"elementor-element elementor-element-60dcc75 elementor-widget elementor-widget-wd_text_block\" data-id=\"60dcc75\" data-element_type=\"widget\" data-e-type=\"widget\" data-widget_type=\"wd_text_block.default\">\n\t\t\t\t<div class=\"elementor-widget-container\">\n\t\t\t\t\t\t\t<div class=\"wd-text-block reset-last-child text-left\">\n\t\t\t\n\t\t\t<p>Az egyik \u00e1ltaluk kiemelt kiindul\u00e1si pont a kalocsai c\u00edmer volt, amelyen egy ez\u00fcst k\u00edgy\u00f3t a cs\u0151r\u00e9ben tart\u00f3 arany g\u00f3lya szerepel k\u00e9t b\u00e1stya tetej\u00e9n, el\u0151tt\u00fck egy patakkal.<\/p>\n\t\t\t\t\t<\/div>\n\t\t\t\t\t\t<\/div>\n\t\t\t\t<\/div>\n\t\t\t\t<div class=\"elementor-element elementor-element-8c67ac8 color-scheme-inherit text-left elementor-widget elementor-widget-text-editor\" data-id=\"8c67ac8\" data-element_type=\"widget\" data-e-type=\"widget\" data-widget_type=\"text-editor.default\">\n\t\t\t\t<div class=\"elementor-widget-container\">\n\t\t\t\t\t\t\t\t\t<p>\u00cdgy h\u00e1t ebben a koncepci\u00f3ban a c\u00edmer moderniz\u00e1l\u00e1sa \u00e9s leegyszer\u0171s\u00edt\u00e9se volt a c\u00e9lom.<br \/><br \/>Az aranymetsz\u00e9s szab\u00e1lyait szem el\u0151tt tartva egy geometrikus form\u00e1kat alkalmaz\u00f3 log\u00f3t alkottam, amely egyszerre klasszikus \u00e9s modern megjelen\u00e9s\u0171.<br \/><br \/>A tipogr\u00e1fi\u00e1ban fiatalos lend\u00fcletet t\u00fckr\u00f6z\u0151 bet\u0171t kerestem, amely illik a geometrikus formavil\u00e1ghoz,<br \/>m\u00e9gis kifinomult \u00e9s k\u00f6nnyen olvashat\u00f3.<\/p>\t\t\t\t\t\t\t\t<\/div>\n\t\t\t\t<\/div>\n\t\t\t\t\t<\/div>\n\t\t<\/div>\n\t\t\t\t<div class=\"elementor-column elementor-col-50 elementor-top-column elementor-element elementor-element-291db58\" data-id=\"291db58\" data-element_type=\"column\" data-e-type=\"column\">\n\t\t\t<div class=\"elementor-widget-wrap elementor-element-populated\">\n\t\t\t\t\t\t<div class=\"elementor-element elementor-element-5074cde elementor-widget elementor-widget-image\" data-id=\"5074cde\" data-element_type=\"widget\" data-e-type=\"widget\" data-widget_type=\"image.default\">\n\t\t\t\t<div class=\"elementor-widget-container\">\n\t\t\t\t\t\t\t\t\t\t\t\t\t\t\t<img fetchpriority=\"high\" decoding=\"async\" width=\"1509\" height=\"855\" src=\"https:\/\/plichtaregina.hu\/wp-content\/themes\/woodmart\/images\/lazy.svg\" data-src=\"https:\/\/plichtaregina.hu\/wp-content\/uploads\/2023\/06\/Eszkoz-1@4x.png\" class=\" wd-lazy-fade attachment-full size-full wp-image-586\" alt=\"\" srcset=\"\" data-srcset=\"https:\/\/plichtaregina.hu\/wp-content\/uploads\/2023\/06\/Eszkoz-1@4x.png 1509w, https:\/\/plichtaregina.hu\/wp-content\/uploads\/2023\/06\/Eszkoz-1@4x-300x170.png 300w, https:\/\/plichtaregina.hu\/wp-content\/uploads\/2023\/06\/Eszkoz-1@4x-1024x580.png 1024w, https:\/\/plichtaregina.hu\/wp-content\/uploads\/2023\/06\/Eszkoz-1@4x-768x435.png 768w\" sizes=\"(max-width: 1509px) 100vw, 1509px\" \/>\t\t\t\t\t\t\t\t\t\t\t\t\t\t\t<\/div>\n\t\t\t\t<\/div>\n\t\t\t\t<div class=\"elementor-element elementor-element-c1d9837 elementor-widget elementor-widget-image\" data-id=\"c1d9837\" data-element_type=\"widget\" data-e-type=\"widget\" data-widget_type=\"image.default\">\n\t\t\t\t<div class=\"elementor-widget-container\">\n\t\t\t\t\t\t\t\t\t\t\t\t\t\t\t<img decoding=\"async\" width=\"725\" height=\"432\" src=\"https:\/\/plichtaregina.hu\/wp-content\/themes\/woodmart\/images\/lazy.svg\" data-src=\"https:\/\/plichtaregina.hu\/wp-content\/uploads\/2023\/06\/kalo-alt-szinpaletta.png\" class=\" wd-lazy-fade attachment-full size-full wp-image-587\" alt=\"\" srcset=\"\" data-srcset=\"https:\/\/plichtaregina.hu\/wp-content\/uploads\/2023\/06\/kalo-alt-szinpaletta.png 725w, https:\/\/plichtaregina.hu\/wp-content\/uploads\/2023\/06\/kalo-alt-szinpaletta-300x179.png 300w\" sizes=\"(max-width: 725px) 100vw, 725px\" \/>\t\t\t\t\t\t\t\t\t\t\t\t\t\t\t<\/div>\n\t\t\t\t<\/div>\n\t\t\t\t<div class=\"elementor-element elementor-element-bb6570c elementor-hidden-desktop elementor-widget elementor-widget-image\" data-id=\"bb6570c\" data-element_type=\"widget\" data-e-type=\"widget\" data-widget_type=\"image.default\">\n\t\t\t\t<div class=\"elementor-widget-container\">\n\t\t\t\t\t\t\t\t\t\t\t\t\t\t\t<img decoding=\"async\" width=\"1014\" height=\"791\" src=\"https:\/\/plichtaregina.hu\/wp-content\/themes\/woodmart\/images\/lazy.svg\" data-src=\"https:\/\/plichtaregina.hu\/wp-content\/uploads\/2023\/06\/logo-cimer-3-1.png\" class=\" wd-lazy-fade attachment-full size-full wp-image-368\" alt=\"\" srcset=\"\" data-srcset=\"https:\/\/plichtaregina.hu\/wp-content\/uploads\/2023\/06\/logo-cimer-3-1.png 1014w, https:\/\/plichtaregina.hu\/wp-content\/uploads\/2023\/06\/logo-cimer-3-1-300x234.png 300w, https:\/\/plichtaregina.hu\/wp-content\/uploads\/2023\/06\/logo-cimer-3-1-768x599.png 768w\" sizes=\"(max-width: 1014px) 100vw, 1014px\" \/>\t\t\t\t\t\t\t\t\t\t\t\t\t\t\t<\/div>\n\t\t\t\t<\/div>\n\t\t\t\t<div class=\"elementor-element elementor-element-49708b5 elementor-hidden-desktop elementor-widget elementor-widget-image\" data-id=\"49708b5\" data-element_type=\"widget\" data-e-type=\"widget\" data-widget_type=\"image.default\">\n\t\t\t\t<div class=\"elementor-widget-container\">\n\t\t\t\t\t\t\t\t\t\t\t\t\t\t\t<img loading=\"lazy\" decoding=\"async\" width=\"866\" height=\"945\" src=\"https:\/\/plichtaregina.hu\/wp-content\/themes\/woodmart\/images\/lazy.svg\" data-src=\"https:\/\/plichtaregina.hu\/wp-content\/uploads\/2023\/06\/logo-cimer-2-1.png\" class=\" wd-lazy-fade attachment-full size-full wp-image-369\" alt=\"\" srcset=\"\" data-srcset=\"https:\/\/plichtaregina.hu\/wp-content\/uploads\/2023\/06\/logo-cimer-2-1.png 866w, https:\/\/plichtaregina.hu\/wp-content\/uploads\/2023\/06\/logo-cimer-2-1-275x300.png 275w, https:\/\/plichtaregina.hu\/wp-content\/uploads\/2023\/06\/logo-cimer-2-1-768x838.png 768w\" sizes=\"(max-width: 866px) 100vw, 866px\" \/>\t\t\t\t\t\t\t\t\t\t\t\t\t\t\t<\/div>\n\t\t\t\t<\/div>\n\t\t\t\t<div class=\"elementor-element elementor-element-f0b62b3 elementor-hidden-desktop elementor-widget elementor-widget-image\" data-id=\"f0b62b3\" data-element_type=\"widget\" data-e-type=\"widget\" data-widget_type=\"image.default\">\n\t\t\t\t<div class=\"elementor-widget-container\">\n\t\t\t\t\t\t\t\t\t\t\t\t\t\t\t<img loading=\"lazy\" decoding=\"async\" width=\"416\" height=\"496\" src=\"https:\/\/plichtaregina.hu\/wp-content\/themes\/woodmart\/images\/lazy.svg\" data-src=\"https:\/\/plichtaregina.hu\/wp-content\/uploads\/2023\/06\/kalo-alt-bw.png\" class=\" wd-lazy-fade attachment-full size-full wp-image-589\" alt=\"\" srcset=\"\" data-srcset=\"https:\/\/plichtaregina.hu\/wp-content\/uploads\/2023\/06\/kalo-alt-bw.png 416w, https:\/\/plichtaregina.hu\/wp-content\/uploads\/2023\/06\/kalo-alt-bw-252x300.png 252w\" sizes=\"(max-width: 416px) 100vw, 416px\" \/>\t\t\t\t\t\t\t\t\t\t\t\t\t\t\t<\/div>\n\t\t\t\t<\/div>\n\t\t\t\t\t<\/div>\n\t\t<\/div>\n\t\t\t\t\t<\/div>\n\t\t<\/section>\n\t\t\t\t<section class=\"wd-negative-gap elementor-section elementor-top-section elementor-element elementor-element-62a59eae elementor-section-full_width elementor-section-content-middle elementor-hidden-tablet elementor-hidden-mobile elementor-section-height-default elementor-section-height-default\" data-id=\"62a59eae\" data-element_type=\"section\" data-e-type=\"section\">\n\t\t\t\t\t\t<div class=\"elementor-container elementor-column-gap-default\">\n\t\t\t\t\t<div class=\"elementor-column elementor-col-33 elementor-top-column elementor-element elementor-element-190b6e9a\" data-id=\"190b6e9a\" data-element_type=\"column\" data-e-type=\"column\">\n\t\t\t<div class=\"elementor-widget-wrap elementor-element-populated\">\n\t\t\t\t\t\t<div class=\"elementor-element elementor-element-03f662f elementor-widget elementor-widget-image\" data-id=\"03f662f\" data-element_type=\"widget\" data-e-type=\"widget\" data-settings=\"{&quot;motion_fx_motion_fx_scrolling&quot;:&quot;yes&quot;,&quot;motion_fx_blur_effect&quot;:&quot;yes&quot;,&quot;motion_fx_blur_direction&quot;:&quot;out-in-out&quot;,&quot;motion_fx_blur_level&quot;:{&quot;unit&quot;:&quot;px&quot;,&quot;size&quot;:10,&quot;sizes&quot;:[]},&quot;motion_fx_blur_range&quot;:{&quot;unit&quot;:&quot;%&quot;,&quot;size&quot;:&quot;&quot;,&quot;sizes&quot;:{&quot;start&quot;:30,&quot;end&quot;:70}},&quot;motion_fx_devices&quot;:[&quot;desktop&quot;,&quot;tablet&quot;,&quot;mobile&quot;]}\" data-widget_type=\"image.default\">\n\t\t\t\t<div class=\"elementor-widget-container\">\n\t\t\t\t\t\t\t\t\t\t\t\t\t\t\t<img loading=\"lazy\" decoding=\"async\" width=\"866\" height=\"945\" src=\"https:\/\/plichtaregina.hu\/wp-content\/themes\/woodmart\/images\/lazy.svg\" data-src=\"https:\/\/plichtaregina.hu\/wp-content\/uploads\/2023\/06\/logo-cimer-2-1.png\" class=\" wd-lazy-fade attachment-large size-large wp-image-369\" alt=\"\" srcset=\"\" data-srcset=\"https:\/\/plichtaregina.hu\/wp-content\/uploads\/2023\/06\/logo-cimer-2-1.png 866w, https:\/\/plichtaregina.hu\/wp-content\/uploads\/2023\/06\/logo-cimer-2-1-275x300.png 275w, https:\/\/plichtaregina.hu\/wp-content\/uploads\/2023\/06\/logo-cimer-2-1-768x838.png 768w\" sizes=\"(max-width: 866px) 100vw, 866px\" \/>\t\t\t\t\t\t\t\t\t\t\t\t\t\t\t<\/div>\n\t\t\t\t<\/div>\n\t\t\t\t\t<\/div>\n\t\t<\/div>\n\t\t\t\t<div class=\"elementor-column elementor-col-33 elementor-top-column elementor-element elementor-element-60b5e6c\" data-id=\"60b5e6c\" data-element_type=\"column\" data-e-type=\"column\">\n\t\t\t<div class=\"elementor-widget-wrap elementor-element-populated\">\n\t\t\t\t\t\t<div class=\"elementor-element elementor-element-d4fe1cb elementor-widget elementor-widget-image\" data-id=\"d4fe1cb\" data-element_type=\"widget\" data-e-type=\"widget\" data-widget_type=\"image.default\">\n\t\t\t\t<div class=\"elementor-widget-container\">\n\t\t\t\t\t\t\t\t\t\t\t\t\t\t\t<img loading=\"lazy\" decoding=\"async\" width=\"1014\" height=\"791\" src=\"https:\/\/plichtaregina.hu\/wp-content\/themes\/woodmart\/images\/lazy.svg\" data-src=\"https:\/\/plichtaregina.hu\/wp-content\/uploads\/2023\/06\/logo-cimer-3-1.png\" class=\" wd-lazy-fade attachment-large size-large wp-image-368\" alt=\"\" srcset=\"\" data-srcset=\"https:\/\/plichtaregina.hu\/wp-content\/uploads\/2023\/06\/logo-cimer-3-1.png 1014w, https:\/\/plichtaregina.hu\/wp-content\/uploads\/2023\/06\/logo-cimer-3-1-300x234.png 300w, https:\/\/plichtaregina.hu\/wp-content\/uploads\/2023\/06\/logo-cimer-3-1-768x599.png 768w\" sizes=\"(max-width: 1014px) 100vw, 1014px\" \/>\t\t\t\t\t\t\t\t\t\t\t\t\t\t\t<\/div>\n\t\t\t\t<\/div>\n\t\t\t\t<div class=\"elementor-element elementor-element-7332909 elementor-widget elementor-widget-image\" data-id=\"7332909\" data-element_type=\"widget\" data-e-type=\"widget\" data-widget_type=\"image.default\">\n\t\t\t\t<div class=\"elementor-widget-container\">\n\t\t\t\t\t\t\t\t\t\t\t\t\t\t\t<img loading=\"lazy\" decoding=\"async\" width=\"1024\" height=\"690\" src=\"https:\/\/plichtaregina.hu\/wp-content\/themes\/woodmart\/images\/lazy.svg\" data-src=\"https:\/\/plichtaregina.hu\/wp-content\/uploads\/2023\/06\/logo-3-4-1024x690.jpg\" class=\" wd-lazy-fade attachment-large size-large wp-image-588\" alt=\"\" srcset=\"\" data-srcset=\"https:\/\/plichtaregina.hu\/wp-content\/uploads\/2023\/06\/logo-3-4-1024x690.jpg 1024w, https:\/\/plichtaregina.hu\/wp-content\/uploads\/2023\/06\/logo-3-4-300x202.jpg 300w, https:\/\/plichtaregina.hu\/wp-content\/uploads\/2023\/06\/logo-3-4-768x518.jpg 768w, https:\/\/plichtaregina.hu\/wp-content\/uploads\/2023\/06\/logo-3-4.jpg 1200w\" sizes=\"(max-width: 1024px) 100vw, 1024px\" \/>\t\t\t\t\t\t\t\t\t\t\t\t\t\t\t<\/div>\n\t\t\t\t<\/div>\n\t\t\t\t\t<\/div>\n\t\t<\/div>\n\t\t\t\t<div class=\"elementor-column elementor-col-33 elementor-top-column elementor-element elementor-element-f638a2c\" data-id=\"f638a2c\" data-element_type=\"column\" data-e-type=\"column\">\n\t\t\t<div class=\"elementor-widget-wrap elementor-element-populated\">\n\t\t\t\t\t\t<div class=\"elementor-element elementor-element-91491c7 elementor-widget elementor-widget-image\" data-id=\"91491c7\" data-element_type=\"widget\" data-e-type=\"widget\" data-widget_type=\"image.default\">\n\t\t\t\t<div class=\"elementor-widget-container\">\n\t\t\t\t\t\t\t\t\t\t\t\t\t\t\t<img loading=\"lazy\" decoding=\"async\" width=\"416\" height=\"496\" src=\"https:\/\/plichtaregina.hu\/wp-content\/themes\/woodmart\/images\/lazy.svg\" data-src=\"https:\/\/plichtaregina.hu\/wp-content\/uploads\/2023\/06\/kalo-alt-bw.png\" class=\" wd-lazy-fade attachment-full size-full wp-image-589\" alt=\"\" srcset=\"\" data-srcset=\"https:\/\/plichtaregina.hu\/wp-content\/uploads\/2023\/06\/kalo-alt-bw.png 416w, https:\/\/plichtaregina.hu\/wp-content\/uploads\/2023\/06\/kalo-alt-bw-252x300.png 252w\" sizes=\"(max-width: 416px) 100vw, 416px\" \/>\t\t\t\t\t\t\t\t\t\t\t\t\t\t\t<\/div>\n\t\t\t\t<\/div>\n\t\t\t\t\t<\/div>\n\t\t<\/div>\n\t\t\t\t\t<\/div>\n\t\t<\/section>\n\t\t\t\t<\/div>\n\t\t","protected":false},"excerpt":{"rendered":"<p>Kalo Lok\u00e1lpatri\u00f3ta egyes\u00fclet alternat\u00edv log\u00f3 B\u0151vebben a projektr\u0151l B\u00e1r a Kalo Lok\u00e1lpatri\u00f3ta Egyes\u00fclet elfogadott \u00e9s haszn\u00e1latban l\u00e9v\u0151 log\u00f3jak\u00e9nt nem ezt<\/p>","protected":false},"author":1,"featured_media":0,"parent":0,"menu_order":0,"comment_status":"closed","ping_status":"closed","template":"","meta":{"_seopress_robots_primary_cat":"","_seopress_titles_title":"","_seopress_titles_desc":"","_seopress_robots_index":"","_crdt_document":"","footnotes":""},"class_list":["post-582","page","type-page","status-publish","hentry"],"_links":{"self":[{"href":"https:\/\/plichtaregina.hu\/en\/wp-json\/wp\/v2\/pages\/582","targetHints":{"allow":["GET"]}}],"collection":[{"href":"https:\/\/plichtaregina.hu\/en\/wp-json\/wp\/v2\/pages"}],"about":[{"href":"https:\/\/plichtaregina.hu\/en\/wp-json\/wp\/v2\/types\/page"}],"author":[{"embeddable":true,"href":"https:\/\/plichtaregina.hu\/en\/wp-json\/wp\/v2\/users\/1"}],"replies":[{"embeddable":true,"href":"https:\/\/plichtaregina.hu\/en\/wp-json\/wp\/v2\/comments?post=582"}],"version-history":[{"count":1,"href":"https:\/\/plichtaregina.hu\/en\/wp-json\/wp\/v2\/pages\/582\/revisions"}],"predecessor-version":[{"id":1193,"href":"https:\/\/plichtaregina.hu\/en\/wp-json\/wp\/v2\/pages\/582\/revisions\/1193"}],"wp:attachment":[{"href":"https:\/\/plichtaregina.hu\/en\/wp-json\/wp\/v2\/media?parent=582"}],"curies":[{"name":"wp","href":"https:\/\/api.w.org\/{rel}","templated":true}]}}