{"id":596,"date":"2023-06-22T14:10:07","date_gmt":"2023-06-22T12:10:07","guid":{"rendered":"https:\/\/plichtaregina.hu\/?page_id=596"},"modified":"2024-05-14T15:28:03","modified_gmt":"2024-05-14T13:28:03","slug":"czirkos-attila-asztalos-logoterv","status":"publish","type":"page","link":"https:\/\/plichtaregina.hu\/en\/czirkos-attila-asztalos-logoterv\/","title":{"rendered":"Czirkos Attila &#8211; asztalos &#8211; log\u00f3terv"},"content":{"rendered":"\t\t<div data-elementor-type=\"wp-page\" data-elementor-id=\"596\" class=\"elementor elementor-596\" data-elementor-post-type=\"page\">\n\t\t\t\t\t\t<section class=\"wd-negative-gap elementor-section elementor-top-section elementor-element elementor-element-2cbff94a elementor-section-full_width elementor-section-stretched elementor-section-height-default elementor-section-height-default\" data-id=\"2cbff94a\" data-element_type=\"section\" data-e-type=\"section\" data-settings=\"{&quot;stretch_section&quot;:&quot;section-stretched&quot;}\">\n\t\t\t\t\t\t<div class=\"elementor-container elementor-column-gap-default\">\n\t\t\t\t\t<div class=\"elementor-column elementor-col-50 elementor-top-column elementor-element elementor-element-2c4d2309\" data-id=\"2c4d2309\" data-element_type=\"column\" data-e-type=\"column\">\n\t\t\t<div class=\"elementor-widget-wrap\">\n\t\t\t\t\t\t\t<\/div>\n\t\t<\/div>\n\t\t\t\t<div class=\"elementor-column elementor-col-50 elementor-top-column elementor-element elementor-element-422b7f0\" data-id=\"422b7f0\" data-element_type=\"column\" data-e-type=\"column\" data-settings=\"{&quot;background_background&quot;:&quot;classic&quot;}\">\n\t\t\t<div class=\"elementor-widget-wrap elementor-element-populated\">\n\t\t\t\t\t<div class=\"elementor-background-overlay\"><\/div>\n\t\t\t\t\t\t<div class=\"elementor-element elementor-element-5ddbd85 elementor-widget elementor-widget-image\" data-id=\"5ddbd85\" data-element_type=\"widget\" data-e-type=\"widget\" data-widget_type=\"image.default\">\n\t\t\t\t<div class=\"elementor-widget-container\">\n\t\t\t\t\t\t\t\t\t\t\t\t\t\t\t<img fetchpriority=\"high\" decoding=\"async\" width=\"1754\" height=\"1241\" src=\"https:\/\/plichtaregina.hu\/wp-content\/themes\/woodmart\/images\/lazy.svg\" data-src=\"https:\/\/plichtaregina.hu\/wp-content\/uploads\/2023\/06\/Czirkos_Attila_logo_szines.png\" class=\" wd-lazy-fade attachment-full size-full wp-image-599\" alt=\"\" srcset=\"\" data-srcset=\"https:\/\/plichtaregina.hu\/wp-content\/uploads\/2023\/06\/Czirkos_Attila_logo_szines.png 1754w, https:\/\/plichtaregina.hu\/wp-content\/uploads\/2023\/06\/Czirkos_Attila_logo_szines-300x212.png 300w, https:\/\/plichtaregina.hu\/wp-content\/uploads\/2023\/06\/Czirkos_Attila_logo_szines-1024x725.png 1024w, https:\/\/plichtaregina.hu\/wp-content\/uploads\/2023\/06\/Czirkos_Attila_logo_szines-768x543.png 768w, https:\/\/plichtaregina.hu\/wp-content\/uploads\/2023\/06\/Czirkos_Attila_logo_szines-1536x1087.png 1536w\" sizes=\"(max-width: 1754px) 100vw, 1754px\" \/>\t\t\t\t\t\t\t\t\t\t\t\t\t\t\t<\/div>\n\t\t\t\t<\/div>\n\t\t\t\t\t<\/div>\n\t\t<\/div>\n\t\t\t\t\t<\/div>\n\t\t<\/section>\n\t\t\t\t<section class=\"wd-negative-gap elementor-section elementor-top-section elementor-element elementor-element-fa11077 elementor-section-boxed elementor-section-height-default elementor-section-height-default\" data-id=\"fa11077\" data-element_type=\"section\" data-e-type=\"section\">\n\t\t\t\t\t\t<div class=\"elementor-container elementor-column-gap-default\">\n\t\t\t\t\t<div class=\"elementor-column elementor-col-100 elementor-top-column elementor-element elementor-element-6cec301\" data-id=\"6cec301\" data-element_type=\"column\" data-e-type=\"column\">\n\t\t\t<div class=\"elementor-widget-wrap elementor-element-populated\">\n\t\t\t\t\t\t<div class=\"elementor-element elementor-element-da1d037 elementor-widget elementor-widget-heading\" data-id=\"da1d037\" data-element_type=\"widget\" data-e-type=\"widget\" data-settings=\"{&quot;motion_fx_motion_fx_scrolling&quot;:&quot;yes&quot;,&quot;motion_fx_blur_effect&quot;:&quot;yes&quot;,&quot;motion_fx_blur_direction&quot;:&quot;in-out&quot;,&quot;motion_fx_blur_level&quot;:{&quot;unit&quot;:&quot;px&quot;,&quot;size&quot;:10,&quot;sizes&quot;:[]},&quot;motion_fx_blur_range&quot;:{&quot;unit&quot;:&quot;%&quot;,&quot;size&quot;:&quot;&quot;,&quot;sizes&quot;:{&quot;start&quot;:63,&quot;end&quot;:100}},&quot;motion_fx_devices&quot;:[&quot;desktop&quot;,&quot;tablet&quot;,&quot;mobile&quot;]}\" data-widget_type=\"heading.default\">\n\t\t\t\t<div class=\"elementor-widget-container\">\n\t\t\t\t\t<h2 class=\"elementor-heading-title elementor-size-default\">Czirkos Attila\nlog\u00f3 &amp; n\u00e9vjegy<\/h2>\t\t\t\t<\/div>\n\t\t\t\t<\/div>\n\t\t\t\t\t<\/div>\n\t\t<\/div>\n\t\t\t\t\t<\/div>\n\t\t<\/section>\n\t\t\t\t<section class=\"wd-negative-gap elementor-section elementor-top-section elementor-element elementor-element-c858c7e elementor-section-boxed elementor-section-height-default elementor-section-height-default\" data-id=\"c858c7e\" data-element_type=\"section\" data-e-type=\"section\">\n\t\t\t\t\t\t<div class=\"elementor-container elementor-column-gap-default\">\n\t\t\t\t\t<div class=\"elementor-column elementor-col-50 elementor-top-column elementor-element elementor-element-d0d6723\" data-id=\"d0d6723\" data-element_type=\"column\" data-e-type=\"column\">\n\t\t\t<div class=\"elementor-widget-wrap elementor-element-populated\">\n\t\t\t\t\t\t<div class=\"elementor-element elementor-element-652118f elementor-widget elementor-widget-heading\" data-id=\"652118f\" data-element_type=\"widget\" data-e-type=\"widget\" data-widget_type=\"heading.default\">\n\t\t\t\t<div class=\"elementor-widget-container\">\n\t\t\t\t\t<h2 class=\"elementor-heading-title elementor-size-default\">B\u0151vebben a projektr\u0151l<\/h2>\t\t\t\t<\/div>\n\t\t\t\t<\/div>\n\t\t\t\t<div class=\"elementor-element elementor-element-af0eba3 color-scheme-inherit text-left elementor-widget elementor-widget-text-editor\" data-id=\"af0eba3\" data-element_type=\"widget\" data-e-type=\"widget\" data-widget_type=\"text-editor.default\">\n\t\t\t\t<div class=\"elementor-widget-container\">\n\t\t\t\t\t\t\t\t\t<p>Attila egy helyi v\u00e1llalkoz\u00f3, aki asztalosk\u00e9nt dolgozik. Log\u00f3 tervez\u00e9s\u00e9vel keresett meg, amely h\u0171en t\u00fckr\u00f6zi milyen is a vele val\u00f3 k\u00f6z\u00f6s munka.<\/p>\t\t\t\t\t\t\t\t<\/div>\n\t\t\t\t<\/div>\n\t\t\t\t<div class=\"elementor-element elementor-element-60dcc75 elementor-widget elementor-widget-wd_text_block\" data-id=\"60dcc75\" data-element_type=\"widget\" data-e-type=\"widget\" data-widget_type=\"wd_text_block.default\">\n\t\t\t\t<div class=\"elementor-widget-container\">\n\t\t\t\t\t\t\t<div class=\"wd-text-block reset-last-child text-left\">\n\t\t\t\n\t\t\t<p>\u00cdgy sz\u00fcletett meg ez a letisztult log\u00f3: hiszen a<br \/>munka is \u00e9pp ilyen k\u00f6nnyed<br \/>\u00e9s egyszer\u0171.<\/p>\n\t\t\t\t\t<\/div>\n\t\t\t\t\t\t<\/div>\n\t\t\t\t<\/div>\n\t\t\t\t<div class=\"elementor-element elementor-element-8c67ac8 color-scheme-inherit text-left elementor-widget elementor-widget-text-editor\" data-id=\"8c67ac8\" data-element_type=\"widget\" data-e-type=\"widget\" data-widget_type=\"text-editor.default\">\n\t\t\t\t<div class=\"elementor-widget-container\">\n\t\t\t\t\t\t\t\t\t<p>Megjelenik a fa erezet, ezzel utalva a foglalkoz\u00e1sra. Mindenk\u00e9pp ker\u00fclni szerett\u00fck volna a m\u00e1r megszokott megold\u00e1sokat, mint a f\u0171r\u00e9szlap, kalap\u00e1cs \u00e9s v\u00e9s\u0151, \u00e9s hasonl\u00f3 j\u00f3l bej\u00e1ratott mot\u00edvumok. A log\u00f3 mell\u00e9 n\u00e9vjegyk\u00e1rtya is k\u00e9sz\u00fclt.<\/p>\t\t\t\t\t\t\t\t<\/div>\n\t\t\t\t<\/div>\n\t\t\t\t\t<\/div>\n\t\t<\/div>\n\t\t\t\t<div class=\"elementor-column elementor-col-50 elementor-top-column elementor-element elementor-element-291db58\" data-id=\"291db58\" data-element_type=\"column\" data-e-type=\"column\">\n\t\t\t<div class=\"elementor-widget-wrap elementor-element-populated\">\n\t\t\t\t\t\t<div class=\"elementor-element elementor-element-5074cde elementor-widget elementor-widget-image\" data-id=\"5074cde\" data-element_type=\"widget\" data-e-type=\"widget\" data-widget_type=\"image.default\">\n\t\t\t\t<div class=\"elementor-widget-container\">\n\t\t\t\t\t\t\t\t\t\t\t\t\t\t\t<img fetchpriority=\"high\" decoding=\"async\" width=\"1754\" height=\"1241\" src=\"https:\/\/plichtaregina.hu\/wp-content\/themes\/woodmart\/images\/lazy.svg\" data-src=\"https:\/\/plichtaregina.hu\/wp-content\/uploads\/2023\/06\/Czirkos_Attila_logo_szines.png\" class=\" wd-lazy-fade attachment-full size-full wp-image-599\" alt=\"\" srcset=\"\" data-srcset=\"https:\/\/plichtaregina.hu\/wp-content\/uploads\/2023\/06\/Czirkos_Attila_logo_szines.png 1754w, https:\/\/plichtaregina.hu\/wp-content\/uploads\/2023\/06\/Czirkos_Attila_logo_szines-300x212.png 300w, https:\/\/plichtaregina.hu\/wp-content\/uploads\/2023\/06\/Czirkos_Attila_logo_szines-1024x725.png 1024w, https:\/\/plichtaregina.hu\/wp-content\/uploads\/2023\/06\/Czirkos_Attila_logo_szines-768x543.png 768w, https:\/\/plichtaregina.hu\/wp-content\/uploads\/2023\/06\/Czirkos_Attila_logo_szines-1536x1087.png 1536w\" sizes=\"(max-width: 1754px) 100vw, 1754px\" \/>\t\t\t\t\t\t\t\t\t\t\t\t\t\t\t<\/div>\n\t\t\t\t<\/div>\n\t\t\t\t<div class=\"elementor-element elementor-element-c1d9837 elementor-widget elementor-widget-image\" data-id=\"c1d9837\" data-element_type=\"widget\" data-e-type=\"widget\" data-widget_type=\"image.default\">\n\t\t\t\t<div class=\"elementor-widget-container\">\n\t\t\t\t\t\t\t\t\t\t\t\t\t\t\t<img decoding=\"async\" width=\"469\" height=\"516\" src=\"https:\/\/plichtaregina.hu\/wp-content\/themes\/woodmart\/images\/lazy.svg\" data-src=\"https:\/\/plichtaregina.hu\/wp-content\/uploads\/2023\/06\/Czirkosattila-szinek.png\" class=\" wd-lazy-fade attachment-full size-full wp-image-602\" alt=\"\" srcset=\"\" data-srcset=\"https:\/\/plichtaregina.hu\/wp-content\/uploads\/2023\/06\/Czirkosattila-szinek.png 469w, https:\/\/plichtaregina.hu\/wp-content\/uploads\/2023\/06\/Czirkosattila-szinek-273x300.png 273w\" sizes=\"(max-width: 469px) 100vw, 469px\" \/>\t\t\t\t\t\t\t\t\t\t\t\t\t\t\t<\/div>\n\t\t\t\t<\/div>\n\t\t\t\t<div class=\"elementor-element elementor-element-bb6570c elementor-hidden-desktop elementor-widget elementor-widget-image\" data-id=\"bb6570c\" data-element_type=\"widget\" data-e-type=\"widget\" data-widget_type=\"image.default\">\n\t\t\t\t<div class=\"elementor-widget-container\">\n\t\t\t\t\t\t\t\t\t\t\t\t\t\t\t<img decoding=\"async\" width=\"1200\" height=\"842\" src=\"https:\/\/plichtaregina.hu\/wp-content\/themes\/woodmart\/images\/lazy.svg\" data-src=\"https:\/\/plichtaregina.hu\/wp-content\/uploads\/2023\/06\/logomockup32.jpg\" class=\" wd-lazy-fade attachment-full size-full wp-image-603\" alt=\"\" srcset=\"\" data-srcset=\"https:\/\/plichtaregina.hu\/wp-content\/uploads\/2023\/06\/logomockup32.jpg 1200w, https:\/\/plichtaregina.hu\/wp-content\/uploads\/2023\/06\/logomockup32-300x211.jpg 300w, https:\/\/plichtaregina.hu\/wp-content\/uploads\/2023\/06\/logomockup32-1024x719.jpg 1024w, https:\/\/plichtaregina.hu\/wp-content\/uploads\/2023\/06\/logomockup32-768x539.jpg 768w\" sizes=\"(max-width: 1200px) 100vw, 1200px\" \/>\t\t\t\t\t\t\t\t\t\t\t\t\t\t\t<\/div>\n\t\t\t\t<\/div>\n\t\t\t\t<div class=\"elementor-element elementor-element-49708b5 elementor-hidden-desktop elementor-widget elementor-widget-image\" data-id=\"49708b5\" data-element_type=\"widget\" data-e-type=\"widget\" data-widget_type=\"image.default\">\n\t\t\t\t<div class=\"elementor-widget-container\">\n\t\t\t\t\t\t\t\t\t\t\t\t\t\t\t<img loading=\"lazy\" decoding=\"async\" width=\"1200\" height=\"800\" src=\"https:\/\/plichtaregina.hu\/wp-content\/themes\/woodmart\/images\/lazy.svg\" data-src=\"https:\/\/plichtaregina.hu\/wp-content\/uploads\/2023\/06\/Nevjegykartya-1-mod.jpg\" class=\" wd-lazy-fade attachment-full size-full wp-image-604\" alt=\"\" srcset=\"\" data-srcset=\"https:\/\/plichtaregina.hu\/wp-content\/uploads\/2023\/06\/Nevjegykartya-1-mod.jpg 1200w, https:\/\/plichtaregina.hu\/wp-content\/uploads\/2023\/06\/Nevjegykartya-1-mod-300x200.jpg 300w, https:\/\/plichtaregina.hu\/wp-content\/uploads\/2023\/06\/Nevjegykartya-1-mod-1024x683.jpg 1024w, https:\/\/plichtaregina.hu\/wp-content\/uploads\/2023\/06\/Nevjegykartya-1-mod-768x512.jpg 768w\" sizes=\"(max-width: 1200px) 100vw, 1200px\" \/>\t\t\t\t\t\t\t\t\t\t\t\t\t\t\t<\/div>\n\t\t\t\t<\/div>\n\t\t\t\t<div class=\"elementor-element elementor-element-f0b62b3 elementor-hidden-desktop elementor-widget elementor-widget-image\" data-id=\"f0b62b3\" data-element_type=\"widget\" data-e-type=\"widget\" data-widget_type=\"image.default\">\n\t\t\t\t<div class=\"elementor-widget-container\">\n\t\t\t\t\t\t\t\t\t\t\t\t\t\t\t<img loading=\"lazy\" decoding=\"async\" width=\"429\" height=\"450\" src=\"https:\/\/plichtaregina.hu\/wp-content\/themes\/woodmart\/images\/lazy.svg\" data-src=\"https:\/\/plichtaregina.hu\/wp-content\/uploads\/2023\/06\/czirkosattila-logo.png\" class=\" wd-lazy-fade attachment-full size-full wp-image-605\" alt=\"\" srcset=\"\" data-srcset=\"https:\/\/plichtaregina.hu\/wp-content\/uploads\/2023\/06\/czirkosattila-logo.png 429w, https:\/\/plichtaregina.hu\/wp-content\/uploads\/2023\/06\/czirkosattila-logo-286x300.png 286w\" sizes=\"(max-width: 429px) 100vw, 429px\" \/>\t\t\t\t\t\t\t\t\t\t\t\t\t\t\t<\/div>\n\t\t\t\t<\/div>\n\t\t\t\t\t<\/div>\n\t\t<\/div>\n\t\t\t\t\t<\/div>\n\t\t<\/section>\n\t\t\t\t<section class=\"wd-negative-gap elementor-section elementor-top-section elementor-element elementor-element-62a59eae elementor-section-full_width elementor-section-content-top elementor-hidden-tablet elementor-hidden-mobile elementor-section-height-default elementor-section-height-default\" data-id=\"62a59eae\" data-element_type=\"section\" data-e-type=\"section\">\n\t\t\t\t\t\t<div class=\"elementor-container elementor-column-gap-no\">\n\t\t\t\t\t<div class=\"elementor-column elementor-col-33 elementor-top-column elementor-element elementor-element-190b6e9a\" data-id=\"190b6e9a\" data-element_type=\"column\" data-e-type=\"column\">\n\t\t\t<div class=\"elementor-widget-wrap elementor-element-populated\">\n\t\t\t\t\t\t<div class=\"elementor-element elementor-element-03f662f elementor-widget elementor-widget-image\" data-id=\"03f662f\" data-element_type=\"widget\" data-e-type=\"widget\" data-settings=\"{&quot;motion_fx_motion_fx_scrolling&quot;:&quot;yes&quot;,&quot;motion_fx_blur_effect&quot;:&quot;yes&quot;,&quot;motion_fx_blur_direction&quot;:&quot;out-in-out&quot;,&quot;motion_fx_blur_level&quot;:{&quot;unit&quot;:&quot;px&quot;,&quot;size&quot;:10,&quot;sizes&quot;:[]},&quot;motion_fx_blur_range&quot;:{&quot;unit&quot;:&quot;%&quot;,&quot;size&quot;:&quot;&quot;,&quot;sizes&quot;:{&quot;start&quot;:30,&quot;end&quot;:70}},&quot;motion_fx_devices&quot;:[&quot;desktop&quot;,&quot;tablet&quot;,&quot;mobile&quot;]}\" data-widget_type=\"image.default\">\n\t\t\t\t<div class=\"elementor-widget-container\">\n\t\t\t\t\t\t\t\t\t\t\t\t\t\t\t<img loading=\"lazy\" decoding=\"async\" width=\"1024\" height=\"719\" src=\"https:\/\/plichtaregina.hu\/wp-content\/themes\/woodmart\/images\/lazy.svg\" data-src=\"https:\/\/plichtaregina.hu\/wp-content\/uploads\/2023\/06\/logomockup32-1024x719.jpg\" class=\" wd-lazy-fade attachment-large size-large wp-image-603\" alt=\"\" srcset=\"\" data-srcset=\"https:\/\/plichtaregina.hu\/wp-content\/uploads\/2023\/06\/logomockup32-1024x719.jpg 1024w, https:\/\/plichtaregina.hu\/wp-content\/uploads\/2023\/06\/logomockup32-300x211.jpg 300w, https:\/\/plichtaregina.hu\/wp-content\/uploads\/2023\/06\/logomockup32-768x539.jpg 768w, https:\/\/plichtaregina.hu\/wp-content\/uploads\/2023\/06\/logomockup32.jpg 1200w\" sizes=\"(max-width: 1024px) 100vw, 1024px\" \/>\t\t\t\t\t\t\t\t\t\t\t\t\t\t\t<\/div>\n\t\t\t\t<\/div>\n\t\t\t\t\t<\/div>\n\t\t<\/div>\n\t\t\t\t<div class=\"elementor-column elementor-col-33 elementor-top-column elementor-element elementor-element-60b5e6c\" data-id=\"60b5e6c\" data-element_type=\"column\" data-e-type=\"column\">\n\t\t\t<div class=\"elementor-widget-wrap elementor-element-populated\">\n\t\t\t\t\t\t<div class=\"elementor-element elementor-element-7332909 elementor-widget elementor-widget-image\" data-id=\"7332909\" data-element_type=\"widget\" data-e-type=\"widget\" data-widget_type=\"image.default\">\n\t\t\t\t<div class=\"elementor-widget-container\">\n\t\t\t\t\t\t\t\t\t\t\t\t\t\t\t<img loading=\"lazy\" decoding=\"async\" width=\"1024\" height=\"683\" src=\"https:\/\/plichtaregina.hu\/wp-content\/themes\/woodmart\/images\/lazy.svg\" data-src=\"https:\/\/plichtaregina.hu\/wp-content\/uploads\/2023\/06\/Nevjegykartya-1-mod-1024x683.jpg\" class=\" wd-lazy-fade attachment-large size-large wp-image-604\" alt=\"\" srcset=\"\" data-srcset=\"https:\/\/plichtaregina.hu\/wp-content\/uploads\/2023\/06\/Nevjegykartya-1-mod-1024x683.jpg 1024w, https:\/\/plichtaregina.hu\/wp-content\/uploads\/2023\/06\/Nevjegykartya-1-mod-300x200.jpg 300w, https:\/\/plichtaregina.hu\/wp-content\/uploads\/2023\/06\/Nevjegykartya-1-mod-768x512.jpg 768w, https:\/\/plichtaregina.hu\/wp-content\/uploads\/2023\/06\/Nevjegykartya-1-mod.jpg 1200w\" sizes=\"(max-width: 1024px) 100vw, 1024px\" \/>\t\t\t\t\t\t\t\t\t\t\t\t\t\t\t<\/div>\n\t\t\t\t<\/div>\n\t\t\t\t\t<\/div>\n\t\t<\/div>\n\t\t\t\t<div class=\"elementor-column elementor-col-33 elementor-top-column elementor-element elementor-element-f638a2c\" data-id=\"f638a2c\" data-element_type=\"column\" data-e-type=\"column\">\n\t\t\t<div class=\"elementor-widget-wrap elementor-element-populated\">\n\t\t\t\t\t\t<div class=\"elementor-element elementor-element-91491c7 elementor-widget elementor-widget-image\" data-id=\"91491c7\" data-element_type=\"widget\" data-e-type=\"widget\" data-widget_type=\"image.default\">\n\t\t\t\t<div class=\"elementor-widget-container\">\n\t\t\t\t\t\t\t\t\t\t\t\t\t\t\t<img loading=\"lazy\" decoding=\"async\" width=\"429\" height=\"450\" src=\"https:\/\/plichtaregina.hu\/wp-content\/themes\/woodmart\/images\/lazy.svg\" data-src=\"https:\/\/plichtaregina.hu\/wp-content\/uploads\/2023\/06\/czirkosattila-logo.png\" class=\" wd-lazy-fade attachment-full size-full wp-image-605\" alt=\"\" srcset=\"\" data-srcset=\"https:\/\/plichtaregina.hu\/wp-content\/uploads\/2023\/06\/czirkosattila-logo.png 429w, https:\/\/plichtaregina.hu\/wp-content\/uploads\/2023\/06\/czirkosattila-logo-286x300.png 286w\" sizes=\"(max-width: 429px) 100vw, 429px\" \/>\t\t\t\t\t\t\t\t\t\t\t\t\t\t\t<\/div>\n\t\t\t\t<\/div>\n\t\t\t\t\t<\/div>\n\t\t<\/div>\n\t\t\t\t\t<\/div>\n\t\t<\/section>\n\t\t\t\t<\/div>\n\t\t","protected":false},"excerpt":{"rendered":"<p>Czirkos Attila log\u00f3 &#038; n\u00e9vjegy B\u0151vebben a projektr\u0151l Attila egy helyi v\u00e1llalkoz\u00f3, aki asztalosk\u00e9nt dolgozik. Log\u00f3 tervez\u00e9s\u00e9vel keresett meg, amely<\/p>","protected":false},"author":1,"featured_media":0,"parent":0,"menu_order":0,"comment_status":"closed","ping_status":"closed","template":"","meta":{"_seopress_robots_primary_cat":"","_seopress_titles_title":"","_seopress_titles_desc":"","_seopress_robots_index":"","_crdt_document":"","footnotes":""},"class_list":["post-596","page","type-page","status-publish","hentry"],"_links":{"self":[{"href":"https:\/\/plichtaregina.hu\/en\/wp-json\/wp\/v2\/pages\/596","targetHints":{"allow":["GET"]}}],"collection":[{"href":"https:\/\/plichtaregina.hu\/en\/wp-json\/wp\/v2\/pages"}],"about":[{"href":"https:\/\/plichtaregina.hu\/en\/wp-json\/wp\/v2\/types\/page"}],"author":[{"embeddable":true,"href":"https:\/\/plichtaregina.hu\/en\/wp-json\/wp\/v2\/users\/1"}],"replies":[{"embeddable":true,"href":"https:\/\/plichtaregina.hu\/en\/wp-json\/wp\/v2\/comments?post=596"}],"version-history":[{"count":1,"href":"https:\/\/plichtaregina.hu\/en\/wp-json\/wp\/v2\/pages\/596\/revisions"}],"predecessor-version":[{"id":1191,"href":"https:\/\/plichtaregina.hu\/en\/wp-json\/wp\/v2\/pages\/596\/revisions\/1191"}],"wp:attachment":[{"href":"https:\/\/plichtaregina.hu\/en\/wp-json\/wp\/v2\/media?parent=596"}],"curies":[{"name":"wp","href":"https:\/\/api.w.org\/{rel}","templated":true}]}}