{"id":612,"date":"2023-06-22T14:32:25","date_gmt":"2023-06-22T12:32:25","guid":{"rendered":"https:\/\/plichtaregina.hu\/?page_id=612"},"modified":"2024-05-14T15:28:05","modified_gmt":"2024-05-14T13:28:05","slug":"nissin-intranet-design","status":"publish","type":"page","link":"https:\/\/plichtaregina.hu\/en\/nissin-intranet-design\/","title":{"rendered":"Nissin Intranet design"},"content":{"rendered":"\t\t<div data-elementor-type=\"wp-page\" data-elementor-id=\"612\" class=\"elementor elementor-612\" data-elementor-post-type=\"page\">\n\t\t\t\t\t\t<section class=\"wd-negative-gap elementor-section elementor-top-section elementor-element elementor-element-2cbff94a elementor-section-full_width elementor-section-stretched elementor-section-content-bottom elementor-section-height-default elementor-section-height-default\" data-id=\"2cbff94a\" data-element_type=\"section\" data-e-type=\"section\" data-settings=\"{&quot;stretch_section&quot;:&quot;section-stretched&quot;,&quot;background_background&quot;:&quot;classic&quot;}\">\n\t\t\t\t\t\t<div class=\"elementor-container elementor-column-gap-default\">\n\t\t\t\t\t<div class=\"elementor-column elementor-col-100 elementor-top-column elementor-element elementor-element-422b7f0\" data-id=\"422b7f0\" data-element_type=\"column\" data-e-type=\"column\" data-settings=\"{&quot;background_background&quot;:&quot;classic&quot;}\">\n\t\t\t<div class=\"elementor-widget-wrap elementor-element-populated\">\n\t\t\t\t\t<div class=\"elementor-background-overlay\"><\/div>\n\t\t\t\t\t\t<div class=\"elementor-element elementor-element-5ddbd85 elementor-widget elementor-widget-image\" data-id=\"5ddbd85\" data-element_type=\"widget\" data-e-type=\"widget\" data-widget_type=\"image.default\">\n\t\t\t\t<div class=\"elementor-widget-container\">\n\t\t\t\t\t\t\t\t\t\t\t\t\t\t\t<img fetchpriority=\"high\" decoding=\"async\" width=\"2000\" height=\"1300\" src=\"https:\/\/plichtaregina.hu\/wp-content\/themes\/woodmart\/images\/lazy.svg\" class=\"attachment-full size-full wp-image-616 wd-lazy-fade\" alt=\"\" srcset=\"\" sizes=\"(max-width: 2000px) 100vw, 2000px\" data-src=\"https:\/\/plichtaregina.hu\/wp-content\/uploads\/2023\/06\/hatter-nelkuli-desktop-mockup.png\" data-srcset=\"https:\/\/plichtaregina.hu\/wp-content\/uploads\/2023\/06\/hatter-nelkuli-desktop-mockup.png 2000w, https:\/\/plichtaregina.hu\/wp-content\/uploads\/2023\/06\/hatter-nelkuli-desktop-mockup-300x195.png 300w, https:\/\/plichtaregina.hu\/wp-content\/uploads\/2023\/06\/hatter-nelkuli-desktop-mockup-1024x666.png 1024w, https:\/\/plichtaregina.hu\/wp-content\/uploads\/2023\/06\/hatter-nelkuli-desktop-mockup-768x499.png 768w, https:\/\/plichtaregina.hu\/wp-content\/uploads\/2023\/06\/hatter-nelkuli-desktop-mockup-1536x998.png 1536w\" \/>\t\t\t\t\t\t\t\t\t\t\t\t\t\t\t<\/div>\n\t\t\t\t<\/div>\n\t\t\t\t\t<\/div>\n\t\t<\/div>\n\t\t\t\t\t<\/div>\n\t\t<\/section>\n\t\t\t\t<section class=\"wd-negative-gap elementor-section elementor-top-section elementor-element elementor-element-fa11077 elementor-section-boxed elementor-section-height-default elementor-section-height-default\" data-id=\"fa11077\" data-element_type=\"section\" data-e-type=\"section\">\n\t\t\t\t\t\t<div class=\"elementor-container elementor-column-gap-default\">\n\t\t\t\t\t<div class=\"elementor-column elementor-col-100 elementor-top-column elementor-element elementor-element-6cec301\" data-id=\"6cec301\" data-element_type=\"column\" data-e-type=\"column\">\n\t\t\t<div class=\"elementor-widget-wrap elementor-element-populated\">\n\t\t\t\t\t\t<div class=\"elementor-element elementor-element-da1d037 elementor-widget elementor-widget-heading\" data-id=\"da1d037\" data-element_type=\"widget\" data-e-type=\"widget\" data-settings=\"{&quot;motion_fx_motion_fx_scrolling&quot;:&quot;yes&quot;,&quot;motion_fx_blur_effect&quot;:&quot;yes&quot;,&quot;motion_fx_blur_direction&quot;:&quot;in-out&quot;,&quot;motion_fx_blur_level&quot;:{&quot;unit&quot;:&quot;px&quot;,&quot;size&quot;:10,&quot;sizes&quot;:[]},&quot;motion_fx_blur_range&quot;:{&quot;unit&quot;:&quot;%&quot;,&quot;size&quot;:&quot;&quot;,&quot;sizes&quot;:{&quot;start&quot;:63,&quot;end&quot;:100}},&quot;motion_fx_devices&quot;:[&quot;desktop&quot;,&quot;tablet&quot;,&quot;mobile&quot;]}\" data-widget_type=\"heading.default\">\n\t\t\t\t<div class=\"elementor-widget-container\">\n\t\t\t\t\t<h2 class=\"elementor-heading-title elementor-size-default\">Nissin foods\nIntranet design<\/h2>\t\t\t\t<\/div>\n\t\t\t\t<\/div>\n\t\t\t\t\t<\/div>\n\t\t<\/div>\n\t\t\t\t\t<\/div>\n\t\t<\/section>\n\t\t\t\t<section class=\"wd-negative-gap elementor-section elementor-top-section elementor-element elementor-element-c858c7e elementor-section-boxed elementor-section-height-default elementor-section-height-default\" data-id=\"c858c7e\" data-element_type=\"section\" data-e-type=\"section\">\n\t\t\t\t\t\t<div class=\"elementor-container elementor-column-gap-default\">\n\t\t\t\t\t<div class=\"elementor-column elementor-col-50 elementor-top-column elementor-element elementor-element-d0d6723\" data-id=\"d0d6723\" data-element_type=\"column\" data-e-type=\"column\">\n\t\t\t<div class=\"elementor-widget-wrap elementor-element-populated\">\n\t\t\t\t\t\t<div class=\"elementor-element elementor-element-652118f elementor-widget elementor-widget-heading\" data-id=\"652118f\" data-element_type=\"widget\" data-e-type=\"widget\" data-widget_type=\"heading.default\">\n\t\t\t\t<div class=\"elementor-widget-container\">\n\t\t\t\t\t<h2 class=\"elementor-heading-title elementor-size-default\">B\u0151vebben a projektr\u0151l<\/h2>\t\t\t\t<\/div>\n\t\t\t\t<\/div>\n\t\t\t\t<div class=\"elementor-element elementor-element-af0eba3 color-scheme-inherit text-left elementor-widget elementor-widget-text-editor\" data-id=\"af0eba3\" data-element_type=\"widget\" data-e-type=\"widget\" data-widget_type=\"text-editor.default\">\n\t\t\t\t<div class=\"elementor-widget-container\">\n\t\t\t\t\t\t\t\t\t<p>A Nissin Foods egy sokak \u00e1ltal j\u00f3l ismert jap\u00e1n eredet\u0171 c\u00e9g, amelynek f\u0151 profilja a k\u00fcl\u00f6nf\u00e9le instant levesek gy\u00e1rt\u00e1sa. 2017-ben pedig Magyarorsz\u00e1gon, helyileg Kecskem\u00e9ten is megny\u00edlt a Nissin \u00faj gy\u00e1ra, amely eg\u00e9sz Eur\u00f3p\u00e1t l\u00e1tja el a vil\u00e1gszerte n\u00e9pszer\u0171 instant t\u00e9szt\u00e1kkal \u00e9s levesekkel.<\/p>\t\t\t\t\t\t\t\t<\/div>\n\t\t\t\t<\/div>\n\t\t\t\t<div class=\"elementor-element elementor-element-60dcc75 elementor-widget elementor-widget-wd_text_block\" data-id=\"60dcc75\" data-element_type=\"widget\" data-e-type=\"widget\" data-widget_type=\"wd_text_block.default\">\n\t\t\t\t<div class=\"elementor-widget-container\">\n\t\t\t\t\t\t\t<div class=\"wd-text-block reset-last-child text-left\">\n\t\t\t\n\t\t\t<p>A gy\u00e1r t\u00f6bb sz\u00e1z embert<br \/>foglalkoztat, \u00edgy a bels\u0151<br \/>kommunik\u00e1ci\u00f3 meggyors\u00edt\u00e1sa <br \/>\u00e9rdek\u00e9ben a vezet\u0151s\u00e9g \u00fagy <br \/>d\u00f6nt\u00f6tt, egy intranet fel\u00fcletet fejleszt ki a dolgoz\u00f3k sz\u00e1m\u00e1ra.<\/p>\n\t\t\t\t\t<\/div>\n\t\t\t\t\t\t<\/div>\n\t\t\t\t<\/div>\n\t\t\t\t<div class=\"elementor-element elementor-element-8c67ac8 color-scheme-inherit text-left elementor-widget elementor-widget-text-editor\" data-id=\"8c67ac8\" data-element_type=\"widget\" data-e-type=\"widget\" data-widget_type=\"text-editor.default\">\n\t\t\t\t<div class=\"elementor-widget-container\">\n\t\t\t\t\t\t\t\t\t<p>A fel\u00fcleten a k\u00fcl\u00f6nb\u00f6z\u0151 r\u00e9szlegek gyorsan \u00e9s egyszer\u0171en tov\u00e1bb\u00edthatnak k\u00fcl\u00f6nf\u00e9le dokumentumokat \u00e9s inform\u00e1ci\u00f3kat egym\u00e1s k\u00f6zt, valamint az aktu\u00e1lis termel\u00e9si sz\u00e1mok \u00e9s esem\u00e9nyek is megtal\u00e1lhat\u00f3ak az intraneten.<br \/><br \/>A projektben a fejleszt\u0151kkel egy\u00fctt dolgozva \u00e9n a design\u00e9rt voltam felel\u0151s. A Nissin egy\u00e9b fel\u00fcletein is j\u00f3l ismert sz\u00ednek \u00e9s text\u00far\u00e1k az intraneten is fellelhet\u0151ek, valamint saj\u00e1t, a c\u00e9lra tervezett ikon- \u00e9s illusztr\u00e1ci\u00f3 szettel is b\u0151v\u00fclt a fel\u00fclet.<br \/><br \/>A c\u00e9g ikonikus kabala\u00e1llata, Hiyoko-chan is megjelenik az oldal k\u00fcl\u00f6nb\u00f6z\u0151 fel\u00fcletein. A t\u00f6bb h\u00e9ten \u00e1t tart\u00f3, j\u00f3 hangulat\u00fa meetingek eredm\u00e9nye a f\u0151oldal \u00e9s 3 aloldal designterve, amely 2023 febru\u00e1rj\u00e1ban m\u00e1r lefejlesztve el is startolt a dolgoz\u00f3k k\u00f6r\u00e9ben is.<\/p>\t\t\t\t\t\t\t\t<\/div>\n\t\t\t\t<\/div>\n\t\t\t\t\t<\/div>\n\t\t<\/div>\n\t\t\t\t<div class=\"elementor-column elementor-col-50 elementor-top-column elementor-element elementor-element-291db58\" data-id=\"291db58\" data-element_type=\"column\" data-e-type=\"column\">\n\t\t\t<div class=\"elementor-widget-wrap elementor-element-populated\">\n\t\t\t\t\t\t<div class=\"elementor-element elementor-element-c1d9837 elementor-widget elementor-widget-image\" data-id=\"c1d9837\" data-element_type=\"widget\" data-e-type=\"widget\" data-widget_type=\"image.default\">\n\t\t\t\t<div class=\"elementor-widget-container\">\n\t\t\t\t\t\t\t\t\t\t\t\t\t\t\t<img decoding=\"async\" width=\"654\" height=\"468\" src=\"https:\/\/plichtaregina.hu\/wp-content\/themes\/woodmart\/images\/lazy.svg\" class=\"attachment-full size-full wp-image-618 wd-lazy-fade\" alt=\"\" srcset=\"\" sizes=\"(max-width: 654px) 100vw, 654px\" data-src=\"https:\/\/plichtaregina.hu\/wp-content\/uploads\/2023\/06\/nissin-szinpaletta.png\" data-srcset=\"https:\/\/plichtaregina.hu\/wp-content\/uploads\/2023\/06\/nissin-szinpaletta.png 654w, https:\/\/plichtaregina.hu\/wp-content\/uploads\/2023\/06\/nissin-szinpaletta-300x215.png 300w\" \/>\t\t\t\t\t\t\t\t\t\t\t\t\t\t\t<\/div>\n\t\t\t\t<\/div>\n\t\t\t\t<div class=\"elementor-element elementor-element-5074cde elementor-widget elementor-widget-image\" data-id=\"5074cde\" data-element_type=\"widget\" data-e-type=\"widget\" data-widget_type=\"image.default\">\n\t\t\t\t<div class=\"elementor-widget-container\">\n\t\t\t\t\t\t\t\t\t\t\t\t\t\t\t<img decoding=\"async\" width=\"577\" height=\"378\" src=\"https:\/\/plichtaregina.hu\/wp-content\/themes\/woodmart\/images\/lazy.svg\" class=\"attachment-full size-full wp-image-619 wd-lazy-fade\" alt=\"\" srcset=\"\" sizes=\"(max-width: 577px) 100vw, 577px\" data-src=\"https:\/\/plichtaregina.hu\/wp-content\/uploads\/2023\/06\/nissin-ikonok.png\" data-srcset=\"https:\/\/plichtaregina.hu\/wp-content\/uploads\/2023\/06\/nissin-ikonok.png 577w, https:\/\/plichtaregina.hu\/wp-content\/uploads\/2023\/06\/nissin-ikonok-300x197.png 300w\" \/>\t\t\t\t\t\t\t\t\t\t\t\t\t\t\t<\/div>\n\t\t\t\t<\/div>\n\t\t\t\t\t<\/div>\n\t\t<\/div>\n\t\t\t\t\t<\/div>\n\t\t<\/section>\n\t\t\t\t<section class=\"wd-negative-gap elementor-section elementor-top-section elementor-element elementor-element-c224699 elementor-section-boxed elementor-section-height-default elementor-section-height-default\" data-id=\"c224699\" data-element_type=\"section\" data-e-type=\"section\">\n\t\t\t\t\t\t<div class=\"elementor-container elementor-column-gap-default\">\n\t\t\t\t\t<div class=\"elementor-column elementor-col-100 elementor-top-column elementor-element elementor-element-ef2ab3d\" data-id=\"ef2ab3d\" data-element_type=\"column\" data-e-type=\"column\">\n\t\t\t<div class=\"elementor-widget-wrap elementor-element-populated\">\n\t\t\t\t\t\t<div class=\"elementor-element elementor-element-5971259 elementor-widget elementor-widget-image\" data-id=\"5971259\" data-element_type=\"widget\" data-e-type=\"widget\" data-widget_type=\"image.default\">\n\t\t\t\t<div class=\"elementor-widget-container\">\n\t\t\t\t\t\t\t\t\t\t\t\t\t\t\t<img loading=\"lazy\" decoding=\"async\" width=\"964\" height=\"1024\" src=\"https:\/\/plichtaregina.hu\/wp-content\/themes\/woodmart\/images\/lazy.svg\" class=\"attachment-large size-large wp-image-620 wd-lazy-fade\" alt=\"\" srcset=\"\" sizes=\"(max-width: 964px) 100vw, 964px\" data-src=\"https:\/\/plichtaregina.hu\/wp-content\/uploads\/2023\/06\/nissin-screen-1-964x1024.png\" data-srcset=\"https:\/\/plichtaregina.hu\/wp-content\/uploads\/2023\/06\/nissin-screen-1-964x1024.png 964w, https:\/\/plichtaregina.hu\/wp-content\/uploads\/2023\/06\/nissin-screen-1-282x300.png 282w, https:\/\/plichtaregina.hu\/wp-content\/uploads\/2023\/06\/nissin-screen-1-768x816.png 768w, https:\/\/plichtaregina.hu\/wp-content\/uploads\/2023\/06\/nissin-screen-1.png 968w\" \/>\t\t\t\t\t\t\t\t\t\t\t\t\t\t\t<\/div>\n\t\t\t\t<\/div>\n\t\t\t\t<div class=\"elementor-element elementor-element-fd34879 elementor-widget elementor-widget-image\" data-id=\"fd34879\" data-element_type=\"widget\" data-e-type=\"widget\" data-widget_type=\"image.default\">\n\t\t\t\t<div class=\"elementor-widget-container\">\n\t\t\t\t\t\t\t\t\t\t\t\t\t\t\t<img loading=\"lazy\" decoding=\"async\" width=\"967\" height=\"1001\" src=\"https:\/\/plichtaregina.hu\/wp-content\/themes\/woodmart\/images\/lazy.svg\" class=\"attachment-large size-large wp-image-621 wd-lazy-fade\" alt=\"\" srcset=\"\" sizes=\"(max-width: 967px) 100vw, 967px\" data-src=\"https:\/\/plichtaregina.hu\/wp-content\/uploads\/2023\/06\/Nissin-screen-2.png\" data-srcset=\"https:\/\/plichtaregina.hu\/wp-content\/uploads\/2023\/06\/Nissin-screen-2.png 967w, https:\/\/plichtaregina.hu\/wp-content\/uploads\/2023\/06\/Nissin-screen-2-290x300.png 290w, https:\/\/plichtaregina.hu\/wp-content\/uploads\/2023\/06\/Nissin-screen-2-768x795.png 768w\" \/>\t\t\t\t\t\t\t\t\t\t\t\t\t\t\t<\/div>\n\t\t\t\t<\/div>\n\t\t\t\t<div class=\"elementor-element elementor-element-b001e59 elementor-widget elementor-widget-image\" data-id=\"b001e59\" data-element_type=\"widget\" data-e-type=\"widget\" data-widget_type=\"image.default\">\n\t\t\t\t<div class=\"elementor-widget-container\">\n\t\t\t\t\t\t\t\t\t\t\t\t\t\t\t<img loading=\"lazy\" decoding=\"async\" width=\"965\" height=\"750\" src=\"https:\/\/plichtaregina.hu\/wp-content\/themes\/woodmart\/images\/lazy.svg\" class=\"attachment-large size-large wp-image-622 wd-lazy-fade\" alt=\"\" srcset=\"\" sizes=\"(max-width: 965px) 100vw, 965px\" data-src=\"https:\/\/plichtaregina.hu\/wp-content\/uploads\/2023\/06\/Nissin-screen-3.png\" data-srcset=\"https:\/\/plichtaregina.hu\/wp-content\/uploads\/2023\/06\/Nissin-screen-3.png 965w, https:\/\/plichtaregina.hu\/wp-content\/uploads\/2023\/06\/Nissin-screen-3-300x233.png 300w, https:\/\/plichtaregina.hu\/wp-content\/uploads\/2023\/06\/Nissin-screen-3-768x597.png 768w\" \/>\t\t\t\t\t\t\t\t\t\t\t\t\t\t\t<\/div>\n\t\t\t\t<\/div>\n\t\t\t\t\t<\/div>\n\t\t<\/div>\n\t\t\t\t\t<\/div>\n\t\t<\/section>\n\t\t\t\t<\/div>\n\t\t","protected":false},"excerpt":{"rendered":"<p>Nissin foods Intranet design B\u0151vebben a projektr\u0151l A Nissin Foods egy sokak \u00e1ltal j\u00f3l ismert jap\u00e1n eredet\u0171 c\u00e9g, amelynek f\u0151<\/p>","protected":false},"author":1,"featured_media":0,"parent":0,"menu_order":0,"comment_status":"closed","ping_status":"closed","template":"","meta":{"_seopress_robots_primary_cat":"","_seopress_titles_title":"","_seopress_titles_desc":"","_seopress_robots_index":"","_crdt_document":"","footnotes":""},"class_list":["post-612","page","type-page","status-publish","hentry"],"_links":{"self":[{"href":"https:\/\/plichtaregina.hu\/en\/wp-json\/wp\/v2\/pages\/612","targetHints":{"allow":["GET"]}}],"collection":[{"href":"https:\/\/plichtaregina.hu\/en\/wp-json\/wp\/v2\/pages"}],"about":[{"href":"https:\/\/plichtaregina.hu\/en\/wp-json\/wp\/v2\/types\/page"}],"author":[{"embeddable":true,"href":"https:\/\/plichtaregina.hu\/en\/wp-json\/wp\/v2\/users\/1"}],"replies":[{"embeddable":true,"href":"https:\/\/plichtaregina.hu\/en\/wp-json\/wp\/v2\/comments?post=612"}],"version-history":[{"count":1,"href":"https:\/\/plichtaregina.hu\/en\/wp-json\/wp\/v2\/pages\/612\/revisions"}],"predecessor-version":[{"id":1196,"href":"https:\/\/plichtaregina.hu\/en\/wp-json\/wp\/v2\/pages\/612\/revisions\/1196"}],"wp:attachment":[{"href":"https:\/\/plichtaregina.hu\/en\/wp-json\/wp\/v2\/media?parent=612"}],"curies":[{"name":"wp","href":"https:\/\/api.w.org\/{rel}","templated":true}]}}