{"id":626,"date":"2023-06-22T15:27:43","date_gmt":"2023-06-22T13:27:43","guid":{"rendered":"https:\/\/plichtaregina.hu\/?page_id=626"},"modified":"2024-05-14T15:28:06","modified_gmt":"2024-05-14T13:28:06","slug":"skal-keramia-webshop","status":"publish","type":"page","link":"https:\/\/plichtaregina.hu\/en\/skal-keramia-webshop\/","title":{"rendered":"Skal ceramics\u2028webshop"},"content":{"rendered":"\t\t<div data-elementor-type=\"wp-page\" data-elementor-id=\"626\" class=\"elementor elementor-626\" data-elementor-post-type=\"page\">\n\t\t\t\t\t\t<section class=\"wd-negative-gap elementor-section elementor-top-section elementor-element elementor-element-2cbff94a elementor-section-full_width elementor-section-stretched elementor-section-content-bottom elementor-section-height-default elementor-section-height-default\" data-id=\"2cbff94a\" data-element_type=\"section\" data-e-type=\"section\" data-settings=\"{&quot;stretch_section&quot;:&quot;section-stretched&quot;,&quot;background_background&quot;:&quot;classic&quot;}\">\n\t\t\t\t\t\t<div class=\"elementor-container elementor-column-gap-default\">\n\t\t\t\t\t<div class=\"elementor-column elementor-col-100 elementor-top-column elementor-element elementor-element-422b7f0\" data-id=\"422b7f0\" data-element_type=\"column\" data-e-type=\"column\" data-settings=\"{&quot;background_background&quot;:&quot;classic&quot;}\">\n\t\t\t<div class=\"elementor-widget-wrap elementor-element-populated\">\n\t\t\t\t\t<div class=\"elementor-background-overlay\"><\/div>\n\t\t\t\t\t\t<div class=\"elementor-element elementor-element-5ddbd85 elementor-widget elementor-widget-image\" data-id=\"5ddbd85\" data-element_type=\"widget\" data-e-type=\"widget\" data-widget_type=\"image.default\">\n\t\t\t\t<div class=\"elementor-widget-container\">\n\t\t\t\t\t\t\t\t\t\t\t\t\t\t\t<img fetchpriority=\"high\" decoding=\"async\" width=\"1200\" height=\"800\" src=\"https:\/\/plichtaregina.hu\/wp-content\/themes\/woodmart\/images\/lazy.svg\" class=\"attachment-full size-full wp-image-630 wd-lazy-fade\" alt=\"\" srcset=\"\" sizes=\"(max-width: 1200px) 100vw, 1200px\" data-src=\"https:\/\/plichtaregina.hu\/wp-content\/uploads\/2023\/06\/tp238-pf-s73-05-mockup.png\" data-srcset=\"https:\/\/plichtaregina.hu\/wp-content\/uploads\/2023\/06\/tp238-pf-s73-05-mockup.png 1200w, https:\/\/plichtaregina.hu\/wp-content\/uploads\/2023\/06\/tp238-pf-s73-05-mockup-300x200.png 300w, https:\/\/plichtaregina.hu\/wp-content\/uploads\/2023\/06\/tp238-pf-s73-05-mockup-1024x683.png 1024w, https:\/\/plichtaregina.hu\/wp-content\/uploads\/2023\/06\/tp238-pf-s73-05-mockup-768x512.png 768w\" \/>\t\t\t\t\t\t\t\t\t\t\t\t\t\t\t<\/div>\n\t\t\t\t<\/div>\n\t\t\t\t\t<\/div>\n\t\t<\/div>\n\t\t\t\t\t<\/div>\n\t\t<\/section>\n\t\t\t\t<section class=\"wd-negative-gap elementor-section elementor-top-section elementor-element elementor-element-fa11077 elementor-section-boxed elementor-section-height-default elementor-section-height-default\" data-id=\"fa11077\" data-element_type=\"section\" data-e-type=\"section\">\n\t\t\t\t\t\t<div class=\"elementor-container elementor-column-gap-default\">\n\t\t\t\t\t<div class=\"elementor-column elementor-col-100 elementor-top-column elementor-element elementor-element-6cec301\" data-id=\"6cec301\" data-element_type=\"column\" data-e-type=\"column\">\n\t\t\t<div class=\"elementor-widget-wrap elementor-element-populated\">\n\t\t\t\t\t\t<div class=\"elementor-element elementor-element-a2a5a3e elementor-widget elementor-widget-heading\" data-id=\"a2a5a3e\" data-element_type=\"widget\" data-e-type=\"widget\" data-widget_type=\"heading.default\">\n\t\t\t\t<div class=\"elementor-widget-container\">\n\t\t\t\t\t<h2 class=\"elementor-heading-title elementor-size-default\">Holl\u00f3ka UX\/UI Gyakorlat<\/h2>\t\t\t\t<\/div>\n\t\t\t\t<\/div>\n\t\t\t\t<div class=\"elementor-element elementor-element-da1d037 elementor-widget elementor-widget-heading\" data-id=\"da1d037\" data-element_type=\"widget\" data-e-type=\"widget\" data-settings=\"{&quot;motion_fx_motion_fx_scrolling&quot;:&quot;yes&quot;,&quot;motion_fx_blur_effect&quot;:&quot;yes&quot;,&quot;motion_fx_blur_direction&quot;:&quot;in-out&quot;,&quot;motion_fx_blur_level&quot;:{&quot;unit&quot;:&quot;px&quot;,&quot;size&quot;:10,&quot;sizes&quot;:[]},&quot;motion_fx_blur_range&quot;:{&quot;unit&quot;:&quot;%&quot;,&quot;size&quot;:&quot;&quot;,&quot;sizes&quot;:{&quot;start&quot;:63,&quot;end&quot;:100}},&quot;motion_fx_devices&quot;:[&quot;desktop&quot;,&quot;tablet&quot;,&quot;mobile&quot;]}\" data-widget_type=\"heading.default\">\n\t\t\t\t<div class=\"elementor-widget-container\">\n\t\t\t\t\t<h2 class=\"elementor-heading-title elementor-size-default\">Skal ker\u00e1mia webshop<\/h2>\t\t\t\t<\/div>\n\t\t\t\t<\/div>\n\t\t\t\t\t<\/div>\n\t\t<\/div>\n\t\t\t\t\t<\/div>\n\t\t<\/section>\n\t\t\t\t<section class=\"wd-negative-gap elementor-section elementor-top-section elementor-element elementor-element-c858c7e elementor-section-boxed elementor-section-height-default elementor-section-height-default\" data-id=\"c858c7e\" data-element_type=\"section\" data-e-type=\"section\">\n\t\t\t\t\t\t<div class=\"elementor-container elementor-column-gap-default\">\n\t\t\t\t\t<div class=\"elementor-column elementor-col-50 elementor-top-column elementor-element elementor-element-d0d6723\" data-id=\"d0d6723\" data-element_type=\"column\" data-e-type=\"column\">\n\t\t\t<div class=\"elementor-widget-wrap elementor-element-populated\">\n\t\t\t\t\t\t<div class=\"elementor-element elementor-element-652118f elementor-widget elementor-widget-heading\" data-id=\"652118f\" data-element_type=\"widget\" data-e-type=\"widget\" data-widget_type=\"heading.default\">\n\t\t\t\t<div class=\"elementor-widget-container\">\n\t\t\t\t\t<h2 class=\"elementor-heading-title elementor-size-default\">B\u0151vebben a projektr\u0151l<\/h2>\t\t\t\t<\/div>\n\t\t\t\t<\/div>\n\t\t\t\t<div class=\"elementor-element elementor-element-af0eba3 color-scheme-inherit text-left elementor-widget elementor-widget-text-editor\" data-id=\"af0eba3\" data-element_type=\"widget\" data-e-type=\"widget\" data-widget_type=\"text-editor.default\">\n\t\t\t\t<div class=\"elementor-widget-container\">\n\t\t\t\t\t\t\t\t\t<p>A SKAL egy iskolai projekt kereteiben meg\u00e1lmodott brand. Azt a feladatot kaptuk, hogy egy kidolgozott, low-fidelity dr\u00f3tv\u00e1z alapjaira alkossunk meg egy \u00e1ltalunk v\u00e1lasztott t\u00e9m\u00e1j\u00fa webshopot.<br \/><br \/>\u00c9n egy k\u00e9zm\u0171ves ker\u00e1mi\u00e1kat k\u00e9sz\u00edt\u0151 v\u00e1llalkoz\u00e1st k\u00e9pzeltem a webshop m\u00f6g\u00e9.<br \/>A Skal n\u00e9vv\u00e1laszt\u00e1s a sv\u00e9d sz\u00f3b\u00f3l ered, amely annyit tesz: \u2018eg\u00e9szs\u00e9gedre\u2019.<\/p>\t\t\t\t\t\t\t\t<\/div>\n\t\t\t\t<\/div>\n\t\t\t\t<div class=\"elementor-element elementor-element-60dcc75 elementor-widget elementor-widget-wd_text_block\" data-id=\"60dcc75\" data-element_type=\"widget\" data-e-type=\"widget\" data-widget_type=\"wd_text_block.default\">\n\t\t\t\t<div class=\"elementor-widget-container\">\n\t\t\t\t\t\t\t<div class=\"wd-text-block reset-last-child text-left\">\n\t\t\t\n\t\t\t<p>Az oldalhoz egyedi illusztr\u00e1ci\u00f3k <br \/>k\u00e9sz\u00fcltek, valamint a mesters\u00e9ges intelligencia t\u00e9rh\u00f3d\u00edt\u00e1s\u00e1val a term\u00e9kfot\u00f3kat a midjourney seg\u00edts\u00e9g\u00e9vel alkottam meg.<\/p>\n\t\t\t\t\t<\/div>\n\t\t\t\t\t\t<\/div>\n\t\t\t\t<\/div>\n\t\t\t\t<div class=\"elementor-element elementor-element-8c67ac8 color-scheme-inherit text-left elementor-widget elementor-widget-text-editor\" data-id=\"8c67ac8\" data-element_type=\"widget\" data-e-type=\"widget\" data-widget_type=\"text-editor.default\">\n\t\t\t\t<div class=\"elementor-widget-container\">\n\t\t\t\t\t\t\t\t\t<p>H\u00e1rom oldal ker\u00fclt kidolgoz\u00e1sra: a term\u00e9koldal, kos\u00e1r \u00e9s p\u00e9nzt\u00e1r oldalak. St\u00edlus\u00e1ban szerettem volna, ha eleg\u00e1ns, visszafogott oldal k\u00e9sz\u00fcl, amelyben egy kis f\u0171szerk\u00e9nt szolg\u00e1lnak a szok\u00e1sosn\u00e1l k\u00f6zvetlenebb mondatok.<br \/><br \/>Vid\u00e1m, de szolid sz\u00edneket v\u00e1lasztottam, amelyek j\u00f3l passzolnak a ker\u00e1mia m\u0171faj\u00e1hoz, a bet\u0171t\u00edpusok pedig modernek, j\u00f3l olvashat\u00f3k.<\/p>\t\t\t\t\t\t\t\t<\/div>\n\t\t\t\t<\/div>\n\t\t\t\t\t<\/div>\n\t\t<\/div>\n\t\t\t\t<div class=\"elementor-column elementor-col-50 elementor-top-column elementor-element elementor-element-291db58\" data-id=\"291db58\" data-element_type=\"column\" data-e-type=\"column\">\n\t\t\t<div class=\"elementor-widget-wrap elementor-element-populated\">\n\t\t\t\t\t\t<div class=\"elementor-element elementor-element-c1d9837 elementor-widget elementor-widget-image\" data-id=\"c1d9837\" data-element_type=\"widget\" data-e-type=\"widget\" data-widget_type=\"image.default\">\n\t\t\t\t<div class=\"elementor-widget-container\">\n\t\t\t\t\t\t\t\t\t\t\t\t\t\t\t<img decoding=\"async\" width=\"608\" height=\"515\" src=\"https:\/\/plichtaregina.hu\/wp-content\/themes\/woodmart\/images\/lazy.svg\" class=\"attachment-full size-full wp-image-632 wd-lazy-fade\" alt=\"\" srcset=\"\" sizes=\"(max-width: 608px) 100vw, 608px\" data-src=\"https:\/\/plichtaregina.hu\/wp-content\/uploads\/2023\/06\/skal-szinpaletta.png\" data-srcset=\"https:\/\/plichtaregina.hu\/wp-content\/uploads\/2023\/06\/skal-szinpaletta.png 608w, https:\/\/plichtaregina.hu\/wp-content\/uploads\/2023\/06\/skal-szinpaletta-300x254.png 300w\" \/>\t\t\t\t\t\t\t\t\t\t\t\t\t\t\t<\/div>\n\t\t\t\t<\/div>\n\t\t\t\t<div class=\"elementor-element elementor-element-5074cde elementor-widget elementor-widget-image\" data-id=\"5074cde\" data-element_type=\"widget\" data-e-type=\"widget\" data-widget_type=\"image.default\">\n\t\t\t\t<div class=\"elementor-widget-container\">\n\t\t\t\t\t\t\t\t\t\t\t\t\t\t\t<img decoding=\"async\" width=\"461\" height=\"432\" src=\"https:\/\/plichtaregina.hu\/wp-content\/themes\/woodmart\/images\/lazy.svg\" class=\"attachment-full size-full wp-image-633 wd-lazy-fade\" alt=\"\" srcset=\"\" sizes=\"(max-width: 461px) 100vw, 461px\" data-src=\"https:\/\/plichtaregina.hu\/wp-content\/uploads\/2023\/06\/skal-ikonok.png\" data-srcset=\"https:\/\/plichtaregina.hu\/wp-content\/uploads\/2023\/06\/skal-ikonok.png 461w, https:\/\/plichtaregina.hu\/wp-content\/uploads\/2023\/06\/skal-ikonok-300x281.png 300w\" \/>\t\t\t\t\t\t\t\t\t\t\t\t\t\t\t<\/div>\n\t\t\t\t<\/div>\n\t\t\t\t\t<\/div>\n\t\t<\/div>\n\t\t\t\t\t<\/div>\n\t\t<\/section>\n\t\t\t\t<section class=\"wd-negative-gap elementor-section elementor-top-section elementor-element elementor-element-c224699 elementor-section-boxed elementor-section-height-default elementor-section-height-default\" data-id=\"c224699\" data-element_type=\"section\" data-e-type=\"section\">\n\t\t\t\t\t\t<div class=\"elementor-container elementor-column-gap-default\">\n\t\t\t\t\t<div class=\"elementor-column elementor-col-50 elementor-top-column elementor-element elementor-element-398812f\" data-id=\"398812f\" data-element_type=\"column\" data-e-type=\"column\">\n\t\t\t<div class=\"elementor-widget-wrap elementor-element-populated\">\n\t\t\t\t\t\t<div class=\"elementor-element elementor-element-546e0f8 elementor-widget elementor-widget-image\" data-id=\"546e0f8\" data-element_type=\"widget\" data-e-type=\"widget\" data-widget_type=\"image.default\">\n\t\t\t\t<div class=\"elementor-widget-container\">\n\t\t\t\t\t\t\t\t\t\t\t\t\t\t\t<img loading=\"lazy\" decoding=\"async\" width=\"565\" height=\"1024\" src=\"https:\/\/plichtaregina.hu\/wp-content\/themes\/woodmart\/images\/lazy.svg\" class=\"attachment-large size-large wp-image-636 wd-lazy-fade\" alt=\"\" srcset=\"\" sizes=\"(max-width: 565px) 100vw, 565px\" data-src=\"https:\/\/plichtaregina.hu\/wp-content\/uploads\/2023\/06\/skal-screen-2-565x1024.png\" data-srcset=\"https:\/\/plichtaregina.hu\/wp-content\/uploads\/2023\/06\/skal-screen-2-565x1024.png 565w, https:\/\/plichtaregina.hu\/wp-content\/uploads\/2023\/06\/skal-screen-2-165x300.png 165w, https:\/\/plichtaregina.hu\/wp-content\/uploads\/2023\/06\/skal-screen-2-768x1393.png 768w, https:\/\/plichtaregina.hu\/wp-content\/uploads\/2023\/06\/skal-screen-2-847x1536.png 847w, https:\/\/plichtaregina.hu\/wp-content\/uploads\/2023\/06\/skal-screen-2-1129x2048.png 1129w, https:\/\/plichtaregina.hu\/wp-content\/uploads\/2023\/06\/skal-screen-2.png 1146w\" \/>\t\t\t\t\t\t\t\t\t\t\t\t\t\t\t<\/div>\n\t\t\t\t<\/div>\n\t\t\t\t\t<\/div>\n\t\t<\/div>\n\t\t\t\t<div class=\"elementor-column elementor-col-50 elementor-top-column elementor-element elementor-element-ef2ab3d\" data-id=\"ef2ab3d\" data-element_type=\"column\" data-e-type=\"column\">\n\t\t\t<div class=\"elementor-widget-wrap elementor-element-populated\">\n\t\t\t\t\t\t<div class=\"elementor-element elementor-element-5971259 elementor-widget elementor-widget-image\" data-id=\"5971259\" data-element_type=\"widget\" data-e-type=\"widget\" data-widget_type=\"image.default\">\n\t\t\t\t<div class=\"elementor-widget-container\">\n\t\t\t\t\t\t\t\t\t\t\t\t\t\t\t<img loading=\"lazy\" decoding=\"async\" width=\"874\" height=\"1024\" src=\"https:\/\/plichtaregina.hu\/wp-content\/themes\/woodmart\/images\/lazy.svg\" class=\"attachment-large size-large wp-image-635 wd-lazy-fade\" alt=\"\" srcset=\"\" sizes=\"(max-width: 874px) 100vw, 874px\" data-src=\"https:\/\/plichtaregina.hu\/wp-content\/uploads\/2023\/06\/skal-screen-1-1-874x1024.png\" data-srcset=\"https:\/\/plichtaregina.hu\/wp-content\/uploads\/2023\/06\/skal-screen-1-1-874x1024.png 874w, https:\/\/plichtaregina.hu\/wp-content\/uploads\/2023\/06\/skal-screen-1-1-256x300.png 256w, https:\/\/plichtaregina.hu\/wp-content\/uploads\/2023\/06\/skal-screen-1-1-768x900.png 768w, https:\/\/plichtaregina.hu\/wp-content\/uploads\/2023\/06\/skal-screen-1-1-1311x1536.png 1311w, https:\/\/plichtaregina.hu\/wp-content\/uploads\/2023\/06\/skal-screen-1-1-1748x2048.png 1748w, https:\/\/plichtaregina.hu\/wp-content\/uploads\/2023\/06\/skal-screen-1-1.png 1778w\" \/>\t\t\t\t\t\t\t\t\t\t\t\t\t\t\t<\/div>\n\t\t\t\t<\/div>\n\t\t\t\t\t<\/div>\n\t\t<\/div>\n\t\t\t\t\t<\/div>\n\t\t<\/section>\n\t\t\t\t<section class=\"wd-negative-gap elementor-section elementor-top-section elementor-element elementor-element-9552ecb elementor-section-boxed elementor-section-height-default elementor-section-height-default\" data-id=\"9552ecb\" data-element_type=\"section\" data-e-type=\"section\">\n\t\t\t\t\t\t<div class=\"elementor-container elementor-column-gap-default\">\n\t\t\t\t\t<div class=\"elementor-column elementor-col-50 elementor-top-column elementor-element elementor-element-740b74d\" data-id=\"740b74d\" data-element_type=\"column\" data-e-type=\"column\">\n\t\t\t<div class=\"elementor-widget-wrap elementor-element-populated\">\n\t\t\t\t\t\t<div class=\"elementor-element elementor-element-8685f2c elementor-widget elementor-widget-image\" data-id=\"8685f2c\" data-element_type=\"widget\" data-e-type=\"widget\" data-widget_type=\"image.default\">\n\t\t\t\t<div class=\"elementor-widget-container\">\n\t\t\t\t\t\t\t\t\t\t\t\t\t\t\t<img loading=\"lazy\" decoding=\"async\" width=\"1280\" height=\"2000\" src=\"https:\/\/plichtaregina.hu\/wp-content\/themes\/woodmart\/images\/lazy.svg\" class=\"attachment-full size-full wp-image-639 wd-lazy-fade\" alt=\"\" srcset=\"\" sizes=\"(max-width: 1280px) 100vw, 1280px\" data-src=\"https:\/\/plichtaregina.hu\/wp-content\/uploads\/2023\/06\/2389.png\" data-srcset=\"https:\/\/plichtaregina.hu\/wp-content\/uploads\/2023\/06\/2389.png 1280w, https:\/\/plichtaregina.hu\/wp-content\/uploads\/2023\/06\/2389-192x300.png 192w, https:\/\/plichtaregina.hu\/wp-content\/uploads\/2023\/06\/2389-655x1024.png 655w, https:\/\/plichtaregina.hu\/wp-content\/uploads\/2023\/06\/2389-768x1200.png 768w, https:\/\/plichtaregina.hu\/wp-content\/uploads\/2023\/06\/2389-983x1536.png 983w\" \/>\t\t\t\t\t\t\t\t\t\t\t\t\t\t\t<\/div>\n\t\t\t\t<\/div>\n\t\t\t\t\t<\/div>\n\t\t<\/div>\n\t\t\t\t<div class=\"elementor-column elementor-col-50 elementor-top-column elementor-element elementor-element-2fd309b\" data-id=\"2fd309b\" data-element_type=\"column\" data-e-type=\"column\">\n\t\t\t<div class=\"elementor-widget-wrap elementor-element-populated\">\n\t\t\t\t\t\t<div class=\"elementor-element elementor-element-e4316b9 elementor-widget elementor-widget-image\" data-id=\"e4316b9\" data-element_type=\"widget\" data-e-type=\"widget\" data-widget_type=\"image.default\">\n\t\t\t\t<div class=\"elementor-widget-container\">\n\t\t\t\t\t\t\t\t\t\t\t\t\t\t\t<img loading=\"lazy\" decoding=\"async\" width=\"1765\" height=\"1924\" src=\"https:\/\/plichtaregina.hu\/wp-content\/themes\/woodmart\/images\/lazy.svg\" class=\"attachment-full size-full wp-image-637 wd-lazy-fade\" alt=\"\" srcset=\"\" sizes=\"(max-width: 1765px) 100vw, 1765px\" data-src=\"https:\/\/plichtaregina.hu\/wp-content\/uploads\/2023\/06\/skal-screen-3.png\" data-srcset=\"https:\/\/plichtaregina.hu\/wp-content\/uploads\/2023\/06\/skal-screen-3.png 1765w, https:\/\/plichtaregina.hu\/wp-content\/uploads\/2023\/06\/skal-screen-3-275x300.png 275w, https:\/\/plichtaregina.hu\/wp-content\/uploads\/2023\/06\/skal-screen-3-939x1024.png 939w, https:\/\/plichtaregina.hu\/wp-content\/uploads\/2023\/06\/skal-screen-3-768x837.png 768w, https:\/\/plichtaregina.hu\/wp-content\/uploads\/2023\/06\/skal-screen-3-1409x1536.png 1409w\" \/>\t\t\t\t\t\t\t\t\t\t\t\t\t\t\t<\/div>\n\t\t\t\t<\/div>\n\t\t\t\t\t<\/div>\n\t\t<\/div>\n\t\t\t\t\t<\/div>\n\t\t<\/section>\n\t\t\t\t<section class=\"wd-negative-gap elementor-section elementor-top-section elementor-element elementor-element-05f8ece elementor-section-boxed elementor-section-height-default elementor-section-height-default\" data-id=\"05f8ece\" data-element_type=\"section\" data-e-type=\"section\">\n\t\t\t\t\t\t<div class=\"elementor-container elementor-column-gap-default\">\n\t\t\t\t\t<div class=\"elementor-column elementor-col-50 elementor-top-column elementor-element elementor-element-ebf1bf2\" data-id=\"ebf1bf2\" data-element_type=\"column\" data-e-type=\"column\">\n\t\t\t<div class=\"elementor-widget-wrap elementor-element-populated\">\n\t\t\t\t\t\t<div class=\"elementor-element elementor-element-fe047e2 elementor-widget elementor-widget-image\" data-id=\"fe047e2\" data-element_type=\"widget\" data-e-type=\"widget\" data-widget_type=\"image.default\">\n\t\t\t\t<div class=\"elementor-widget-container\">\n\t\t\t\t\t\t\t\t\t\t\t\t\t\t\t<img loading=\"lazy\" decoding=\"async\" width=\"3000\" height=\"2000\" src=\"https:\/\/plichtaregina.hu\/wp-content\/themes\/woodmart\/images\/lazy.svg\" class=\"attachment-full size-full wp-image-640 wd-lazy-fade\" alt=\"\" srcset=\"\" sizes=\"(max-width: 3000px) 100vw, 3000px\" data-src=\"https:\/\/plichtaregina.hu\/wp-content\/uploads\/2023\/06\/MS143.png\" data-srcset=\"https:\/\/plichtaregina.hu\/wp-content\/uploads\/2023\/06\/MS143.png 3000w, https:\/\/plichtaregina.hu\/wp-content\/uploads\/2023\/06\/MS143-300x200.png 300w, https:\/\/plichtaregina.hu\/wp-content\/uploads\/2023\/06\/MS143-1024x683.png 1024w, https:\/\/plichtaregina.hu\/wp-content\/uploads\/2023\/06\/MS143-768x512.png 768w, https:\/\/plichtaregina.hu\/wp-content\/uploads\/2023\/06\/MS143-1536x1024.png 1536w, https:\/\/plichtaregina.hu\/wp-content\/uploads\/2023\/06\/MS143-2048x1365.png 2048w\" \/>\t\t\t\t\t\t\t\t\t\t\t\t\t\t\t<\/div>\n\t\t\t\t<\/div>\n\t\t\t\t\t<\/div>\n\t\t<\/div>\n\t\t\t\t<div class=\"elementor-column elementor-col-50 elementor-top-column elementor-element elementor-element-62017ae\" data-id=\"62017ae\" data-element_type=\"column\" data-e-type=\"column\">\n\t\t\t<div class=\"elementor-widget-wrap elementor-element-populated\">\n\t\t\t\t\t\t<div class=\"elementor-element elementor-element-9fed23c elementor-widget elementor-widget-image\" data-id=\"9fed23c\" data-element_type=\"widget\" data-e-type=\"widget\" data-widget_type=\"image.default\">\n\t\t\t\t<div class=\"elementor-widget-container\">\n\t\t\t\t\t\t\t\t\t\t\t\t\t\t\t<img loading=\"lazy\" decoding=\"async\" width=\"1765\" height=\"2080\" src=\"https:\/\/plichtaregina.hu\/wp-content\/themes\/woodmart\/images\/lazy.svg\" class=\"attachment-full size-full wp-image-638 wd-lazy-fade\" alt=\"\" srcset=\"\" sizes=\"(max-width: 1765px) 100vw, 1765px\" data-src=\"https:\/\/plichtaregina.hu\/wp-content\/uploads\/2023\/06\/skal-screen-4.png\" data-srcset=\"https:\/\/plichtaregina.hu\/wp-content\/uploads\/2023\/06\/skal-screen-4.png 1765w, https:\/\/plichtaregina.hu\/wp-content\/uploads\/2023\/06\/skal-screen-4-255x300.png 255w, https:\/\/plichtaregina.hu\/wp-content\/uploads\/2023\/06\/skal-screen-4-869x1024.png 869w, https:\/\/plichtaregina.hu\/wp-content\/uploads\/2023\/06\/skal-screen-4-768x905.png 768w, https:\/\/plichtaregina.hu\/wp-content\/uploads\/2023\/06\/skal-screen-4-1303x1536.png 1303w, https:\/\/plichtaregina.hu\/wp-content\/uploads\/2023\/06\/skal-screen-4-1738x2048.png 1738w\" \/>\t\t\t\t\t\t\t\t\t\t\t\t\t\t\t<\/div>\n\t\t\t\t<\/div>\n\t\t\t\t\t<\/div>\n\t\t<\/div>\n\t\t\t\t\t<\/div>\n\t\t<\/section>\n\t\t\t\t<\/div>\n\t\t","protected":false},"excerpt":{"rendered":"<p>Holl\u00f3ka UX\/UI Gyakorlat Skal ker\u00e1mia webshop B\u0151vebben a projektr\u0151l A SKAL egy iskolai projekt kereteiben meg\u00e1lmodott brand. Azt a feladatot<\/p>","protected":false},"author":1,"featured_media":0,"parent":0,"menu_order":0,"comment_status":"closed","ping_status":"closed","template":"","meta":{"_seopress_robots_primary_cat":"","_seopress_titles_title":"","_seopress_titles_desc":"","_seopress_robots_index":"","_crdt_document":"","footnotes":""},"class_list":["post-626","page","type-page","status-publish","hentry"],"_links":{"self":[{"href":"https:\/\/plichtaregina.hu\/en\/wp-json\/wp\/v2\/pages\/626","targetHints":{"allow":["GET"]}}],"collection":[{"href":"https:\/\/plichtaregina.hu\/en\/wp-json\/wp\/v2\/pages"}],"about":[{"href":"https:\/\/plichtaregina.hu\/en\/wp-json\/wp\/v2\/types\/page"}],"author":[{"embeddable":true,"href":"https:\/\/plichtaregina.hu\/en\/wp-json\/wp\/v2\/users\/1"}],"replies":[{"embeddable":true,"href":"https:\/\/plichtaregina.hu\/en\/wp-json\/wp\/v2\/comments?post=626"}],"version-history":[{"count":1,"href":"https:\/\/plichtaregina.hu\/en\/wp-json\/wp\/v2\/pages\/626\/revisions"}],"predecessor-version":[{"id":1198,"href":"https:\/\/plichtaregina.hu\/en\/wp-json\/wp\/v2\/pages\/626\/revisions\/1198"}],"wp:attachment":[{"href":"https:\/\/plichtaregina.hu\/en\/wp-json\/wp\/v2\/media?parent=626"}],"curies":[{"name":"wp","href":"https:\/\/api.w.org\/{rel}","templated":true}]}}