{"id":762,"date":"2023-06-30T11:38:31","date_gmt":"2023-06-30T09:38:31","guid":{"rendered":"https:\/\/plichtaregina.hu\/?page_id=762"},"modified":"2024-05-14T15:28:07","modified_gmt":"2024-05-14T13:28:07","slug":"vr-xpert-elmenyhaz-merchandise-termekek","status":"publish","type":"page","link":"https:\/\/plichtaregina.hu\/en\/vr-xpert-elmenyhaz-merchandise-termekek\/","title":{"rendered":"VR-Xpert \u00e9lm\u00e9nyh\u00e1z merchandise term\u00e9kek"},"content":{"rendered":"\t\t<div data-elementor-type=\"wp-page\" data-elementor-id=\"762\" class=\"elementor elementor-762\" data-elementor-post-type=\"page\">\n\t\t\t\t\t\t<section class=\"wd-negative-gap elementor-section elementor-top-section elementor-element elementor-element-2cbff94a elementor-section-full_width elementor-section-stretched elementor-section-height-default elementor-section-height-default\" data-id=\"2cbff94a\" data-element_type=\"section\" data-e-type=\"section\" data-settings=\"{&quot;stretch_section&quot;:&quot;section-stretched&quot;}\">\n\t\t\t\t\t\t<div class=\"elementor-container elementor-column-gap-default\">\n\t\t\t\t\t<div class=\"elementor-column elementor-col-50 elementor-top-column elementor-element elementor-element-2c4d2309\" data-id=\"2c4d2309\" data-element_type=\"column\" data-e-type=\"column\">\n\t\t\t<div class=\"elementor-widget-wrap\">\n\t\t\t\t\t\t\t<\/div>\n\t\t<\/div>\n\t\t\t\t<div class=\"elementor-column elementor-col-50 elementor-top-column elementor-element elementor-element-422b7f0\" data-id=\"422b7f0\" data-element_type=\"column\" data-e-type=\"column\" data-settings=\"{&quot;background_background&quot;:&quot;classic&quot;}\">\n\t\t\t<div class=\"elementor-widget-wrap elementor-element-populated\">\n\t\t\t\t\t<div class=\"elementor-background-overlay\"><\/div>\n\t\t\t\t\t\t<div class=\"elementor-element elementor-element-5ddbd85 elementor-widget elementor-widget-image\" data-id=\"5ddbd85\" data-element_type=\"widget\" data-e-type=\"widget\" data-widget_type=\"image.default\">\n\t\t\t\t<div class=\"elementor-widget-container\">\n\t\t\t\t\t\t\t\t\t\t\t\t\t\t\t<img fetchpriority=\"high\" decoding=\"async\" width=\"788\" height=\"1080\" src=\"https:\/\/plichtaregina.hu\/wp-content\/themes\/woodmart\/images\/lazy.svg\" class=\"attachment-full size-full wp-image-765 wd-lazy-fade\" alt=\"\" srcset=\"\" sizes=\"(max-width: 788px) 100vw, 788px\" data-src=\"https:\/\/plichtaregina.hu\/wp-content\/uploads\/2023\/06\/VRX-hero.png\" data-srcset=\"https:\/\/plichtaregina.hu\/wp-content\/uploads\/2023\/06\/VRX-hero.png 788w, https:\/\/plichtaregina.hu\/wp-content\/uploads\/2023\/06\/VRX-hero-219x300.png 219w, https:\/\/plichtaregina.hu\/wp-content\/uploads\/2023\/06\/VRX-hero-747x1024.png 747w, https:\/\/plichtaregina.hu\/wp-content\/uploads\/2023\/06\/VRX-hero-768x1053.png 768w\" \/>\t\t\t\t\t\t\t\t\t\t\t\t\t\t\t<\/div>\n\t\t\t\t<\/div>\n\t\t\t\t\t<\/div>\n\t\t<\/div>\n\t\t\t\t\t<\/div>\n\t\t<\/section>\n\t\t\t\t<section class=\"wd-negative-gap elementor-section elementor-top-section elementor-element elementor-element-fa11077 elementor-section-boxed elementor-section-height-default elementor-section-height-default\" data-id=\"fa11077\" data-element_type=\"section\" data-e-type=\"section\">\n\t\t\t\t\t\t<div class=\"elementor-container elementor-column-gap-default\">\n\t\t\t\t\t<div class=\"elementor-column elementor-col-100 elementor-top-column elementor-element elementor-element-6cec301\" data-id=\"6cec301\" data-element_type=\"column\" data-e-type=\"column\">\n\t\t\t<div class=\"elementor-widget-wrap elementor-element-populated\">\n\t\t\t\t\t\t<div class=\"elementor-element elementor-element-da1d037 elementor-widget elementor-widget-heading\" data-id=\"da1d037\" data-element_type=\"widget\" data-e-type=\"widget\" data-settings=\"{&quot;motion_fx_motion_fx_scrolling&quot;:&quot;yes&quot;,&quot;motion_fx_blur_effect&quot;:&quot;yes&quot;,&quot;motion_fx_blur_direction&quot;:&quot;in-out&quot;,&quot;motion_fx_blur_level&quot;:{&quot;unit&quot;:&quot;px&quot;,&quot;size&quot;:10,&quot;sizes&quot;:[]},&quot;motion_fx_blur_range&quot;:{&quot;unit&quot;:&quot;%&quot;,&quot;size&quot;:&quot;&quot;,&quot;sizes&quot;:{&quot;start&quot;:63,&quot;end&quot;:100}},&quot;motion_fx_devices&quot;:[&quot;desktop&quot;,&quot;tablet&quot;,&quot;mobile&quot;]}\" data-widget_type=\"heading.default\">\n\t\t\t\t<div class=\"elementor-widget-container\">\n\t\t\t\t\t<h2 class=\"elementor-heading-title elementor-size-default\">VR Xpert printek<\/h2>\t\t\t\t<\/div>\n\t\t\t\t<\/div>\n\t\t\t\t\t<\/div>\n\t\t<\/div>\n\t\t\t\t\t<\/div>\n\t\t<\/section>\n\t\t\t\t<section class=\"wd-negative-gap elementor-section elementor-top-section elementor-element elementor-element-c858c7e elementor-section-boxed elementor-section-height-default elementor-section-height-default\" data-id=\"c858c7e\" data-element_type=\"section\" data-e-type=\"section\">\n\t\t\t\t\t\t<div class=\"elementor-container elementor-column-gap-default\">\n\t\t\t\t\t<div class=\"elementor-column elementor-col-50 elementor-top-column elementor-element elementor-element-d0d6723\" data-id=\"d0d6723\" data-element_type=\"column\" data-e-type=\"column\">\n\t\t\t<div class=\"elementor-widget-wrap elementor-element-populated\">\n\t\t\t\t\t\t<div class=\"elementor-element elementor-element-652118f elementor-widget elementor-widget-heading\" data-id=\"652118f\" data-element_type=\"widget\" data-e-type=\"widget\" data-widget_type=\"heading.default\">\n\t\t\t\t<div class=\"elementor-widget-container\">\n\t\t\t\t\t<h2 class=\"elementor-heading-title elementor-size-default\">B\u0151vebben a projektr\u0151l<\/h2>\t\t\t\t<\/div>\n\t\t\t\t<\/div>\n\t\t\t\t<div class=\"elementor-element elementor-element-af0eba3 color-scheme-inherit text-left elementor-widget elementor-widget-text-editor\" data-id=\"af0eba3\" data-element_type=\"widget\" data-e-type=\"widget\" data-widget_type=\"text-editor.default\">\n\t\t\t\t<div class=\"elementor-widget-container\">\n\t\t\t\t\t\t\t\t\t<p>A VRXpert csapat\u00e1val m\u00e1r hossz\u00fa ideje egy\u00fctt dolgozunk, mindig egyre b\u0151v\u00edtve arculati reperto\u00e1rjukat.<br \/><br \/>A c\u00e9g egy modern k\u00f6rnyezetet biztos\u00edt azok sz\u00e1m\u00e1ra, akik im\u00e1dj\u00e1k a videoj\u00e1t\u00e9kokat \u00e9s szeretn\u00e9nek elmer\u00fclni a VR ny\u00fajtotta izgalmas vil\u00e1gban.<br \/><br \/>Gyerekzs\u00farokt\u00f3l kezdve a LAN partykon \u00e9s k\u00f6z\u00f6ns\u00e9gtal\u00e1lkoz\u00f3kon \u00e1t, a c\u00e9ges csapat\u00e9p\u00edt\u0151 rendezv\u00e9nyekig sz\u00e1mos esem\u00e9nyt szerveztek m\u00e1r dedik\u00e1lt \u00e9lm\u00e9nyh\u00e1zukban.<\/p>\t\t\t\t\t\t\t\t<\/div>\n\t\t\t\t<\/div>\n\t\t\t\t<div class=\"elementor-element elementor-element-60dcc75 elementor-widget elementor-widget-wd_text_block\" data-id=\"60dcc75\" data-element_type=\"widget\" data-e-type=\"widget\" data-widget_type=\"wd_text_block.default\">\n\t\t\t\t<div class=\"elementor-widget-container\">\n\t\t\t\t\t\t\t<div class=\"wd-text-block reset-last-child text-left\">\n\t\t\t\n\t\t\t<p>Arculati anyagaikban arra<br \/>t\u00f6reksz\u00fcnk, hogy a dinamika,<br \/>futurizmus \u00e9s tech-vibe <br \/>egyszerre jelenjen meg. Id\u00e9n <br \/>merch term\u00e9kekkel eg\u00e9sz\u00edtett\u00fck <br \/>ki am\u00fagy is sz\u00e9les vizu\u00e1lis <br \/>eszk\u00f6zt\u00e1rukat.<\/p>\n\t\t\t\t\t<\/div>\n\t\t\t\t\t\t<\/div>\n\t\t\t\t<\/div>\n\t\t\t\t<div class=\"elementor-element elementor-element-8c67ac8 color-scheme-inherit text-left elementor-widget elementor-widget-text-editor\" data-id=\"8c67ac8\" data-element_type=\"widget\" data-e-type=\"widget\" data-widget_type=\"text-editor.default\">\n\t\t\t\t<div class=\"elementor-widget-container\">\n\t\t\t\t\t\t\t\t\t<p>Kor\u00e1bban rolluppal, molin\u00f3val \u00e9s egy \u00edzl\u00e9ses kiaj\u00e1nl\u00f3val t\u00f6lt\u00f6tt\u00fck fel a c\u00e9g invertory-j\u00e1t.<br \/>Id\u00e9n pedig merch p\u00f3l\u00f3kkal, tornazs\u00e1kkal b\u0151v\u00fclt a k\u00edn\u00e1lat, amelyet m\u00e1r megv\u00e1s\u00e1rolhatnak az \u00e9lm\u00e9nyh\u00e1zba l\u00e1togat\u00f3k.<\/p>\t\t\t\t\t\t\t\t<\/div>\n\t\t\t\t<\/div>\n\t\t\t\t\t<\/div>\n\t\t<\/div>\n\t\t\t\t<div class=\"elementor-column elementor-col-50 elementor-top-column elementor-element elementor-element-291db58\" data-id=\"291db58\" data-element_type=\"column\" data-e-type=\"column\">\n\t\t\t<div class=\"elementor-widget-wrap elementor-element-populated\">\n\t\t\t\t\t\t<div class=\"elementor-element elementor-element-c1d9837 elementor-widget elementor-widget-image\" data-id=\"c1d9837\" data-element_type=\"widget\" data-e-type=\"widget\" data-widget_type=\"image.default\">\n\t\t\t\t<div class=\"elementor-widget-container\">\n\t\t\t\t\t\t\t\t\t\t\t\t\t\t\t<img decoding=\"async\" width=\"1069\" height=\"1198\" src=\"https:\/\/plichtaregina.hu\/wp-content\/themes\/woodmart\/images\/lazy.svg\" class=\"attachment-full size-full wp-image-766 wd-lazy-fade\" alt=\"\" srcset=\"\" sizes=\"(max-width: 1069px) 100vw, 1069px\" data-src=\"https:\/\/plichtaregina.hu\/wp-content\/uploads\/2023\/06\/Rollup-85x200-szembol-e1688118590660.png\" data-srcset=\"https:\/\/plichtaregina.hu\/wp-content\/uploads\/2023\/06\/Rollup-85x200-szembol-e1688118590660.png 1069w, https:\/\/plichtaregina.hu\/wp-content\/uploads\/2023\/06\/Rollup-85x200-szembol-e1688118590660-268x300.png 268w, https:\/\/plichtaregina.hu\/wp-content\/uploads\/2023\/06\/Rollup-85x200-szembol-e1688118590660-914x1024.png 914w, https:\/\/plichtaregina.hu\/wp-content\/uploads\/2023\/06\/Rollup-85x200-szembol-e1688118590660-768x861.png 768w\" \/>\t\t\t\t\t\t\t\t\t\t\t\t\t\t\t<\/div>\n\t\t\t\t<\/div>\n\t\t\t\t\t<\/div>\n\t\t<\/div>\n\t\t\t\t\t<\/div>\n\t\t<\/section>\n\t\t\t\t<section class=\"wd-negative-gap elementor-section elementor-top-section elementor-element elementor-element-254e15b elementor-section-boxed elementor-section-height-default elementor-section-height-default\" data-id=\"254e15b\" data-element_type=\"section\" data-e-type=\"section\">\n\t\t\t\t\t\t<div class=\"elementor-container elementor-column-gap-default\">\n\t\t\t\t\t<div class=\"elementor-column elementor-col-100 elementor-top-column elementor-element elementor-element-a1542fa\" data-id=\"a1542fa\" data-element_type=\"column\" data-e-type=\"column\">\n\t\t\t<div class=\"elementor-widget-wrap elementor-element-populated\">\n\t\t\t\t\t\t<div class=\"elementor-element elementor-element-3c04000 elementor-widget elementor-widget-image\" data-id=\"3c04000\" data-element_type=\"widget\" data-e-type=\"widget\" data-widget_type=\"image.default\">\n\t\t\t\t<div class=\"elementor-widget-container\">\n\t\t\t\t\t\t\t\t\t\t\t\t\t\t\t<img decoding=\"async\" width=\"1890\" height=\"1080\" src=\"https:\/\/plichtaregina.hu\/wp-content\/themes\/woodmart\/images\/lazy.svg\" class=\"attachment-full size-full wp-image-767 wd-lazy-fade\" alt=\"\" srcset=\"\" sizes=\"(max-width: 1890px) 100vw, 1890px\" data-src=\"https:\/\/plichtaregina.hu\/wp-content\/uploads\/2023\/06\/VRX-prosi.png\" data-srcset=\"https:\/\/plichtaregina.hu\/wp-content\/uploads\/2023\/06\/VRX-prosi.png 1890w, https:\/\/plichtaregina.hu\/wp-content\/uploads\/2023\/06\/VRX-prosi-300x171.png 300w, https:\/\/plichtaregina.hu\/wp-content\/uploads\/2023\/06\/VRX-prosi-1024x585.png 1024w, https:\/\/plichtaregina.hu\/wp-content\/uploads\/2023\/06\/VRX-prosi-768x439.png 768w, https:\/\/plichtaregina.hu\/wp-content\/uploads\/2023\/06\/VRX-prosi-1536x878.png 1536w\" \/>\t\t\t\t\t\t\t\t\t\t\t\t\t\t\t<\/div>\n\t\t\t\t<\/div>\n\t\t\t\t<div class=\"elementor-element elementor-element-0747fb9 elementor-widget elementor-widget-heading\" data-id=\"0747fb9\" data-element_type=\"widget\" data-e-type=\"widget\" data-widget_type=\"heading.default\">\n\t\t\t\t<div class=\"elementor-widget-container\">\n\t\t\t\t\t<h2 class=\"elementor-heading-title elementor-size-default\">Merchandise<\/h2>\t\t\t\t<\/div>\n\t\t\t\t<\/div>\n\t\t\t\t<section class=\"wd-negative-gap elementor-section elementor-inner-section elementor-element elementor-element-c393b3b elementor-section-content-middle elementor-section-boxed elementor-section-height-default elementor-section-height-default\" data-id=\"c393b3b\" data-element_type=\"section\" data-e-type=\"section\">\n\t\t\t\t\t\t<div class=\"elementor-container elementor-column-gap-no\">\n\t\t\t\t\t<div class=\"elementor-column elementor-col-33 elementor-inner-column elementor-element elementor-element-c5d6c88\" data-id=\"c5d6c88\" data-element_type=\"column\" data-e-type=\"column\">\n\t\t\t<div class=\"elementor-widget-wrap elementor-element-populated\">\n\t\t\t\t\t\t<div class=\"elementor-element elementor-element-ba84750 elementor-widget elementor-widget-image\" data-id=\"ba84750\" data-element_type=\"widget\" data-e-type=\"widget\" data-widget_type=\"image.default\">\n\t\t\t\t<div class=\"elementor-widget-container\">\n\t\t\t\t\t\t\t\t\t\t\t\t\t\t\t<img loading=\"lazy\" decoding=\"async\" width=\"680\" height=\"850\" src=\"https:\/\/plichtaregina.hu\/wp-content\/themes\/woodmart\/images\/lazy.svg\" class=\"attachment-full size-full wp-image-768 wd-lazy-fade\" alt=\"\" srcset=\"\" sizes=\"(max-width: 680px) 100vw, 680px\" data-src=\"https:\/\/plichtaregina.hu\/wp-content\/uploads\/2023\/06\/tornazsak-design-1.png\" data-srcset=\"https:\/\/plichtaregina.hu\/wp-content\/uploads\/2023\/06\/tornazsak-design-1.png 680w, https:\/\/plichtaregina.hu\/wp-content\/uploads\/2023\/06\/tornazsak-design-1-240x300.png 240w\" \/>\t\t\t\t\t\t\t\t\t\t\t\t\t\t\t<\/div>\n\t\t\t\t<\/div>\n\t\t\t\t\t<\/div>\n\t\t<\/div>\n\t\t\t\t<div class=\"elementor-column elementor-col-66 elementor-inner-column elementor-element elementor-element-afbb0bc\" data-id=\"afbb0bc\" data-element_type=\"column\" data-e-type=\"column\">\n\t\t\t<div class=\"elementor-widget-wrap elementor-element-populated\">\n\t\t\t\t\t\t<div class=\"elementor-element elementor-element-c58d5ca elementor-widget elementor-widget-image\" data-id=\"c58d5ca\" data-element_type=\"widget\" data-e-type=\"widget\" data-widget_type=\"image.default\">\n\t\t\t\t<div class=\"elementor-widget-container\">\n\t\t\t\t\t\t\t\t\t\t\t\t\t\t\t<img loading=\"lazy\" decoding=\"async\" width=\"1800\" height=\"1286\" src=\"https:\/\/plichtaregina.hu\/wp-content\/themes\/woodmart\/images\/lazy.svg\" class=\"attachment-full size-full wp-image-769 wd-lazy-fade\" alt=\"\" srcset=\"\" sizes=\"(max-width: 1800px) 100vw, 1800px\" data-src=\"https:\/\/plichtaregina.hu\/wp-content\/uploads\/2023\/06\/5.png\" data-srcset=\"https:\/\/plichtaregina.hu\/wp-content\/uploads\/2023\/06\/5.png 1800w, https:\/\/plichtaregina.hu\/wp-content\/uploads\/2023\/06\/5-300x214.png 300w, https:\/\/plichtaregina.hu\/wp-content\/uploads\/2023\/06\/5-1024x732.png 1024w, https:\/\/plichtaregina.hu\/wp-content\/uploads\/2023\/06\/5-768x549.png 768w, https:\/\/plichtaregina.hu\/wp-content\/uploads\/2023\/06\/5-1536x1097.png 1536w\" \/>\t\t\t\t\t\t\t\t\t\t\t\t\t\t\t<\/div>\n\t\t\t\t<\/div>\n\t\t\t\t\t<\/div>\n\t\t<\/div>\n\t\t\t\t\t<\/div>\n\t\t<\/section>\n\t\t\t\t<section class=\"wd-negative-gap elementor-section elementor-inner-section elementor-element elementor-element-066a5d3 elementor-section-content-middle elementor-section-boxed elementor-section-height-default elementor-section-height-default\" data-id=\"066a5d3\" data-element_type=\"section\" data-e-type=\"section\">\n\t\t\t\t\t\t<div class=\"elementor-container elementor-column-gap-no\">\n\t\t\t\t\t<div class=\"elementor-column elementor-col-66 elementor-inner-column elementor-element elementor-element-0857a86\" data-id=\"0857a86\" data-element_type=\"column\" data-e-type=\"column\">\n\t\t\t<div class=\"elementor-widget-wrap elementor-element-populated\">\n\t\t\t\t\t\t<div class=\"elementor-element elementor-element-2e1d79f elementor-widget elementor-widget-image\" data-id=\"2e1d79f\" data-element_type=\"widget\" data-e-type=\"widget\" data-widget_type=\"image.default\">\n\t\t\t\t<div class=\"elementor-widget-container\">\n\t\t\t\t\t\t\t\t\t\t\t\t\t\t\t<img loading=\"lazy\" decoding=\"async\" width=\"1116\" height=\"1080\" src=\"https:\/\/plichtaregina.hu\/wp-content\/themes\/woodmart\/images\/lazy.svg\" class=\"attachment-full size-full wp-image-770 wd-lazy-fade\" alt=\"\" srcset=\"\" sizes=\"(max-width: 1116px) 100vw, 1116px\" data-src=\"https:\/\/plichtaregina.hu\/wp-content\/uploads\/2023\/06\/VRX-polo-1.png\" data-srcset=\"https:\/\/plichtaregina.hu\/wp-content\/uploads\/2023\/06\/VRX-polo-1.png 1116w, https:\/\/plichtaregina.hu\/wp-content\/uploads\/2023\/06\/VRX-polo-1-300x290.png 300w, https:\/\/plichtaregina.hu\/wp-content\/uploads\/2023\/06\/VRX-polo-1-1024x991.png 1024w, https:\/\/plichtaregina.hu\/wp-content\/uploads\/2023\/06\/VRX-polo-1-768x743.png 768w\" \/>\t\t\t\t\t\t\t\t\t\t\t\t\t\t\t<\/div>\n\t\t\t\t<\/div>\n\t\t\t\t\t<\/div>\n\t\t<\/div>\n\t\t\t\t<div class=\"elementor-column elementor-col-33 elementor-inner-column elementor-element elementor-element-e3b33ae\" data-id=\"e3b33ae\" data-element_type=\"column\" data-e-type=\"column\">\n\t\t\t<div class=\"elementor-widget-wrap elementor-element-populated\">\n\t\t\t\t\t\t<div class=\"elementor-element elementor-element-dfae6e7 elementor-widget elementor-widget-image\" data-id=\"dfae6e7\" data-element_type=\"widget\" data-e-type=\"widget\" data-widget_type=\"image.default\">\n\t\t\t\t<div class=\"elementor-widget-container\">\n\t\t\t\t\t\t\t\t\t\t\t\t\t\t\t<img loading=\"lazy\" decoding=\"async\" width=\"1200\" height=\"1697\" src=\"https:\/\/plichtaregina.hu\/wp-content\/themes\/woodmart\/images\/lazy.svg\" class=\"attachment-full size-full wp-image-773 wd-lazy-fade\" alt=\"\" srcset=\"\" sizes=\"(max-width: 1200px) 100vw, 1200px\" data-src=\"https:\/\/plichtaregina.hu\/wp-content\/uploads\/2023\/06\/VRX_minta.png\" data-srcset=\"https:\/\/plichtaregina.hu\/wp-content\/uploads\/2023\/06\/VRX_minta.png 1200w, https:\/\/plichtaregina.hu\/wp-content\/uploads\/2023\/06\/VRX_minta-212x300.png 212w, https:\/\/plichtaregina.hu\/wp-content\/uploads\/2023\/06\/VRX_minta-724x1024.png 724w, https:\/\/plichtaregina.hu\/wp-content\/uploads\/2023\/06\/VRX_minta-768x1086.png 768w, https:\/\/plichtaregina.hu\/wp-content\/uploads\/2023\/06\/VRX_minta-1086x1536.png 1086w\" \/>\t\t\t\t\t\t\t\t\t\t\t\t\t\t\t<\/div>\n\t\t\t\t<\/div>\n\t\t\t\t\t<\/div>\n\t\t<\/div>\n\t\t\t\t\t<\/div>\n\t\t<\/section>\n\t\t\t\t<section class=\"wd-negative-gap elementor-section elementor-inner-section elementor-element elementor-element-2ad91e6 elementor-section-content-middle elementor-section-boxed elementor-section-height-default elementor-section-height-default\" data-id=\"2ad91e6\" data-element_type=\"section\" data-e-type=\"section\">\n\t\t\t\t\t\t<div class=\"elementor-container elementor-column-gap-no\">\n\t\t\t\t\t<div class=\"elementor-column elementor-col-33 elementor-inner-column elementor-element elementor-element-1965469\" data-id=\"1965469\" data-element_type=\"column\" data-e-type=\"column\">\n\t\t\t<div class=\"elementor-widget-wrap elementor-element-populated\">\n\t\t\t\t\t\t<div class=\"elementor-element elementor-element-a779732 elementor-widget elementor-widget-image\" data-id=\"a779732\" data-element_type=\"widget\" data-e-type=\"widget\" data-widget_type=\"image.default\">\n\t\t\t\t<div class=\"elementor-widget-container\">\n\t\t\t\t\t\t\t\t\t\t\t\t\t\t\t<img loading=\"lazy\" decoding=\"async\" width=\"842\" height=\"1191\" src=\"https:\/\/plichtaregina.hu\/wp-content\/themes\/woodmart\/images\/lazy.svg\" class=\"attachment-full size-full wp-image-772 wd-lazy-fade\" alt=\"\" srcset=\"\" sizes=\"(max-width: 842px) 100vw, 842px\" data-src=\"https:\/\/plichtaregina.hu\/wp-content\/uploads\/2023\/06\/VR-Xpert-merch-polodesign-V2.png\" data-srcset=\"https:\/\/plichtaregina.hu\/wp-content\/uploads\/2023\/06\/VR-Xpert-merch-polodesign-V2.png 842w, https:\/\/plichtaregina.hu\/wp-content\/uploads\/2023\/06\/VR-Xpert-merch-polodesign-V2-212x300.png 212w, https:\/\/plichtaregina.hu\/wp-content\/uploads\/2023\/06\/VR-Xpert-merch-polodesign-V2-724x1024.png 724w, https:\/\/plichtaregina.hu\/wp-content\/uploads\/2023\/06\/VR-Xpert-merch-polodesign-V2-768x1086.png 768w\" \/>\t\t\t\t\t\t\t\t\t\t\t\t\t\t\t<\/div>\n\t\t\t\t<\/div>\n\t\t\t\t\t<\/div>\n\t\t<\/div>\n\t\t\t\t<div class=\"elementor-column elementor-col-66 elementor-inner-column elementor-element elementor-element-d11db6d\" data-id=\"d11db6d\" data-element_type=\"column\" data-e-type=\"column\">\n\t\t\t<div class=\"elementor-widget-wrap elementor-element-populated\">\n\t\t\t\t\t\t<div class=\"elementor-element elementor-element-770f1a0 elementor-widget elementor-widget-image\" data-id=\"770f1a0\" data-element_type=\"widget\" data-e-type=\"widget\" data-widget_type=\"image.default\">\n\t\t\t\t<div class=\"elementor-widget-container\">\n\t\t\t\t\t\t\t\t\t\t\t\t\t\t\t<img loading=\"lazy\" decoding=\"async\" width=\"1116\" height=\"1080\" src=\"https:\/\/plichtaregina.hu\/wp-content\/themes\/woodmart\/images\/lazy.svg\" class=\"attachment-full size-full wp-image-771 wd-lazy-fade\" alt=\"\" srcset=\"\" sizes=\"(max-width: 1116px) 100vw, 1116px\" data-src=\"https:\/\/plichtaregina.hu\/wp-content\/uploads\/2023\/06\/VRX-polo-2.png\" data-srcset=\"https:\/\/plichtaregina.hu\/wp-content\/uploads\/2023\/06\/VRX-polo-2.png 1116w, https:\/\/plichtaregina.hu\/wp-content\/uploads\/2023\/06\/VRX-polo-2-300x290.png 300w, https:\/\/plichtaregina.hu\/wp-content\/uploads\/2023\/06\/VRX-polo-2-1024x991.png 1024w, https:\/\/plichtaregina.hu\/wp-content\/uploads\/2023\/06\/VRX-polo-2-768x743.png 768w\" \/>\t\t\t\t\t\t\t\t\t\t\t\t\t\t\t<\/div>\n\t\t\t\t<\/div>\n\t\t\t\t\t<\/div>\n\t\t<\/div>\n\t\t\t\t\t<\/div>\n\t\t<\/section>\n\t\t\t\t\t<\/div>\n\t\t<\/div>\n\t\t\t\t\t<\/div>\n\t\t<\/section>\n\t\t\t\t<\/div>\n\t\t","protected":false},"excerpt":{"rendered":"<p>VR Xpert printek B\u0151vebben a projektr\u0151l A VRXpert csapat\u00e1val m\u00e1r hossz\u00fa ideje egy\u00fctt dolgozunk, mindig egyre b\u0151v\u00edtve arculati reperto\u00e1rjukat. A<\/p>","protected":false},"author":1,"featured_media":0,"parent":0,"menu_order":0,"comment_status":"closed","ping_status":"closed","template":"","meta":{"_seopress_robots_primary_cat":"","_seopress_titles_title":"","_seopress_titles_desc":"","_seopress_robots_index":"","_crdt_document":"","footnotes":""},"class_list":["post-762","page","type-page","status-publish","hentry"],"_links":{"self":[{"href":"https:\/\/plichtaregina.hu\/en\/wp-json\/wp\/v2\/pages\/762","targetHints":{"allow":["GET"]}}],"collection":[{"href":"https:\/\/plichtaregina.hu\/en\/wp-json\/wp\/v2\/pages"}],"about":[{"href":"https:\/\/plichtaregina.hu\/en\/wp-json\/wp\/v2\/types\/page"}],"author":[{"embeddable":true,"href":"https:\/\/plichtaregina.hu\/en\/wp-json\/wp\/v2\/users\/1"}],"replies":[{"embeddable":true,"href":"https:\/\/plichtaregina.hu\/en\/wp-json\/wp\/v2\/comments?post=762"}],"version-history":[{"count":1,"href":"https:\/\/plichtaregina.hu\/en\/wp-json\/wp\/v2\/pages\/762\/revisions"}],"predecessor-version":[{"id":1200,"href":"https:\/\/plichtaregina.hu\/en\/wp-json\/wp\/v2\/pages\/762\/revisions\/1200"}],"wp:attachment":[{"href":"https:\/\/plichtaregina.hu\/en\/wp-json\/wp\/v2\/media?parent=762"}],"curies":[{"name":"wp","href":"https:\/\/api.w.org\/{rel}","templated":true}]}}