{"id":780,"date":"2023-06-30T12:05:09","date_gmt":"2023-06-30T10:05:09","guid":{"rendered":"https:\/\/plichtaregina.hu\/?page_id=780"},"modified":"2024-05-14T15:28:06","modified_gmt":"2024-05-14T13:28:06","slug":"sunny-cimke-koncepcio","status":"publish","type":"page","link":"https:\/\/plichtaregina.hu\/en\/sunny-cimke-koncepcio\/","title":{"rendered":"Sunny c\u00edmke koncepci\u00f3"},"content":{"rendered":"\t\t<div data-elementor-type=\"wp-page\" data-elementor-id=\"780\" class=\"elementor elementor-780\" data-elementor-post-type=\"page\">\n\t\t\t\t\t\t<section class=\"wd-negative-gap elementor-section elementor-top-section elementor-element elementor-element-2cbff94a elementor-section-full_width elementor-section-stretched elementor-section-height-default elementor-section-height-default\" data-id=\"2cbff94a\" data-element_type=\"section\" data-e-type=\"section\" data-settings=\"{&quot;stretch_section&quot;:&quot;section-stretched&quot;}\">\n\t\t\t\t\t\t<div class=\"elementor-container elementor-column-gap-default\">\n\t\t\t\t\t<div class=\"elementor-column elementor-col-50 elementor-top-column elementor-element elementor-element-2c4d2309\" data-id=\"2c4d2309\" data-element_type=\"column\" data-e-type=\"column\">\n\t\t\t<div class=\"elementor-widget-wrap\">\n\t\t\t\t\t\t\t<\/div>\n\t\t<\/div>\n\t\t\t\t<div class=\"elementor-column elementor-col-50 elementor-top-column elementor-element elementor-element-422b7f0\" data-id=\"422b7f0\" data-element_type=\"column\" data-e-type=\"column\" data-settings=\"{&quot;background_background&quot;:&quot;classic&quot;}\">\n\t\t\t<div class=\"elementor-widget-wrap elementor-element-populated\">\n\t\t\t\t\t<div class=\"elementor-background-overlay\"><\/div>\n\t\t\t\t\t\t<div class=\"elementor-element elementor-element-5ddbd85 elementor-widget elementor-widget-image\" data-id=\"5ddbd85\" data-element_type=\"widget\" data-e-type=\"widget\" data-widget_type=\"image.default\">\n\t\t\t\t<div class=\"elementor-widget-container\">\n\t\t\t\t\t\t\t\t\t\t\t\t\t\t\t<img fetchpriority=\"high\" decoding=\"async\" width=\"742\" height=\"1079\" src=\"https:\/\/plichtaregina.hu\/wp-content\/themes\/woodmart\/images\/lazy.svg\" class=\"attachment-full size-full wp-image-790 wd-lazy-fade\" alt=\"\" srcset=\"\" sizes=\"(max-width: 742px) 100vw, 742px\" data-src=\"https:\/\/plichtaregina.hu\/wp-content\/uploads\/2023\/06\/sunny-hero.png\" data-srcset=\"https:\/\/plichtaregina.hu\/wp-content\/uploads\/2023\/06\/sunny-hero.png 742w, https:\/\/plichtaregina.hu\/wp-content\/uploads\/2023\/06\/sunny-hero-206x300.png 206w, https:\/\/plichtaregina.hu\/wp-content\/uploads\/2023\/06\/sunny-hero-704x1024.png 704w\" \/>\t\t\t\t\t\t\t\t\t\t\t\t\t\t\t<\/div>\n\t\t\t\t<\/div>\n\t\t\t\t\t<\/div>\n\t\t<\/div>\n\t\t\t\t\t<\/div>\n\t\t<\/section>\n\t\t\t\t<section class=\"wd-negative-gap elementor-section elementor-top-section elementor-element elementor-element-fa11077 elementor-section-boxed elementor-section-height-default elementor-section-height-default\" data-id=\"fa11077\" data-element_type=\"section\" data-e-type=\"section\">\n\t\t\t\t\t\t<div class=\"elementor-container elementor-column-gap-default\">\n\t\t\t\t\t<div class=\"elementor-column elementor-col-100 elementor-top-column elementor-element elementor-element-6cec301\" data-id=\"6cec301\" data-element_type=\"column\" data-e-type=\"column\">\n\t\t\t<div class=\"elementor-widget-wrap elementor-element-populated\">\n\t\t\t\t\t\t<div class=\"elementor-element elementor-element-da1d037 elementor-widget elementor-widget-heading\" data-id=\"da1d037\" data-element_type=\"widget\" data-e-type=\"widget\" data-settings=\"{&quot;motion_fx_motion_fx_scrolling&quot;:&quot;yes&quot;,&quot;motion_fx_blur_effect&quot;:&quot;yes&quot;,&quot;motion_fx_blur_direction&quot;:&quot;in-out&quot;,&quot;motion_fx_blur_level&quot;:{&quot;unit&quot;:&quot;px&quot;,&quot;size&quot;:10,&quot;sizes&quot;:[]},&quot;motion_fx_blur_range&quot;:{&quot;unit&quot;:&quot;%&quot;,&quot;size&quot;:&quot;&quot;,&quot;sizes&quot;:{&quot;start&quot;:63,&quot;end&quot;:100}},&quot;motion_fx_devices&quot;:[&quot;desktop&quot;,&quot;tablet&quot;,&quot;mobile&quot;]}\" data-widget_type=\"heading.default\">\n\t\t\t\t<div class=\"elementor-widget-container\">\n\t\t\t\t\t<h2 class=\"elementor-heading-title elementor-size-default\">Sunny <br>\nc\u00edmke <br> koncepci\u00f3<\/h2>\t\t\t\t<\/div>\n\t\t\t\t<\/div>\n\t\t\t\t\t<\/div>\n\t\t<\/div>\n\t\t\t\t\t<\/div>\n\t\t<\/section>\n\t\t\t\t<section class=\"wd-negative-gap elementor-section elementor-top-section elementor-element elementor-element-c858c7e elementor-section-boxed elementor-section-height-default elementor-section-height-default\" data-id=\"c858c7e\" data-element_type=\"section\" data-e-type=\"section\">\n\t\t\t\t\t\t<div class=\"elementor-container elementor-column-gap-default\">\n\t\t\t\t\t<div class=\"elementor-column elementor-col-50 elementor-top-column elementor-element elementor-element-d0d6723\" data-id=\"d0d6723\" data-element_type=\"column\" data-e-type=\"column\">\n\t\t\t<div class=\"elementor-widget-wrap elementor-element-populated\">\n\t\t\t\t\t\t<div class=\"elementor-element elementor-element-652118f elementor-widget elementor-widget-heading\" data-id=\"652118f\" data-element_type=\"widget\" data-e-type=\"widget\" data-widget_type=\"heading.default\">\n\t\t\t\t<div class=\"elementor-widget-container\">\n\t\t\t\t\t<h2 class=\"elementor-heading-title elementor-size-default\">B\u0151vebben a projektr\u0151l<\/h2>\t\t\t\t<\/div>\n\t\t\t\t<\/div>\n\t\t\t\t<div class=\"elementor-element elementor-element-af0eba3 color-scheme-inherit text-left elementor-widget elementor-widget-text-editor\" data-id=\"af0eba3\" data-element_type=\"widget\" data-e-type=\"widget\" data-widget_type=\"text-editor.default\">\n\t\t\t\t<div class=\"elementor-widget-container\">\n\t\t\t\t\t\t\t\t\t<p>A Sunny egy helyi italgy\u00e1rt\u00f3 c\u00e9g term\u00e9kcsal\u00e1dja, amelybe eddig 0%-os radlerek tartoztak. Ezt a k\u00edn\u00e1latot egy \u00faj sorozattal b\u0151v\u00edtett\u00e9k, amelybe \u00edzes\u00edtett tonicok ker\u00fcltek.<\/p><p>Az \u00faj term\u00e9khez k\u00e9sz\u00edtettem ezt az izgalmas c\u00edmke koncepci\u00f3t, amely sziluettekkel<br \/>\u00e9s rajzos elemekkel j\u00e1tszik.<\/p>\t\t\t\t\t\t\t\t<\/div>\n\t\t\t\t<\/div>\n\t\t\t\t<div class=\"elementor-element elementor-element-60dcc75 elementor-widget elementor-widget-wd_text_block\" data-id=\"60dcc75\" data-element_type=\"widget\" data-e-type=\"widget\" data-widget_type=\"wd_text_block.default\">\n\t\t\t\t<div class=\"elementor-widget-container\">\n\t\t\t\t\t\t\t<div class=\"wd-text-block reset-last-child text-left\">\n\t\t\t\n\t\t\t<p>A c\u00e9l, hogy egy fiatalos, izgalmas megjelen\u00e9s\u0171 csomagol\u00e1s sz\u00fclessen. Emellett fontos volt, hogy a m\u00e1r megl\u00e9v\u0151 term\u00e9kek k\u00f6z\u00e9 is passzoljon az \u00faj design, valamint a Sunny mint azonos\u00edt\u00f3 log\u00f3 nevet is viselje.<\/p>\n\t\t\t\t\t<\/div>\n\t\t\t\t\t\t<\/div>\n\t\t\t\t<\/div>\n\t\t\t\t<div class=\"elementor-element elementor-element-8c67ac8 color-scheme-inherit text-left elementor-widget elementor-widget-text-editor\" data-id=\"8c67ac8\" data-element_type=\"widget\" data-e-type=\"widget\" data-widget_type=\"text-editor.default\">\n\t\t\t\t<div class=\"elementor-widget-container\">\n\t\t\t\t\t\t\t\t\t<p>A megold\u00e1sban az \u00f6sszetev\u0151 alapanyagok rajzolatait haszn\u00e1ltam fel, a sziluettjeikkel pedig sz\u00ednes, homog\u00e9n h\u00e1ttereket hoztam l\u00e9tre, amelyek megt\u00f6rik a tiszta feh\u00e9r alapanyagot.<br \/><br \/>Ez a koncepci\u00f3 v\u00e9g\u00fcl nem ker\u00fclt megval\u00f3s\u00edt\u00e1sra, egy m\u00e1sik megold\u00e1s ker\u00fclt v\u00e9g\u00fcl boltokba.<\/p>\t\t\t\t\t\t\t\t<\/div>\n\t\t\t\t<\/div>\n\t\t\t\t\t<\/div>\n\t\t<\/div>\n\t\t\t\t<div class=\"elementor-column elementor-col-50 elementor-top-column elementor-element elementor-element-291db58\" data-id=\"291db58\" data-element_type=\"column\" data-e-type=\"column\">\n\t\t\t<div class=\"elementor-widget-wrap elementor-element-populated\">\n\t\t\t\t\t\t<div class=\"elementor-element elementor-element-c1d9837 elementor-widget elementor-widget-image\" data-id=\"c1d9837\" data-element_type=\"widget\" data-e-type=\"widget\" data-widget_type=\"image.default\">\n\t\t\t\t<div class=\"elementor-widget-container\">\n\t\t\t\t\t\t\t\t\t\t\t\t\t\t\t<img decoding=\"async\" width=\"930\" height=\"1079\" src=\"https:\/\/plichtaregina.hu\/wp-content\/themes\/woodmart\/images\/lazy.svg\" class=\"attachment-full size-full wp-image-785 wd-lazy-fade\" alt=\"\" srcset=\"\" sizes=\"(max-width: 930px) 100vw, 930px\" data-src=\"https:\/\/plichtaregina.hu\/wp-content\/uploads\/2023\/06\/sunny-1-e1688119954368.png\" data-srcset=\"https:\/\/plichtaregina.hu\/wp-content\/uploads\/2023\/06\/sunny-1-e1688119954368.png 930w, https:\/\/plichtaregina.hu\/wp-content\/uploads\/2023\/06\/sunny-1-e1688119954368-259x300.png 259w, https:\/\/plichtaregina.hu\/wp-content\/uploads\/2023\/06\/sunny-1-e1688119954368-883x1024.png 883w, https:\/\/plichtaregina.hu\/wp-content\/uploads\/2023\/06\/sunny-1-e1688119954368-768x891.png 768w\" \/>\t\t\t\t\t\t\t\t\t\t\t\t\t\t\t<\/div>\n\t\t\t\t<\/div>\n\t\t\t\t\t<\/div>\n\t\t<\/div>\n\t\t\t\t\t<\/div>\n\t\t<\/section>\n\t\t\t\t<section class=\"wd-negative-gap elementor-section elementor-top-section elementor-element elementor-element-254e15b elementor-section-boxed elementor-section-height-default elementor-section-height-default\" data-id=\"254e15b\" data-element_type=\"section\" data-e-type=\"section\">\n\t\t\t\t\t\t<div class=\"elementor-container elementor-column-gap-default\">\n\t\t\t\t\t<div class=\"elementor-column elementor-col-100 elementor-top-column elementor-element elementor-element-a1542fa\" data-id=\"a1542fa\" data-element_type=\"column\" data-e-type=\"column\">\n\t\t\t<div class=\"elementor-widget-wrap elementor-element-populated\">\n\t\t\t\t\t\t<div class=\"elementor-element elementor-element-3c04000 elementor-widget elementor-widget-image\" data-id=\"3c04000\" data-element_type=\"widget\" data-e-type=\"widget\" data-widget_type=\"image.default\">\n\t\t\t\t<div class=\"elementor-widget-container\">\n\t\t\t\t\t\t\t\t\t\t\t\t\t\t\t<img decoding=\"async\" width=\"1519\" height=\"1080\" src=\"https:\/\/plichtaregina.hu\/wp-content\/themes\/woodmart\/images\/lazy.svg\" class=\"attachment-full size-full wp-image-786 wd-lazy-fade\" alt=\"\" srcset=\"\" sizes=\"(max-width: 1519px) 100vw, 1519px\" data-src=\"https:\/\/plichtaregina.hu\/wp-content\/uploads\/2023\/06\/sunny-2.png\" data-srcset=\"https:\/\/plichtaregina.hu\/wp-content\/uploads\/2023\/06\/sunny-2.png 1519w, https:\/\/plichtaregina.hu\/wp-content\/uploads\/2023\/06\/sunny-2-300x213.png 300w, https:\/\/plichtaregina.hu\/wp-content\/uploads\/2023\/06\/sunny-2-1024x728.png 1024w, https:\/\/plichtaregina.hu\/wp-content\/uploads\/2023\/06\/sunny-2-768x546.png 768w\" \/>\t\t\t\t\t\t\t\t\t\t\t\t\t\t\t<\/div>\n\t\t\t\t<\/div>\n\t\t\t\t<div class=\"elementor-element elementor-element-8b6a77e elementor-widget elementor-widget-image\" data-id=\"8b6a77e\" data-element_type=\"widget\" data-e-type=\"widget\" data-widget_type=\"image.default\">\n\t\t\t\t<div class=\"elementor-widget-container\">\n\t\t\t\t\t\t\t\t\t\t\t\t\t\t\t<img loading=\"lazy\" decoding=\"async\" width=\"1520\" height=\"1080\" src=\"https:\/\/plichtaregina.hu\/wp-content\/themes\/woodmart\/images\/lazy.svg\" class=\"attachment-full size-full wp-image-788 wd-lazy-fade\" alt=\"\" srcset=\"\" sizes=\"(max-width: 1520px) 100vw, 1520px\" data-src=\"https:\/\/plichtaregina.hu\/wp-content\/uploads\/2023\/06\/sunny-4.png\" data-srcset=\"https:\/\/plichtaregina.hu\/wp-content\/uploads\/2023\/06\/sunny-4.png 1520w, https:\/\/plichtaregina.hu\/wp-content\/uploads\/2023\/06\/sunny-4-300x213.png 300w, https:\/\/plichtaregina.hu\/wp-content\/uploads\/2023\/06\/sunny-4-1024x728.png 1024w, https:\/\/plichtaregina.hu\/wp-content\/uploads\/2023\/06\/sunny-4-768x546.png 768w\" \/>\t\t\t\t\t\t\t\t\t\t\t\t\t\t\t<\/div>\n\t\t\t\t<\/div>\n\t\t\t\t<div class=\"elementor-element elementor-element-78ee532 elementor-widget elementor-widget-image\" data-id=\"78ee532\" data-element_type=\"widget\" data-e-type=\"widget\" data-widget_type=\"image.default\">\n\t\t\t\t<div class=\"elementor-widget-container\">\n\t\t\t\t\t\t\t\t\t\t\t\t\t\t\t<img loading=\"lazy\" decoding=\"async\" width=\"1519\" height=\"1080\" src=\"https:\/\/plichtaregina.hu\/wp-content\/themes\/woodmart\/images\/lazy.svg\" class=\"attachment-full size-full wp-image-787 wd-lazy-fade\" alt=\"\" srcset=\"\" sizes=\"(max-width: 1519px) 100vw, 1519px\" data-src=\"https:\/\/plichtaregina.hu\/wp-content\/uploads\/2023\/06\/sunny-3.png\" data-srcset=\"https:\/\/plichtaregina.hu\/wp-content\/uploads\/2023\/06\/sunny-3.png 1519w, https:\/\/plichtaregina.hu\/wp-content\/uploads\/2023\/06\/sunny-3-300x213.png 300w, https:\/\/plichtaregina.hu\/wp-content\/uploads\/2023\/06\/sunny-3-1024x728.png 1024w, https:\/\/plichtaregina.hu\/wp-content\/uploads\/2023\/06\/sunny-3-768x546.png 768w\" \/>\t\t\t\t\t\t\t\t\t\t\t\t\t\t\t<\/div>\n\t\t\t\t<\/div>\n\t\t\t\t<div class=\"elementor-element elementor-element-43744a5 elementor-widget elementor-widget-image\" data-id=\"43744a5\" data-element_type=\"widget\" data-e-type=\"widget\" data-widget_type=\"image.default\">\n\t\t\t\t<div class=\"elementor-widget-container\">\n\t\t\t\t\t\t\t\t\t\t\t\t\t\t\t<img loading=\"lazy\" decoding=\"async\" width=\"1520\" height=\"1080\" src=\"https:\/\/plichtaregina.hu\/wp-content\/themes\/woodmart\/images\/lazy.svg\" class=\"attachment-full size-full wp-image-789 wd-lazy-fade\" alt=\"\" srcset=\"\" sizes=\"(max-width: 1520px) 100vw, 1520px\" data-src=\"https:\/\/plichtaregina.hu\/wp-content\/uploads\/2023\/06\/sunny-5.png\" data-srcset=\"https:\/\/plichtaregina.hu\/wp-content\/uploads\/2023\/06\/sunny-5.png 1520w, https:\/\/plichtaregina.hu\/wp-content\/uploads\/2023\/06\/sunny-5-300x213.png 300w, https:\/\/plichtaregina.hu\/wp-content\/uploads\/2023\/06\/sunny-5-1024x728.png 1024w, https:\/\/plichtaregina.hu\/wp-content\/uploads\/2023\/06\/sunny-5-768x546.png 768w\" \/>\t\t\t\t\t\t\t\t\t\t\t\t\t\t\t<\/div>\n\t\t\t\t<\/div>\n\t\t\t\t\t<\/div>\n\t\t<\/div>\n\t\t\t\t\t<\/div>\n\t\t<\/section>\n\t\t\t\t<\/div>\n\t\t","protected":false},"excerpt":{"rendered":"<p>Sunny c\u00edmke koncepci\u00f3 B\u0151vebben a projektr\u0151l A Sunny egy helyi italgy\u00e1rt\u00f3 c\u00e9g term\u00e9kcsal\u00e1dja, amelybe eddig 0%-os radlerek tartoztak. Ezt a<\/p>","protected":false},"author":1,"featured_media":0,"parent":0,"menu_order":0,"comment_status":"closed","ping_status":"closed","template":"","meta":{"_seopress_robots_primary_cat":"","_seopress_titles_title":"","_seopress_titles_desc":"","_seopress_robots_index":"","_crdt_document":"","footnotes":""},"class_list":["post-780","page","type-page","status-publish","hentry"],"_links":{"self":[{"href":"https:\/\/plichtaregina.hu\/en\/wp-json\/wp\/v2\/pages\/780","targetHints":{"allow":["GET"]}}],"collection":[{"href":"https:\/\/plichtaregina.hu\/en\/wp-json\/wp\/v2\/pages"}],"about":[{"href":"https:\/\/plichtaregina.hu\/en\/wp-json\/wp\/v2\/types\/page"}],"author":[{"embeddable":true,"href":"https:\/\/plichtaregina.hu\/en\/wp-json\/wp\/v2\/users\/1"}],"replies":[{"embeddable":true,"href":"https:\/\/plichtaregina.hu\/en\/wp-json\/wp\/v2\/comments?post=780"}],"version-history":[{"count":1,"href":"https:\/\/plichtaregina.hu\/en\/wp-json\/wp\/v2\/pages\/780\/revisions"}],"predecessor-version":[{"id":1199,"href":"https:\/\/plichtaregina.hu\/en\/wp-json\/wp\/v2\/pages\/780\/revisions\/1199"}],"wp:attachment":[{"href":"https:\/\/plichtaregina.hu\/en\/wp-json\/wp\/v2\/media?parent=780"}],"curies":[{"name":"wp","href":"https:\/\/api.w.org\/{rel}","templated":true}]}}