{"id":825,"date":"2023-09-26T13:44:35","date_gmt":"2023-09-26T11:44:35","guid":{"rendered":"https:\/\/plichtaregina.hu\/?page_id=825"},"modified":"2024-05-14T15:28:06","modified_gmt":"2024-05-14T13:28:06","slug":"oh-honey-logoterv","status":"publish","type":"page","link":"https:\/\/plichtaregina.hu\/en\/oh-honey-logoterv\/","title":{"rendered":"Oh Honey &#8211; log\u00f3terv"},"content":{"rendered":"\t\t<div data-elementor-type=\"wp-page\" data-elementor-id=\"825\" class=\"elementor elementor-825\" data-elementor-post-type=\"page\">\n\t\t\t\t\t\t<section class=\"wd-negative-gap elementor-section elementor-top-section elementor-element elementor-element-2cbff94a elementor-section-full_width elementor-section-stretched elementor-section-height-default elementor-section-height-default\" data-id=\"2cbff94a\" data-element_type=\"section\" data-e-type=\"section\" data-settings=\"{&quot;stretch_section&quot;:&quot;section-stretched&quot;}\">\n\t\t\t\t\t\t<div class=\"elementor-container elementor-column-gap-default\">\n\t\t\t\t\t<div class=\"elementor-column elementor-col-50 elementor-top-column elementor-element elementor-element-2c4d2309\" data-id=\"2c4d2309\" data-element_type=\"column\" data-e-type=\"column\">\n\t\t\t<div class=\"elementor-widget-wrap\">\n\t\t\t\t\t\t\t<\/div>\n\t\t<\/div>\n\t\t\t\t<div class=\"elementor-column elementor-col-50 elementor-top-column elementor-element elementor-element-422b7f0\" data-id=\"422b7f0\" data-element_type=\"column\" data-e-type=\"column\" data-settings=\"{&quot;background_background&quot;:&quot;classic&quot;}\">\n\t\t\t<div class=\"elementor-widget-wrap elementor-element-populated\">\n\t\t\t\t\t<div class=\"elementor-background-overlay\"><\/div>\n\t\t\t\t\t\t<div class=\"elementor-element elementor-element-5ddbd85 elementor-widget elementor-widget-image\" data-id=\"5ddbd85\" data-element_type=\"widget\" data-e-type=\"widget\" data-widget_type=\"image.default\">\n\t\t\t\t<div class=\"elementor-widget-container\">\n\t\t\t\t\t\t\t\t\t\t\t\t\t\t\t<img fetchpriority=\"high\" decoding=\"async\" width=\"2795\" height=\"769\" src=\"https:\/\/plichtaregina.hu\/wp-content\/themes\/woodmart\/images\/lazy.svg\" class=\"attachment-full size-full wp-image-828 wd-lazy-fade\" alt=\"\" srcset=\"\" sizes=\"(max-width: 2795px) 100vw, 2795px\" data-src=\"https:\/\/plichtaregina.hu\/wp-content\/uploads\/2023\/09\/oh-typo-gols.png\" data-srcset=\"https:\/\/plichtaregina.hu\/wp-content\/uploads\/2023\/09\/oh-typo-gols.png 2795w, https:\/\/plichtaregina.hu\/wp-content\/uploads\/2023\/09\/oh-typo-gols-300x83.png 300w, https:\/\/plichtaregina.hu\/wp-content\/uploads\/2023\/09\/oh-typo-gols-1024x282.png 1024w, https:\/\/plichtaregina.hu\/wp-content\/uploads\/2023\/09\/oh-typo-gols-768x211.png 768w, https:\/\/plichtaregina.hu\/wp-content\/uploads\/2023\/09\/oh-typo-gols-1536x423.png 1536w, https:\/\/plichtaregina.hu\/wp-content\/uploads\/2023\/09\/oh-typo-gols-2048x563.png 2048w\" \/>\t\t\t\t\t\t\t\t\t\t\t\t\t\t\t<\/div>\n\t\t\t\t<\/div>\n\t\t\t\t\t<\/div>\n\t\t<\/div>\n\t\t\t\t\t<\/div>\n\t\t<\/section>\n\t\t\t\t<section class=\"wd-negative-gap elementor-section elementor-top-section elementor-element elementor-element-fa11077 elementor-section-boxed elementor-section-height-default elementor-section-height-default\" data-id=\"fa11077\" data-element_type=\"section\" data-e-type=\"section\">\n\t\t\t\t\t\t<div class=\"elementor-container elementor-column-gap-default\">\n\t\t\t\t\t<div class=\"elementor-column elementor-col-100 elementor-top-column elementor-element elementor-element-6cec301\" data-id=\"6cec301\" data-element_type=\"column\" data-e-type=\"column\">\n\t\t\t<div class=\"elementor-widget-wrap elementor-element-populated\">\n\t\t\t\t\t\t<div class=\"elementor-element elementor-element-da1d037 elementor-widget elementor-widget-heading\" data-id=\"da1d037\" data-element_type=\"widget\" data-e-type=\"widget\" data-settings=\"{&quot;motion_fx_motion_fx_scrolling&quot;:&quot;yes&quot;,&quot;motion_fx_blur_effect&quot;:&quot;yes&quot;,&quot;motion_fx_blur_direction&quot;:&quot;in-out&quot;,&quot;motion_fx_blur_level&quot;:{&quot;unit&quot;:&quot;px&quot;,&quot;size&quot;:10,&quot;sizes&quot;:[]},&quot;motion_fx_blur_range&quot;:{&quot;unit&quot;:&quot;%&quot;,&quot;size&quot;:&quot;&quot;,&quot;sizes&quot;:{&quot;start&quot;:63,&quot;end&quot;:100}},&quot;motion_fx_devices&quot;:[&quot;desktop&quot;,&quot;tablet&quot;,&quot;mobile&quot;]}\" data-widget_type=\"heading.default\">\n\t\t\t\t<div class=\"elementor-widget-container\">\n\t\t\t\t\t<h2 class=\"elementor-heading-title elementor-size-default\">Oh Honey\nlog\u00f3terv<\/h2>\t\t\t\t<\/div>\n\t\t\t\t<\/div>\n\t\t\t\t\t<\/div>\n\t\t<\/div>\n\t\t\t\t\t<\/div>\n\t\t<\/section>\n\t\t\t\t<section class=\"wd-negative-gap elementor-section elementor-top-section elementor-element elementor-element-c858c7e elementor-section-boxed elementor-section-height-default elementor-section-height-default\" data-id=\"c858c7e\" data-element_type=\"section\" data-e-type=\"section\">\n\t\t\t\t\t\t<div class=\"elementor-container elementor-column-gap-default\">\n\t\t\t\t\t<div class=\"elementor-column elementor-col-50 elementor-top-column elementor-element elementor-element-d0d6723\" data-id=\"d0d6723\" data-element_type=\"column\" data-e-type=\"column\">\n\t\t\t<div class=\"elementor-widget-wrap elementor-element-populated\">\n\t\t\t\t\t\t<div class=\"elementor-element elementor-element-652118f elementor-widget elementor-widget-heading\" data-id=\"652118f\" data-element_type=\"widget\" data-e-type=\"widget\" data-widget_type=\"heading.default\">\n\t\t\t\t<div class=\"elementor-widget-container\">\n\t\t\t\t\t<h2 class=\"elementor-heading-title elementor-size-default\">B\u0151vebben a projektr\u0151l<\/h2>\t\t\t\t<\/div>\n\t\t\t\t<\/div>\n\t\t\t\t<div class=\"elementor-element elementor-element-af0eba3 color-scheme-inherit text-left elementor-widget elementor-widget-text-editor\" data-id=\"af0eba3\" data-element_type=\"widget\" data-e-type=\"widget\" data-widget_type=\"text-editor.default\">\n\t\t\t\t<div class=\"elementor-widget-container\">\n\t\t\t\t\t\t\t\t\t<p>Az Oh Honey c\u00e9lja, hogy az emberek megismerj\u00e9k a m\u00e9z \u00faj oldal\u00e1t: \u00edzes\u00edtett, pr\u00e9mium min\u0151s\u00e9g\u0171 m\u00e9zeket k\u00e9sz\u00edtenek, kiz\u00e1r\u00f3lag term\u00e9szetes alapanyagok felhaszn\u00e1l\u00e1s\u00e1val.<br \/><br \/>Azt m\u00e1r mindny\u00e1jan tudjuk, hogy a m\u00e9z eg\u00e9szs\u00e9ges, \u00e9s sz\u00e1mos j\u00f3t\u00e9kony hat\u00e1ssal b\u00edr.<\/p>\t\t\t\t\t\t\t\t<\/div>\n\t\t\t\t<\/div>\n\t\t\t\t<div class=\"elementor-element elementor-element-60dcc75 elementor-widget elementor-widget-wd_text_block\" data-id=\"60dcc75\" data-element_type=\"widget\" data-e-type=\"widget\" data-widget_type=\"wd_text_block.default\">\n\t\t\t\t<div class=\"elementor-widget-container\">\n\t\t\t\t\t\t\t<div class=\"wd-text-block reset-last-child text-left\">\n\t\t\t\n\t\t\t<p>Az Oh Honey c\u00e9lja viszont,<br \/>hogy alternat\u00edv\u00e1t teremtsen<br \/>a mindennapi gondoskod\u00e1sban:\u2028hogy t\u00f6r\u0151d\u00e9st \u00e9s eg\u00e9szs\u00e9get aj\u00e1nd\u00e9kozhassunk egym\u00e1snak,\u2028egy izgalmas gasztro\u00e9lm\u00e9nyben.<\/p>\n\t\t\t\t\t<\/div>\n\t\t\t\t\t\t<\/div>\n\t\t\t\t<\/div>\n\t\t\t\t<div class=\"elementor-element elementor-element-8c67ac8 color-scheme-inherit text-left elementor-widget elementor-widget-text-editor\" data-id=\"8c67ac8\" data-element_type=\"widget\" data-e-type=\"widget\" data-widget_type=\"text-editor.default\">\n\t\t\t\t<div class=\"elementor-widget-container\">\n\t\t\t\t\t\t\t\t\t<p>Mivel a k\u00e9sz\u00fcl\u0151 term\u00e9kek t\u00f6bb sz\u00ednben pomp\u00e1znak majd, a c\u00e9lunk az volt, hogy letisztult form\u00e1ban jelenhessen meg a log\u00f3 mind a c\u00edmk\u00e9ken, mind az egy\u00e9b anyagokon, melyek viselik majd ezeket a k\u00fcl\u00f6nleges sz\u00edneket.<\/p><p>A tipografikus log\u00f3 kiss\u00e9 az Art Deco csillog\u00f3, gazdag vizu\u00e1lis vil\u00e1g\u00e1t id\u00e9zi, elrugaszkodva a megszokott \u201cm\u00e9hecske-hexagon\u201d fekete-s\u00e1rga vil\u00e1g\u00e1t\u00f3l.<\/p><p>A kontrasztos bet\u0171k magabiztoss\u00e1got sugallnak, a bet\u0171form\u00e1k azonban m\u00e9gis t\u00fckr\u00f6znek egyfajta rendezett szab\u00e1lytalans\u00e1got (a v\u00e9kony sz\u00e1rak vastags\u00e1g-k\u00fcl\u00f6nbs\u00e9ge miatt), ami a term\u00e9szetben is megtal\u00e1lhat\u00f3.<\/p><p>A \u201cpecs\u00e9t\u201d log\u00f3ban a m\u00e1rka kezd\u0151bet\u0171i szerepelnek, amelyek elrendez\u00e9se \u00f6lelkez\u0151 embereket hivatott szimboliz\u00e1lni. Ezzel hangs\u00falyozzuk a t\u00f6r\u0151d\u00e9s fontoss\u00e1g\u00e1t. A figura absztrakts\u00e1ga viszont megtart minket az Art Deco milli\u0151ben.<\/p>\t\t\t\t\t\t\t\t<\/div>\n\t\t\t\t<\/div>\n\t\t\t\t\t<\/div>\n\t\t<\/div>\n\t\t\t\t<div class=\"elementor-column elementor-col-50 elementor-top-column elementor-element elementor-element-291db58\" data-id=\"291db58\" data-element_type=\"column\" data-e-type=\"column\">\n\t\t\t<div class=\"elementor-widget-wrap elementor-element-populated\">\n\t\t\t\t\t\t<div class=\"elementor-element elementor-element-5074cde elementor-widget elementor-widget-image\" data-id=\"5074cde\" data-element_type=\"widget\" data-e-type=\"widget\" data-widget_type=\"image.default\">\n\t\t\t\t<div class=\"elementor-widget-container\">\n\t\t\t\t\t\t\t\t\t\t\t\t\t\t\t<img decoding=\"async\" width=\"1103\" height=\"291\" src=\"https:\/\/plichtaregina.hu\/wp-content\/themes\/woodmart\/images\/lazy.svg\" class=\"attachment-full size-full wp-image-833 wd-lazy-fade\" alt=\"\" srcset=\"\" sizes=\"(max-width: 1103px) 100vw, 1103px\" data-src=\"https:\/\/plichtaregina.hu\/wp-content\/uploads\/2023\/09\/oh-typo-one-color.png\" data-srcset=\"https:\/\/plichtaregina.hu\/wp-content\/uploads\/2023\/09\/oh-typo-one-color.png 1103w, https:\/\/plichtaregina.hu\/wp-content\/uploads\/2023\/09\/oh-typo-one-color-300x79.png 300w, https:\/\/plichtaregina.hu\/wp-content\/uploads\/2023\/09\/oh-typo-one-color-1024x270.png 1024w, https:\/\/plichtaregina.hu\/wp-content\/uploads\/2023\/09\/oh-typo-one-color-768x203.png 768w\" \/>\t\t\t\t\t\t\t\t\t\t\t\t\t\t\t<\/div>\n\t\t\t\t<\/div>\n\t\t\t\t<div class=\"elementor-element elementor-element-c1d9837 elementor-widget elementor-widget-image\" data-id=\"c1d9837\" data-element_type=\"widget\" data-e-type=\"widget\" data-widget_type=\"image.default\">\n\t\t\t\t<div class=\"elementor-widget-container\">\n\t\t\t\t\t\t\t\t\t\t\t\t\t\t\t<img decoding=\"async\" width=\"408\" height=\"621\" src=\"https:\/\/plichtaregina.hu\/wp-content\/themes\/woodmart\/images\/lazy.svg\" class=\"attachment-full size-full wp-image-834 wd-lazy-fade\" alt=\"\" srcset=\"\" sizes=\"(max-width: 408px) 100vw, 408px\" data-src=\"https:\/\/plichtaregina.hu\/wp-content\/uploads\/2023\/09\/Oh-tomor-logo.png\" data-srcset=\"https:\/\/plichtaregina.hu\/wp-content\/uploads\/2023\/09\/Oh-tomor-logo.png 408w, https:\/\/plichtaregina.hu\/wp-content\/uploads\/2023\/09\/Oh-tomor-logo-197x300.png 197w\" \/>\t\t\t\t\t\t\t\t\t\t\t\t\t\t\t<\/div>\n\t\t\t\t<\/div>\n\t\t\t\t<div class=\"elementor-element elementor-element-d3e12fc elementor-widget elementor-widget-image\" data-id=\"d3e12fc\" data-element_type=\"widget\" data-e-type=\"widget\" data-widget_type=\"image.default\">\n\t\t\t\t<div class=\"elementor-widget-container\">\n\t\t\t\t\t\t\t\t\t\t\t\t\t\t\t<img loading=\"lazy\" decoding=\"async\" width=\"468\" height=\"455\" src=\"https:\/\/plichtaregina.hu\/wp-content\/themes\/woodmart\/images\/lazy.svg\" class=\"attachment-full size-full wp-image-835 wd-lazy-fade\" alt=\"\" srcset=\"\" sizes=\"(max-width: 468px) 100vw, 468px\" data-src=\"https:\/\/plichtaregina.hu\/wp-content\/uploads\/2023\/09\/oh-honey-colors.png\" data-srcset=\"https:\/\/plichtaregina.hu\/wp-content\/uploads\/2023\/09\/oh-honey-colors.png 468w, https:\/\/plichtaregina.hu\/wp-content\/uploads\/2023\/09\/oh-honey-colors-300x292.png 300w\" \/>\t\t\t\t\t\t\t\t\t\t\t\t\t\t\t<\/div>\n\t\t\t\t<\/div>\n\t\t\t\t<div class=\"elementor-element elementor-element-bb6570c elementor-hidden-desktop elementor-widget elementor-widget-image\" data-id=\"bb6570c\" data-element_type=\"widget\" data-e-type=\"widget\" data-widget_type=\"image.default\">\n\t\t\t\t<div class=\"elementor-widget-container\">\n\t\t\t\t\t\t\t\t\t\t\t\t\t\t\t<img loading=\"lazy\" decoding=\"async\" width=\"1200\" height=\"800\" src=\"https:\/\/plichtaregina.hu\/wp-content\/themes\/woodmart\/images\/lazy.svg\" class=\"attachment-full size-full wp-image-839 wd-lazy-fade\" alt=\"\" srcset=\"\" sizes=\"(max-width: 1200px) 100vw, 1200px\" data-src=\"https:\/\/plichtaregina.hu\/wp-content\/uploads\/2023\/09\/2-3.jpg\" data-srcset=\"https:\/\/plichtaregina.hu\/wp-content\/uploads\/2023\/09\/2-3.jpg 1200w, https:\/\/plichtaregina.hu\/wp-content\/uploads\/2023\/09\/2-3-300x200.jpg 300w, https:\/\/plichtaregina.hu\/wp-content\/uploads\/2023\/09\/2-3-1024x683.jpg 1024w, https:\/\/plichtaregina.hu\/wp-content\/uploads\/2023\/09\/2-3-768x512.jpg 768w\" \/>\t\t\t\t\t\t\t\t\t\t\t\t\t\t\t<\/div>\n\t\t\t\t<\/div>\n\t\t\t\t<div class=\"elementor-element elementor-element-49708b5 elementor-hidden-desktop elementor-widget elementor-widget-image\" data-id=\"49708b5\" data-element_type=\"widget\" data-e-type=\"widget\" data-widget_type=\"image.default\">\n\t\t\t\t<div class=\"elementor-widget-container\">\n\t\t\t\t\t\t\t\t\t\t\t\t\t\t\t<img loading=\"lazy\" decoding=\"async\" width=\"1200\" height=\"900\" src=\"https:\/\/plichtaregina.hu\/wp-content\/themes\/woodmart\/images\/lazy.svg\" class=\"attachment-full size-full wp-image-840 wd-lazy-fade\" alt=\"\" srcset=\"\" sizes=\"(max-width: 1200px) 100vw, 1200px\" data-src=\"https:\/\/plichtaregina.hu\/wp-content\/uploads\/2023\/09\/2.jpg\" data-srcset=\"https:\/\/plichtaregina.hu\/wp-content\/uploads\/2023\/09\/2.jpg 1200w, https:\/\/plichtaregina.hu\/wp-content\/uploads\/2023\/09\/2-300x225.jpg 300w, https:\/\/plichtaregina.hu\/wp-content\/uploads\/2023\/09\/2-1024x768.jpg 1024w, https:\/\/plichtaregina.hu\/wp-content\/uploads\/2023\/09\/2-768x576.jpg 768w\" \/>\t\t\t\t\t\t\t\t\t\t\t\t\t\t\t<\/div>\n\t\t\t\t<\/div>\n\t\t\t\t<div class=\"elementor-element elementor-element-f0b62b3 elementor-hidden-desktop elementor-widget elementor-widget-image\" data-id=\"f0b62b3\" data-element_type=\"widget\" data-e-type=\"widget\" data-widget_type=\"image.default\">\n\t\t\t\t<div class=\"elementor-widget-container\">\n\t\t\t\t\t\t\t\t\t\t\t\t\t\t\t<img loading=\"lazy\" decoding=\"async\" width=\"1201\" height=\"638\" src=\"https:\/\/plichtaregina.hu\/wp-content\/themes\/woodmart\/images\/lazy.svg\" class=\"attachment-full size-full wp-image-841 wd-lazy-fade\" alt=\"\" srcset=\"\" sizes=\"(max-width: 1201px) 100vw, 1201px\" data-src=\"https:\/\/plichtaregina.hu\/wp-content\/uploads\/2023\/09\/oh-honey-kep-4.png\" data-srcset=\"https:\/\/plichtaregina.hu\/wp-content\/uploads\/2023\/09\/oh-honey-kep-4.png 1201w, https:\/\/plichtaregina.hu\/wp-content\/uploads\/2023\/09\/oh-honey-kep-4-300x159.png 300w, https:\/\/plichtaregina.hu\/wp-content\/uploads\/2023\/09\/oh-honey-kep-4-1024x544.png 1024w, https:\/\/plichtaregina.hu\/wp-content\/uploads\/2023\/09\/oh-honey-kep-4-768x408.png 768w\" \/>\t\t\t\t\t\t\t\t\t\t\t\t\t\t\t<\/div>\n\t\t\t\t<\/div>\n\t\t\t\t<div class=\"elementor-element elementor-element-96f9ba4 elementor-hidden-desktop elementor-widget elementor-widget-image\" data-id=\"96f9ba4\" data-element_type=\"widget\" data-e-type=\"widget\" data-widget_type=\"image.default\">\n\t\t\t\t<div class=\"elementor-widget-container\">\n\t\t\t\t\t\t\t\t\t\t\t\t\t\t\t<img loading=\"lazy\" decoding=\"async\" width=\"531\" height=\"727\" src=\"https:\/\/plichtaregina.hu\/wp-content\/themes\/woodmart\/images\/lazy.svg\" class=\"attachment-full size-full wp-image-842 wd-lazy-fade\" alt=\"\" srcset=\"\" sizes=\"(max-width: 531px) 100vw, 531px\" data-src=\"https:\/\/plichtaregina.hu\/wp-content\/uploads\/2023\/09\/oh-honey-kep-1-1.png\" data-srcset=\"https:\/\/plichtaregina.hu\/wp-content\/uploads\/2023\/09\/oh-honey-kep-1-1.png 531w, https:\/\/plichtaregina.hu\/wp-content\/uploads\/2023\/09\/oh-honey-kep-1-1-219x300.png 219w\" \/>\t\t\t\t\t\t\t\t\t\t\t\t\t\t\t<\/div>\n\t\t\t\t<\/div>\n\t\t\t\t\t<\/div>\n\t\t<\/div>\n\t\t\t\t\t<\/div>\n\t\t<\/section>\n\t\t\t\t<section class=\"wd-negative-gap elementor-section elementor-top-section elementor-element elementor-element-62a59eae elementor-section-full_width elementor-section-content-top elementor-hidden-tablet elementor-hidden-mobile elementor-section-height-default elementor-section-height-default\" data-id=\"62a59eae\" data-element_type=\"section\" data-e-type=\"section\">\n\t\t\t\t\t\t<div class=\"elementor-container elementor-column-gap-no\">\n\t\t\t\t\t<div class=\"elementor-column elementor-col-50 elementor-top-column elementor-element elementor-element-190b6e9a\" data-id=\"190b6e9a\" data-element_type=\"column\" data-e-type=\"column\">\n\t\t\t<div class=\"elementor-widget-wrap elementor-element-populated\">\n\t\t\t\t\t\t<div class=\"elementor-element elementor-element-03f662f elementor-widget elementor-widget-image\" data-id=\"03f662f\" data-element_type=\"widget\" data-e-type=\"widget\" data-settings=\"{&quot;motion_fx_motion_fx_scrolling&quot;:&quot;yes&quot;,&quot;motion_fx_blur_effect&quot;:&quot;yes&quot;,&quot;motion_fx_blur_direction&quot;:&quot;out-in-out&quot;,&quot;motion_fx_blur_level&quot;:{&quot;unit&quot;:&quot;px&quot;,&quot;size&quot;:10,&quot;sizes&quot;:[]},&quot;motion_fx_blur_range&quot;:{&quot;unit&quot;:&quot;%&quot;,&quot;size&quot;:&quot;&quot;,&quot;sizes&quot;:{&quot;start&quot;:30,&quot;end&quot;:70}},&quot;motion_fx_devices&quot;:[&quot;desktop&quot;,&quot;tablet&quot;,&quot;mobile&quot;]}\" data-widget_type=\"image.default\">\n\t\t\t\t<div class=\"elementor-widget-container\">\n\t\t\t\t\t\t\t\t\t\t\t\t\t\t\t<img loading=\"lazy\" decoding=\"async\" width=\"531\" height=\"727\" src=\"https:\/\/plichtaregina.hu\/wp-content\/themes\/woodmart\/images\/lazy.svg\" class=\"attachment-full size-full wp-image-836 wd-lazy-fade\" alt=\"\" srcset=\"\" sizes=\"(max-width: 531px) 100vw, 531px\" data-src=\"https:\/\/plichtaregina.hu\/wp-content\/uploads\/2023\/09\/oh-honey-kep-1.png\" data-srcset=\"https:\/\/plichtaregina.hu\/wp-content\/uploads\/2023\/09\/oh-honey-kep-1.png 531w, https:\/\/plichtaregina.hu\/wp-content\/uploads\/2023\/09\/oh-honey-kep-1-219x300.png 219w\" \/>\t\t\t\t\t\t\t\t\t\t\t\t\t\t\t<\/div>\n\t\t\t\t<\/div>\n\t\t\t\t\t<\/div>\n\t\t<\/div>\n\t\t\t\t<div class=\"elementor-column elementor-col-50 elementor-top-column elementor-element elementor-element-60b5e6c\" data-id=\"60b5e6c\" data-element_type=\"column\" data-e-type=\"column\">\n\t\t\t<div class=\"elementor-widget-wrap elementor-element-populated\">\n\t\t\t\t\t\t<div class=\"elementor-element elementor-element-7332909 elementor-widget elementor-widget-image\" data-id=\"7332909\" data-element_type=\"widget\" data-e-type=\"widget\" data-widget_type=\"image.default\">\n\t\t\t\t<div class=\"elementor-widget-container\">\n\t\t\t\t\t\t\t\t\t\t\t\t\t\t\t<img loading=\"lazy\" decoding=\"async\" width=\"979\" height=\"727\" src=\"https:\/\/plichtaregina.hu\/wp-content\/themes\/woodmart\/images\/lazy.svg\" class=\"attachment-full size-full wp-image-837 wd-lazy-fade\" alt=\"\" srcset=\"\" sizes=\"(max-width: 979px) 100vw, 979px\" data-src=\"https:\/\/plichtaregina.hu\/wp-content\/uploads\/2023\/09\/oh-honey-kep-2.png\" data-srcset=\"https:\/\/plichtaregina.hu\/wp-content\/uploads\/2023\/09\/oh-honey-kep-2.png 979w, https:\/\/plichtaregina.hu\/wp-content\/uploads\/2023\/09\/oh-honey-kep-2-300x223.png 300w, https:\/\/plichtaregina.hu\/wp-content\/uploads\/2023\/09\/oh-honey-kep-2-768x570.png 768w\" \/>\t\t\t\t\t\t\t\t\t\t\t\t\t\t\t<\/div>\n\t\t\t\t<\/div>\n\t\t\t\t\t<\/div>\n\t\t<\/div>\n\t\t\t\t\t<\/div>\n\t\t<\/section>\n\t\t\t\t<section class=\"wd-negative-gap elementor-section elementor-top-section elementor-element elementor-element-52c27e7 elementor-section-full_width elementor-section-content-top elementor-hidden-tablet elementor-hidden-mobile elementor-section-height-default elementor-section-height-default\" data-id=\"52c27e7\" data-element_type=\"section\" data-e-type=\"section\">\n\t\t\t\t\t\t<div class=\"elementor-container elementor-column-gap-no\">\n\t\t\t\t\t<div class=\"elementor-column elementor-col-100 elementor-top-column elementor-element elementor-element-1b46c42\" data-id=\"1b46c42\" data-element_type=\"column\" data-e-type=\"column\">\n\t\t\t<div class=\"elementor-widget-wrap elementor-element-populated\">\n\t\t\t\t\t\t<div class=\"elementor-element elementor-element-5cf7abe elementor-widget elementor-widget-image\" data-id=\"5cf7abe\" data-element_type=\"widget\" data-e-type=\"widget\" data-widget_type=\"image.default\">\n\t\t\t\t<div class=\"elementor-widget-container\">\n\t\t\t\t\t\t\t\t\t\t\t\t\t\t\t<img loading=\"lazy\" decoding=\"async\" width=\"979\" height=\"354\" src=\"https:\/\/plichtaregina.hu\/wp-content\/themes\/woodmart\/images\/lazy.svg\" class=\"attachment-full size-full wp-image-838 wd-lazy-fade\" alt=\"\" srcset=\"\" sizes=\"(max-width: 979px) 100vw, 979px\" data-src=\"https:\/\/plichtaregina.hu\/wp-content\/uploads\/2023\/09\/oh-honey-kep-3.png\" data-srcset=\"https:\/\/plichtaregina.hu\/wp-content\/uploads\/2023\/09\/oh-honey-kep-3.png 979w, https:\/\/plichtaregina.hu\/wp-content\/uploads\/2023\/09\/oh-honey-kep-3-300x108.png 300w, https:\/\/plichtaregina.hu\/wp-content\/uploads\/2023\/09\/oh-honey-kep-3-768x278.png 768w\" \/>\t\t\t\t\t\t\t\t\t\t\t\t\t\t\t<\/div>\n\t\t\t\t<\/div>\n\t\t\t\t\t<\/div>\n\t\t<\/div>\n\t\t\t\t\t<\/div>\n\t\t<\/section>\n\t\t\t\t<\/div>\n\t\t","protected":false},"excerpt":{"rendered":"<p>Oh Honey log\u00f3terv B\u0151vebben a projektr\u0151l Az Oh Honey c\u00e9lja, hogy az emberek megismerj\u00e9k a m\u00e9z \u00faj oldal\u00e1t: \u00edzes\u00edtett, pr\u00e9mium<\/p>","protected":false},"author":1,"featured_media":0,"parent":0,"menu_order":0,"comment_status":"closed","ping_status":"closed","template":"","meta":{"_seopress_robots_primary_cat":"","_seopress_titles_title":"","_seopress_titles_desc":"","_seopress_robots_index":"","_crdt_document":"","footnotes":""},"class_list":["post-825","page","type-page","status-publish","hentry"],"_links":{"self":[{"href":"https:\/\/plichtaregina.hu\/en\/wp-json\/wp\/v2\/pages\/825","targetHints":{"allow":["GET"]}}],"collection":[{"href":"https:\/\/plichtaregina.hu\/en\/wp-json\/wp\/v2\/pages"}],"about":[{"href":"https:\/\/plichtaregina.hu\/en\/wp-json\/wp\/v2\/types\/page"}],"author":[{"embeddable":true,"href":"https:\/\/plichtaregina.hu\/en\/wp-json\/wp\/v2\/users\/1"}],"replies":[{"embeddable":true,"href":"https:\/\/plichtaregina.hu\/en\/wp-json\/wp\/v2\/comments?post=825"}],"version-history":[{"count":1,"href":"https:\/\/plichtaregina.hu\/en\/wp-json\/wp\/v2\/pages\/825\/revisions"}],"predecessor-version":[{"id":1197,"href":"https:\/\/plichtaregina.hu\/en\/wp-json\/wp\/v2\/pages\/825\/revisions\/1197"}],"wp:attachment":[{"href":"https:\/\/plichtaregina.hu\/en\/wp-json\/wp\/v2\/media?parent=825"}],"curies":[{"name":"wp","href":"https:\/\/api.w.org\/{rel}","templated":true}]}}