{"id":895,"date":"2023-10-12T14:58:23","date_gmt":"2023-10-12T12:58:23","guid":{"rendered":"https:\/\/plichtaregina.hu\/?page_id=895"},"modified":"2024-05-14T15:28:04","modified_gmt":"2024-05-14T13:28:04","slug":"kolibri-fejleszto-kozpont","status":"publish","type":"page","link":"https:\/\/plichtaregina.hu\/en\/kolibri-fejleszto-kozpont\/","title":{"rendered":"Kolibri Fejleszt\u0151 K\u00f6zpont"},"content":{"rendered":"\t\t<div data-elementor-type=\"wp-page\" data-elementor-id=\"895\" class=\"elementor elementor-895\" data-elementor-post-type=\"page\">\n\t\t\t\t\t\t<section class=\"wd-negative-gap elementor-section elementor-top-section elementor-element elementor-element-2cbff94a elementor-section-full_width elementor-section-stretched elementor-section-content-bottom elementor-section-height-default elementor-section-height-default\" data-id=\"2cbff94a\" data-element_type=\"section\" data-e-type=\"section\" data-settings=\"{&quot;stretch_section&quot;:&quot;section-stretched&quot;,&quot;background_background&quot;:&quot;classic&quot;}\">\n\t\t\t\t\t\t<div class=\"elementor-container elementor-column-gap-default\">\n\t\t\t\t\t<div class=\"elementor-column elementor-col-100 elementor-top-column elementor-element elementor-element-422b7f0\" data-id=\"422b7f0\" data-element_type=\"column\" data-e-type=\"column\" data-settings=\"{&quot;background_background&quot;:&quot;classic&quot;}\">\n\t\t\t<div class=\"elementor-widget-wrap elementor-element-populated\">\n\t\t\t\t\t<div class=\"elementor-background-overlay\"><\/div>\n\t\t\t\t\t\t<div class=\"elementor-element elementor-element-5ddbd85 elementor-widget elementor-widget-image\" data-id=\"5ddbd85\" data-element_type=\"widget\" data-e-type=\"widget\" data-widget_type=\"image.default\">\n\t\t\t\t<div class=\"elementor-widget-container\">\n\t\t\t\t\t\t\t\t\t\t\t\t\t\t\t<img fetchpriority=\"high\" decoding=\"async\" width=\"2000\" height=\"1300\" src=\"https:\/\/plichtaregina.hu\/wp-content\/themes\/woodmart\/images\/lazy.svg\" class=\"attachment-full size-full wp-image-897 wd-lazy-fade\" alt=\"\" srcset=\"\" sizes=\"(max-width: 2000px) 100vw, 2000px\" data-src=\"https:\/\/plichtaregina.hu\/wp-content\/uploads\/2023\/09\/kolibri-mockup-laptop.png\" data-srcset=\"https:\/\/plichtaregina.hu\/wp-content\/uploads\/2023\/09\/kolibri-mockup-laptop.png 2000w, https:\/\/plichtaregina.hu\/wp-content\/uploads\/2023\/09\/kolibri-mockup-laptop-300x195.png 300w, https:\/\/plichtaregina.hu\/wp-content\/uploads\/2023\/09\/kolibri-mockup-laptop-1024x666.png 1024w, https:\/\/plichtaregina.hu\/wp-content\/uploads\/2023\/09\/kolibri-mockup-laptop-768x499.png 768w, https:\/\/plichtaregina.hu\/wp-content\/uploads\/2023\/09\/kolibri-mockup-laptop-1536x998.png 1536w\" \/>\t\t\t\t\t\t\t\t\t\t\t\t\t\t\t<\/div>\n\t\t\t\t<\/div>\n\t\t\t\t\t<\/div>\n\t\t<\/div>\n\t\t\t\t\t<\/div>\n\t\t<\/section>\n\t\t\t\t<section class=\"wd-negative-gap elementor-section elementor-top-section elementor-element elementor-element-fa11077 elementor-section-boxed elementor-section-height-default elementor-section-height-default\" data-id=\"fa11077\" data-element_type=\"section\" data-e-type=\"section\">\n\t\t\t\t\t\t<div class=\"elementor-container elementor-column-gap-default\">\n\t\t\t\t\t<div class=\"elementor-column elementor-col-100 elementor-top-column elementor-element elementor-element-6cec301\" data-id=\"6cec301\" data-element_type=\"column\" data-e-type=\"column\">\n\t\t\t<div class=\"elementor-widget-wrap elementor-element-populated\">\n\t\t\t\t\t\t<div class=\"elementor-element elementor-element-da1d037 elementor-widget elementor-widget-heading\" data-id=\"da1d037\" data-element_type=\"widget\" data-e-type=\"widget\" data-settings=\"{&quot;motion_fx_motion_fx_scrolling&quot;:&quot;yes&quot;,&quot;motion_fx_blur_effect&quot;:&quot;yes&quot;,&quot;motion_fx_blur_direction&quot;:&quot;in-out&quot;,&quot;motion_fx_blur_level&quot;:{&quot;unit&quot;:&quot;px&quot;,&quot;size&quot;:10,&quot;sizes&quot;:[]},&quot;motion_fx_blur_range&quot;:{&quot;unit&quot;:&quot;%&quot;,&quot;size&quot;:&quot;&quot;,&quot;sizes&quot;:{&quot;start&quot;:63,&quot;end&quot;:100}},&quot;motion_fx_devices&quot;:[&quot;desktop&quot;,&quot;tablet&quot;,&quot;mobile&quot;]}\" data-widget_type=\"heading.default\">\n\t\t\t\t<div class=\"elementor-widget-container\">\n\t\t\t\t\t<h2 class=\"elementor-heading-title elementor-size-default\">Kolibri fejleszt\u0151 k\u00f6zpont<\/h2>\t\t\t\t<\/div>\n\t\t\t\t<\/div>\n\t\t\t\t\t<\/div>\n\t\t<\/div>\n\t\t\t\t\t<\/div>\n\t\t<\/section>\n\t\t\t\t<section class=\"wd-negative-gap elementor-section elementor-top-section elementor-element elementor-element-c858c7e elementor-section-boxed elementor-section-height-default elementor-section-height-default\" data-id=\"c858c7e\" data-element_type=\"section\" data-e-type=\"section\">\n\t\t\t\t\t\t<div class=\"elementor-container elementor-column-gap-default\">\n\t\t\t\t\t<div class=\"elementor-column elementor-col-50 elementor-top-column elementor-element elementor-element-d0d6723\" data-id=\"d0d6723\" data-element_type=\"column\" data-e-type=\"column\">\n\t\t\t<div class=\"elementor-widget-wrap elementor-element-populated\">\n\t\t\t\t\t\t<div class=\"elementor-element elementor-element-652118f elementor-widget elementor-widget-heading\" data-id=\"652118f\" data-element_type=\"widget\" data-e-type=\"widget\" data-widget_type=\"heading.default\">\n\t\t\t\t<div class=\"elementor-widget-container\">\n\t\t\t\t\t<h2 class=\"elementor-heading-title elementor-size-default\">B\u0151vebben a projektr\u0151l<\/h2>\t\t\t\t<\/div>\n\t\t\t\t<\/div>\n\t\t\t\t<div class=\"elementor-element elementor-element-af0eba3 color-scheme-inherit text-left elementor-widget elementor-widget-text-editor\" data-id=\"af0eba3\" data-element_type=\"widget\" data-e-type=\"widget\" data-widget_type=\"text-editor.default\">\n\t\t\t\t<div class=\"elementor-widget-container\">\n\t\t\t\t\t\t\t\t\t<p>A Kolibri Fejleszt\u0151 K\u00f6zpont egy a megszokott\u00f3l elt\u00e9r\u0151 fejl\u0151d\u00e9smenet\u0171 gyermekek sz\u00e1m\u00e1ra l\u00e9trehozott int\u00e9zm\u00e9ny. Szakembereik az\u00e9rt dolgoznak, hogy az \u00e9rintett gyermekek \u00e9s sz\u00fcleik szakszer\u0171 tan\u00e1csad\u00e1sban r\u00e9szes\u00fclhessenek, \u00e9s k\u00f6nnyebben vehess\u00e9k a mindennapi akad\u00e1lyokat.<\/p>\t\t\t\t\t\t\t\t<\/div>\n\t\t\t\t<\/div>\n\t\t\t\t<div class=\"elementor-element elementor-element-60dcc75 elementor-widget elementor-widget-wd_text_block\" data-id=\"60dcc75\" data-element_type=\"widget\" data-e-type=\"widget\" data-widget_type=\"wd_text_block.default\">\n\t\t\t\t<div class=\"elementor-widget-container\">\n\t\t\t\t\t\t\t<div class=\"wd-text-block reset-last-child text-left\">\n\t\t\t\n\t\t\t<p>A weboldal kialak\u00edt\u00e1sa sor\u00e1n<br \/>az egyik f\u00f3kuszpontunk volt<br \/>az \u00e1tl\u00e1that\u00f3s\u00e1g \u00e9s\u2028megb\u00edzhat\u00f3s\u00e1g t\u00fckr\u00f6z\u00e9se,<br \/>hogy a sz\u00fcl\u0151k \u00e9rezz\u00e9k:<br \/>nincsenek egyed\u00fcl,<br \/>\u00e9s van seg\u00edts\u00e9g\u00fck.<\/p>\n\t\t\t\t\t<\/div>\n\t\t\t\t\t\t<\/div>\n\t\t\t\t<\/div>\n\t\t\t\t<div class=\"elementor-element elementor-element-8c67ac8 color-scheme-inherit text-left elementor-widget elementor-widget-text-editor\" data-id=\"8c67ac8\" data-element_type=\"widget\" data-e-type=\"widget\" data-widget_type=\"text-editor.default\">\n\t\t\t\t<div class=\"elementor-widget-container\">\n\t\t\t\t\t\t\t\t\t<p>A legt\u00f6bb sz\u00fcl\u0151 szeretne mindent el\u0151re tudni, miel\u0151tt szakv\u00e9lem\u00e9nyt k\u00e9rne gyermek\u00e9r\u0151l\u2028- \u00edgy mi \u00e9pp ebben igyekezt\u00fcnk seg\u00edts\u00e9g\u00fckre lenni. <br \/><br \/>Az inform\u00e1ci\u00f3kat j\u00f3l struktur\u00e1ltan t\u00e1laltuk, valamint minden az int\u00e9zm\u00e9nyben zajl\u00f3 ter\u00e1pi\u00e1r\u00f3l r\u00e9szletes bemutat\u00e1st adtunk. Ezen t\u00fal ell\u00e1ttuk \u0151ket egy t\u00fcnetlist\u00e1val is, melyre \u00e9rdemes odafigyelni\u00fck.\u2028<br \/>Az oldalon dinamikus, komplementer sz\u00ednhaszn\u00e1lattal, v\u00e1ltozatos formavil\u00e1ggal oper\u00e1ltunk, hangs\u00falyozva a soksz\u00edn\u0171s\u00e9get\u2028\u00e9s a k\u00f6zpont j\u00e1t\u00e9koss\u00e1g\u00e1t.<\/p>\t\t\t\t\t\t\t\t<\/div>\n\t\t\t\t<\/div>\n\t\t\t\t\t<\/div>\n\t\t<\/div>\n\t\t\t\t<div class=\"elementor-column elementor-col-50 elementor-top-column elementor-element elementor-element-291db58\" data-id=\"291db58\" data-element_type=\"column\" data-e-type=\"column\">\n\t\t\t<div class=\"elementor-widget-wrap elementor-element-populated\">\n\t\t\t\t\t\t<div class=\"elementor-element elementor-element-c1d9837 elementor-widget elementor-widget-image\" data-id=\"c1d9837\" data-element_type=\"widget\" data-e-type=\"widget\" data-widget_type=\"image.default\">\n\t\t\t\t<div class=\"elementor-widget-container\">\n\t\t\t\t\t\t\t\t\t\t\t\t\t\t\t<img decoding=\"async\" width=\"468\" height=\"400\" src=\"https:\/\/plichtaregina.hu\/wp-content\/themes\/woodmart\/images\/lazy.svg\" class=\"attachment-full size-full wp-image-899 wd-lazy-fade\" alt=\"\" srcset=\"\" sizes=\"(max-width: 468px) 100vw, 468px\" data-src=\"https:\/\/plichtaregina.hu\/wp-content\/uploads\/2023\/09\/kolibri-szinek.png\" data-srcset=\"https:\/\/plichtaregina.hu\/wp-content\/uploads\/2023\/09\/kolibri-szinek.png 468w, https:\/\/plichtaregina.hu\/wp-content\/uploads\/2023\/09\/kolibri-szinek-300x256.png 300w\" \/>\t\t\t\t\t\t\t\t\t\t\t\t\t\t\t<\/div>\n\t\t\t\t<\/div>\n\t\t\t\t<div class=\"elementor-element elementor-element-b461f97 elementor-widget elementor-widget-image\" data-id=\"b461f97\" data-element_type=\"widget\" data-e-type=\"widget\" data-widget_type=\"image.default\">\n\t\t\t\t<div class=\"elementor-widget-container\">\n\t\t\t\t\t\t\t\t\t\t\t\t\t\t\t<img decoding=\"async\" width=\"2000\" height=\"1846\" src=\"https:\/\/plichtaregina.hu\/wp-content\/themes\/woodmart\/images\/lazy.svg\" class=\"attachment-full size-full wp-image-900 wd-lazy-fade\" alt=\"\" srcset=\"\" sizes=\"(max-width: 2000px) 100vw, 2000px\" data-src=\"https:\/\/plichtaregina.hu\/wp-content\/uploads\/2023\/09\/kolibri-mobil-mockup.png\" data-srcset=\"https:\/\/plichtaregina.hu\/wp-content\/uploads\/2023\/09\/kolibri-mobil-mockup.png 2000w, https:\/\/plichtaregina.hu\/wp-content\/uploads\/2023\/09\/kolibri-mobil-mockup-300x277.png 300w, https:\/\/plichtaregina.hu\/wp-content\/uploads\/2023\/09\/kolibri-mobil-mockup-1024x945.png 1024w, https:\/\/plichtaregina.hu\/wp-content\/uploads\/2023\/09\/kolibri-mobil-mockup-768x709.png 768w, https:\/\/plichtaregina.hu\/wp-content\/uploads\/2023\/09\/kolibri-mobil-mockup-1536x1418.png 1536w\" \/>\t\t\t\t\t\t\t\t\t\t\t\t\t\t\t<\/div>\n\t\t\t\t<\/div>\n\t\t\t\t\t<\/div>\n\t\t<\/div>\n\t\t\t\t\t<\/div>\n\t\t<\/section>\n\t\t\t\t<section class=\"wd-negative-gap elementor-section elementor-top-section elementor-element elementor-element-c224699 elementor-section-boxed elementor-section-height-default elementor-section-height-default\" data-id=\"c224699\" data-element_type=\"section\" data-e-type=\"section\">\n\t\t\t\t\t\t<div class=\"elementor-container elementor-column-gap-default\">\n\t\t\t\t\t<div class=\"elementor-column elementor-col-50 elementor-top-column elementor-element elementor-element-ef2ab3d\" data-id=\"ef2ab3d\" data-element_type=\"column\" data-e-type=\"column\">\n\t\t\t<div class=\"elementor-widget-wrap elementor-element-populated\">\n\t\t\t\t\t\t<div class=\"elementor-element elementor-element-5971259 elementor-widget__width-initial elementor-widget elementor-widget-image\" data-id=\"5971259\" data-element_type=\"widget\" data-e-type=\"widget\" data-widget_type=\"image.default\">\n\t\t\t\t<div class=\"elementor-widget-container\">\n\t\t\t\t\t\t\t\t\t\t\t\t\t\t\t<img loading=\"lazy\" decoding=\"async\" width=\"687\" height=\"4621\" src=\"https:\/\/plichtaregina.hu\/wp-content\/themes\/woodmart\/images\/lazy.svg\" class=\"attachment-full size-full wp-image-911 wd-lazy-fade\" alt=\"\" data-src=\"https:\/\/plichtaregina.hu\/wp-content\/uploads\/2023\/10\/kolibri-1-mobil.png\" srcset=\"\" \/>\t\t\t\t\t\t\t\t\t\t\t\t\t\t\t<\/div>\n\t\t\t\t<\/div>\n\t\t\t\t<div class=\"elementor-element elementor-element-16111d5 elementor-widget__width-initial elementor-widget elementor-widget-image\" data-id=\"16111d5\" data-element_type=\"widget\" data-e-type=\"widget\" data-widget_type=\"image.default\">\n\t\t\t\t<div class=\"elementor-widget-container\">\n\t\t\t\t\t\t\t\t\t\t\t\t\t\t\t<img loading=\"lazy\" decoding=\"async\" width=\"687\" height=\"4556\" src=\"https:\/\/plichtaregina.hu\/wp-content\/themes\/woodmart\/images\/lazy.svg\" class=\"attachment-full size-full wp-image-912 wd-lazy-fade\" alt=\"\" srcset=\"\" sizes=\"(max-width: 687px) 100vw, 687px\" data-src=\"https:\/\/plichtaregina.hu\/wp-content\/uploads\/2023\/10\/kolibri-2-mobil.png\" data-srcset=\"https:\/\/plichtaregina.hu\/wp-content\/uploads\/2023\/10\/kolibri-2-mobil.png 687w, https:\/\/plichtaregina.hu\/wp-content\/uploads\/2023\/10\/kolibri-2-mobil-309x2048.png 309w\" \/>\t\t\t\t\t\t\t\t\t\t\t\t\t\t\t<\/div>\n\t\t\t\t<\/div>\n\t\t\t\t\t<\/div>\n\t\t<\/div>\n\t\t\t\t<div class=\"elementor-column elementor-col-50 elementor-top-column elementor-element elementor-element-044fbd6 wd_sticky_offset_50 wd-elementor-sticky-column\" data-id=\"044fbd6\" data-element_type=\"column\" data-e-type=\"column\">\n\t\t\t<div class=\"elementor-widget-wrap elementor-element-populated\">\n\t\t\t\t\t\t<div class=\"elementor-element elementor-element-297a3e9 elementor-widget__width-initial elementor-widget elementor-widget-image\" data-id=\"297a3e9\" data-element_type=\"widget\" data-e-type=\"widget\" data-widget_type=\"image.default\">\n\t\t\t\t<div class=\"elementor-widget-container\">\n\t\t\t\t\t\t\t\t\t\t\t\t\t\t\t<img loading=\"lazy\" decoding=\"async\" width=\"1920\" height=\"4662\" src=\"https:\/\/plichtaregina.hu\/wp-content\/themes\/woodmart\/images\/lazy.svg\" class=\"attachment-full size-full wp-image-913 wd-lazy-fade\" alt=\"\" srcset=\"\" sizes=\"(max-width: 1920px) 100vw, 1920px\" data-src=\"https:\/\/plichtaregina.hu\/wp-content\/uploads\/2023\/10\/screencapture-kolibrifejleszto-hu-2023-09-26-17_57_31.png\" data-srcset=\"https:\/\/plichtaregina.hu\/wp-content\/uploads\/2023\/10\/screencapture-kolibrifejleszto-hu-2023-09-26-17_57_31.png 1920w, https:\/\/plichtaregina.hu\/wp-content\/uploads\/2023\/10\/screencapture-kolibrifejleszto-hu-2023-09-26-17_57_31-124x300.png 124w, https:\/\/plichtaregina.hu\/wp-content\/uploads\/2023\/10\/screencapture-kolibrifejleszto-hu-2023-09-26-17_57_31-422x1024.png 422w, https:\/\/plichtaregina.hu\/wp-content\/uploads\/2023\/10\/screencapture-kolibrifejleszto-hu-2023-09-26-17_57_31-768x1865.png 768w, https:\/\/plichtaregina.hu\/wp-content\/uploads\/2023\/10\/screencapture-kolibrifejleszto-hu-2023-09-26-17_57_31-633x1536.png 633w, https:\/\/plichtaregina.hu\/wp-content\/uploads\/2023\/10\/screencapture-kolibrifejleszto-hu-2023-09-26-17_57_31-843x2048.png 843w\" \/>\t\t\t\t\t\t\t\t\t\t\t\t\t\t\t<\/div>\n\t\t\t\t<\/div>\n\t\t\t\t\t<\/div>\n\t\t<\/div>\n\t\t\t\t\t<\/div>\n\t\t<\/section>\n\t\t\t\t<\/div>\n\t\t","protected":false},"excerpt":{"rendered":"<p>Kolibri fejleszt\u0151 k\u00f6zpont B\u0151vebben a projektr\u0151l A Kolibri Fejleszt\u0151 K\u00f6zpont egy a megszokott\u00f3l elt\u00e9r\u0151 fejl\u0151d\u00e9smenet\u0171 gyermekek sz\u00e1m\u00e1ra l\u00e9trehozott int\u00e9zm\u00e9ny. Szakembereik<\/p>","protected":false},"author":1,"featured_media":0,"parent":0,"menu_order":0,"comment_status":"closed","ping_status":"closed","template":"","meta":{"_seopress_robots_primary_cat":"","_seopress_titles_title":"","_seopress_titles_desc":"","_seopress_robots_index":"","_crdt_document":"","footnotes":""},"class_list":["post-895","page","type-page","status-publish","hentry"],"_links":{"self":[{"href":"https:\/\/plichtaregina.hu\/en\/wp-json\/wp\/v2\/pages\/895","targetHints":{"allow":["GET"]}}],"collection":[{"href":"https:\/\/plichtaregina.hu\/en\/wp-json\/wp\/v2\/pages"}],"about":[{"href":"https:\/\/plichtaregina.hu\/en\/wp-json\/wp\/v2\/types\/page"}],"author":[{"embeddable":true,"href":"https:\/\/plichtaregina.hu\/en\/wp-json\/wp\/v2\/users\/1"}],"replies":[{"embeddable":true,"href":"https:\/\/plichtaregina.hu\/en\/wp-json\/wp\/v2\/comments?post=895"}],"version-history":[{"count":1,"href":"https:\/\/plichtaregina.hu\/en\/wp-json\/wp\/v2\/pages\/895\/revisions"}],"predecessor-version":[{"id":1194,"href":"https:\/\/plichtaregina.hu\/en\/wp-json\/wp\/v2\/pages\/895\/revisions\/1194"}],"wp:attachment":[{"href":"https:\/\/plichtaregina.hu\/en\/wp-json\/wp\/v2\/media?parent=895"}],"curies":[{"name":"wp","href":"https:\/\/api.w.org\/{rel}","templated":true}]}}