{"id":921,"date":"2023-11-06T16:21:55","date_gmt":"2023-11-06T15:21:55","guid":{"rendered":"https:\/\/plichtaregina.hu\/?page_id=921"},"modified":"2024-05-14T15:28:05","modified_gmt":"2024-05-14T13:28:05","slug":"montel-kemeny","status":"publish","type":"page","link":"https:\/\/plichtaregina.hu\/en\/montel-kemeny\/","title":{"rendered":"Montel K\u00e9m\u00e9ny"},"content":{"rendered":"\t\t<div data-elementor-type=\"wp-page\" data-elementor-id=\"921\" class=\"elementor elementor-921\" data-elementor-post-type=\"page\">\n\t\t\t\t\t\t<section class=\"wd-negative-gap elementor-section elementor-top-section elementor-element elementor-element-2cbff94a elementor-section-full_width elementor-section-stretched elementor-section-content-bottom elementor-section-height-default elementor-section-height-default\" data-id=\"2cbff94a\" data-element_type=\"section\" data-e-type=\"section\" data-settings=\"{&quot;stretch_section&quot;:&quot;section-stretched&quot;,&quot;background_background&quot;:&quot;classic&quot;}\">\n\t\t\t\t\t\t<div class=\"elementor-container elementor-column-gap-default\">\n\t\t\t\t\t<div class=\"elementor-column elementor-col-100 elementor-top-column elementor-element elementor-element-422b7f0\" data-id=\"422b7f0\" data-element_type=\"column\" data-e-type=\"column\" data-settings=\"{&quot;background_background&quot;:&quot;classic&quot;}\">\n\t\t\t<div class=\"elementor-widget-wrap elementor-element-populated\">\n\t\t\t\t\t<div class=\"elementor-background-overlay\"><\/div>\n\t\t\t\t\t\t<div class=\"elementor-element elementor-element-5ddbd85 elementor-widget elementor-widget-image\" data-id=\"5ddbd85\" data-element_type=\"widget\" data-e-type=\"widget\" data-widget_type=\"image.default\">\n\t\t\t\t<div class=\"elementor-widget-container\">\n\t\t\t\t\t\t\t\t\t\t\t\t\t\t\t<img fetchpriority=\"high\" decoding=\"async\" width=\"2000\" height=\"1300\" src=\"https:\/\/plichtaregina.hu\/wp-content\/themes\/woodmart\/images\/lazy.svg\" class=\"attachment-full size-full wp-image-943 wd-lazy-fade\" alt=\"\" srcset=\"\" sizes=\"(max-width: 2000px) 100vw, 2000px\" data-src=\"https:\/\/plichtaregina.hu\/wp-content\/uploads\/2023\/11\/montel-laptop-mockup.png\" data-srcset=\"https:\/\/plichtaregina.hu\/wp-content\/uploads\/2023\/11\/montel-laptop-mockup.png 2000w, https:\/\/plichtaregina.hu\/wp-content\/uploads\/2023\/11\/montel-laptop-mockup-300x195.png 300w, https:\/\/plichtaregina.hu\/wp-content\/uploads\/2023\/11\/montel-laptop-mockup-1024x666.png 1024w, https:\/\/plichtaregina.hu\/wp-content\/uploads\/2023\/11\/montel-laptop-mockup-768x499.png 768w, https:\/\/plichtaregina.hu\/wp-content\/uploads\/2023\/11\/montel-laptop-mockup-1536x998.png 1536w\" \/>\t\t\t\t\t\t\t\t\t\t\t\t\t\t\t<\/div>\n\t\t\t\t<\/div>\n\t\t\t\t\t<\/div>\n\t\t<\/div>\n\t\t\t\t\t<\/div>\n\t\t<\/section>\n\t\t\t\t<section class=\"wd-negative-gap elementor-section elementor-top-section elementor-element elementor-element-fa11077 elementor-section-boxed elementor-section-height-default elementor-section-height-default\" data-id=\"fa11077\" data-element_type=\"section\" data-e-type=\"section\">\n\t\t\t\t\t\t<div class=\"elementor-container elementor-column-gap-default\">\n\t\t\t\t\t<div class=\"elementor-column elementor-col-100 elementor-top-column elementor-element elementor-element-6cec301\" data-id=\"6cec301\" data-element_type=\"column\" data-e-type=\"column\">\n\t\t\t<div class=\"elementor-widget-wrap elementor-element-populated\">\n\t\t\t\t\t\t<div class=\"elementor-element elementor-element-da1d037 elementor-widget elementor-widget-heading\" data-id=\"da1d037\" data-element_type=\"widget\" data-e-type=\"widget\" data-settings=\"{&quot;motion_fx_motion_fx_scrolling&quot;:&quot;yes&quot;,&quot;motion_fx_blur_effect&quot;:&quot;yes&quot;,&quot;motion_fx_blur_direction&quot;:&quot;in-out&quot;,&quot;motion_fx_blur_level&quot;:{&quot;unit&quot;:&quot;px&quot;,&quot;size&quot;:10,&quot;sizes&quot;:[]},&quot;motion_fx_blur_range&quot;:{&quot;unit&quot;:&quot;%&quot;,&quot;size&quot;:&quot;&quot;,&quot;sizes&quot;:{&quot;start&quot;:63,&quot;end&quot;:100}},&quot;motion_fx_devices&quot;:[&quot;desktop&quot;,&quot;tablet&quot;,&quot;mobile&quot;]}\" data-widget_type=\"heading.default\">\n\t\t\t\t<div class=\"elementor-widget-container\">\n\t\t\t\t\t<h2 class=\"elementor-heading-title elementor-size-default\">Montel K\u00e9m\u00e9ny<\/h2>\t\t\t\t<\/div>\n\t\t\t\t<\/div>\n\t\t\t\t\t<\/div>\n\t\t<\/div>\n\t\t\t\t\t<\/div>\n\t\t<\/section>\n\t\t\t\t<section class=\"wd-negative-gap elementor-section elementor-top-section elementor-element elementor-element-c858c7e elementor-section-boxed elementor-section-height-default elementor-section-height-default\" data-id=\"c858c7e\" data-element_type=\"section\" data-e-type=\"section\">\n\t\t\t\t\t\t<div class=\"elementor-container elementor-column-gap-default\">\n\t\t\t\t\t<div class=\"elementor-column elementor-col-50 elementor-top-column elementor-element elementor-element-d0d6723\" data-id=\"d0d6723\" data-element_type=\"column\" data-e-type=\"column\">\n\t\t\t<div class=\"elementor-widget-wrap elementor-element-populated\">\n\t\t\t\t\t\t<div class=\"elementor-element elementor-element-652118f elementor-widget elementor-widget-heading\" data-id=\"652118f\" data-element_type=\"widget\" data-e-type=\"widget\" data-widget_type=\"heading.default\">\n\t\t\t\t<div class=\"elementor-widget-container\">\n\t\t\t\t\t<h2 class=\"elementor-heading-title elementor-size-default\">B\u0151vebben a projektr\u0151l<\/h2>\t\t\t\t<\/div>\n\t\t\t\t<\/div>\n\t\t\t\t<div class=\"elementor-element elementor-element-af0eba3 color-scheme-inherit text-left elementor-widget elementor-widget-text-editor\" data-id=\"af0eba3\" data-element_type=\"widget\" data-e-type=\"widget\" data-widget_type=\"text-editor.default\">\n\t\t\t\t<div class=\"elementor-widget-container\">\n\t\t\t\t\t\t\t\t\t<p>A Montel Magyarorsz\u00e1g egy t\u00f6bb, mint 10 \u00e9ve \u00fczemel\u0151 k\u00e9m\u00e9nyrendszereket gy\u00e1rt\u00f3 \u00e9s forgalmaz\u00f3 c\u00e9g. Kor\u00e1bbi weboldalukat elkoptatta az id\u0151, \u00e9s itt volt az ideje, hogy modern k\u00f6nt\u00f6sben k\u00edn\u00e1lj\u00e1k elad\u00e1sra rendszereiket.<\/p>\t\t\t\t\t\t\t\t<\/div>\n\t\t\t\t<\/div>\n\t\t\t\t<div class=\"elementor-element elementor-element-60dcc75 elementor-widget elementor-widget-wd_text_block\" data-id=\"60dcc75\" data-element_type=\"widget\" data-e-type=\"widget\" data-widget_type=\"wd_text_block.default\">\n\t\t\t\t<div class=\"elementor-widget-container\">\n\t\t\t\t\t\t\t<div class=\"wd-text-block reset-last-child text-left\">\n\t\t\t\n\t\t\t<p>\u00a0 Azonban t\u00f6bbre v\u00e1gytak,<br \/>\u00a0 mint egy szimpla digit\u00e1lis <br \/>\u00a0 n\u00e9vjegyk\u00e1rtya.\u2028 Helyet kapott <br \/>\u00a0 egy webshop fel\u00fclet,<br \/>\u00a0 valamint sz\u00e1mos inform\u00e1ci\u00f3s <br \/>\u00a0 aloldal is - ez\u00fattal \u00e1tl\u00e1that\u00f3an \u00e9s struktur\u00e1ltan.\u2028<\/p>\n\t\t\t\t\t<\/div>\n\t\t\t\t\t\t<\/div>\n\t\t\t\t<\/div>\n\t\t\t\t<div class=\"elementor-element elementor-element-8c67ac8 color-scheme-inherit text-left elementor-widget elementor-widget-text-editor\" data-id=\"8c67ac8\" data-element_type=\"widget\" data-e-type=\"widget\" data-widget_type=\"text-editor.default\">\n\t\t\t\t<div class=\"elementor-widget-container\">\n\t\t\t\t\t\t\t\t\t<p>Akik \u00e9p\u00edtkeztek m\u00e1r, tudj\u00e1k, hogy ilyenkor sz\u00e1mtalan dolgot kell egyszerre sz\u00e1mon tartanunk. Arra t\u00f6rekedt\u00fcnk, hogy az oldalon laikusk\u00e9nt is k\u00f6nnyen kalauzolhassa mag\u00e1t a l\u00e1togat\u00f3, \u00e9s ne h\u00e1tr\u00e1ltass\u00e1k a felesleges sallangok.\u2028<\/p><p>Minden rendszert \u00e9s alkatr\u00e9szt megismerhet, s\u0151t, ak\u00e1r egyes\u00e9vel meg is v\u00e1s\u00e1rolhatja azokat a honlapon. Ha pedig nem v\u00e1rna annyit, az oldalon elhelyezett forgalmaz\u00f3i t\u00e9rk\u00e9p seg\u00edts\u00e9g\u00e9vel megtal\u00e1lhatja a hozz\u00e1 legk\u00f6zelebbi \u00fczletet is.<\/p>\t\t\t\t\t\t\t\t<\/div>\n\t\t\t\t<\/div>\n\t\t\t\t\t<\/div>\n\t\t<\/div>\n\t\t\t\t<div class=\"elementor-column elementor-col-50 elementor-top-column elementor-element elementor-element-291db58\" data-id=\"291db58\" data-element_type=\"column\" data-e-type=\"column\">\n\t\t\t<div class=\"elementor-widget-wrap elementor-element-populated\">\n\t\t\t\t\t\t<div class=\"elementor-element elementor-element-c1d9837 elementor-widget elementor-widget-image\" data-id=\"c1d9837\" data-element_type=\"widget\" data-e-type=\"widget\" data-widget_type=\"image.default\">\n\t\t\t\t<div class=\"elementor-widget-container\">\n\t\t\t\t\t\t\t\t\t\t\t\t\t\t\t<img decoding=\"async\" width=\"908\" height=\"996\" src=\"https:\/\/plichtaregina.hu\/wp-content\/themes\/woodmart\/images\/lazy.svg\" class=\"attachment-full size-full wp-image-956 wd-lazy-fade\" alt=\"\" srcset=\"\" sizes=\"(max-width: 908px) 100vw, 908px\" data-src=\"https:\/\/plichtaregina.hu\/wp-content\/uploads\/2023\/11\/Montel-szinek-es-betuk.png\" data-srcset=\"https:\/\/plichtaregina.hu\/wp-content\/uploads\/2023\/11\/Montel-szinek-es-betuk.png 908w, https:\/\/plichtaregina.hu\/wp-content\/uploads\/2023\/11\/Montel-szinek-es-betuk-273x300.png 273w, https:\/\/plichtaregina.hu\/wp-content\/uploads\/2023\/11\/Montel-szinek-es-betuk-768x842.png 768w\" \/>\t\t\t\t\t\t\t\t\t\t\t\t\t\t\t<\/div>\n\t\t\t\t<\/div>\n\t\t\t\t<div class=\"elementor-element elementor-element-b461f97 elementor-widget elementor-widget-image\" data-id=\"b461f97\" data-element_type=\"widget\" data-e-type=\"widget\" data-widget_type=\"image.default\">\n\t\t\t\t<div class=\"elementor-widget-container\">\n\t\t\t\t\t\t\t\t\t\t\t\t\t\t\t<img decoding=\"async\" width=\"1500\" height=\"867\" src=\"https:\/\/plichtaregina.hu\/wp-content\/themes\/woodmart\/images\/lazy.svg\" class=\"attachment-full size-full wp-image-955 wd-lazy-fade\" alt=\"\" srcset=\"\" sizes=\"(max-width: 1500px) 100vw, 1500px\" data-src=\"https:\/\/plichtaregina.hu\/wp-content\/uploads\/2023\/11\/montel-mobil-movkup.png\" data-srcset=\"https:\/\/plichtaregina.hu\/wp-content\/uploads\/2023\/11\/montel-mobil-movkup.png 1500w, https:\/\/plichtaregina.hu\/wp-content\/uploads\/2023\/11\/montel-mobil-movkup-300x173.png 300w, https:\/\/plichtaregina.hu\/wp-content\/uploads\/2023\/11\/montel-mobil-movkup-1024x592.png 1024w, https:\/\/plichtaregina.hu\/wp-content\/uploads\/2023\/11\/montel-mobil-movkup-768x444.png 768w\" \/>\t\t\t\t\t\t\t\t\t\t\t\t\t\t\t<\/div>\n\t\t\t\t<\/div>\n\t\t\t\t\t<\/div>\n\t\t<\/div>\n\t\t\t\t\t<\/div>\n\t\t<\/section>\n\t\t\t\t<section class=\"wd-negative-gap elementor-section elementor-top-section elementor-element elementor-element-c224699 elementor-section-boxed elementor-section-height-default elementor-section-height-default\" data-id=\"c224699\" data-element_type=\"section\" data-e-type=\"section\">\n\t\t\t\t\t\t<div class=\"elementor-container elementor-column-gap-default\">\n\t\t\t\t\t<div class=\"elementor-column elementor-col-50 elementor-top-column elementor-element elementor-element-ef2ab3d\" data-id=\"ef2ab3d\" data-element_type=\"column\" data-e-type=\"column\">\n\t\t\t<div class=\"elementor-widget-wrap elementor-element-populated\">\n\t\t\t\t\t\t<div class=\"elementor-element elementor-element-5971259 elementor-widget__width-initial elementor-widget elementor-widget-image\" data-id=\"5971259\" data-element_type=\"widget\" data-e-type=\"widget\" data-widget_type=\"image.default\">\n\t\t\t\t<div class=\"elementor-widget-container\">\n\t\t\t\t\t\t\t\t\t\t\t\t\t\t\t<img loading=\"lazy\" decoding=\"async\" width=\"416\" height=\"2786\" src=\"https:\/\/plichtaregina.hu\/wp-content\/themes\/woodmart\/images\/lazy.svg\" class=\"attachment-full size-full wp-image-959 wd-lazy-fade\" alt=\"\" srcset=\"\" sizes=\"(max-width: 416px) 100vw, 416px\" data-src=\"https:\/\/plichtaregina.hu\/wp-content\/uploads\/2023\/11\/Montel-mobil-1.png\" data-srcset=\"https:\/\/plichtaregina.hu\/wp-content\/uploads\/2023\/11\/Montel-mobil-1.png 416w, https:\/\/plichtaregina.hu\/wp-content\/uploads\/2023\/11\/Montel-mobil-1-45x300.png 45w, https:\/\/plichtaregina.hu\/wp-content\/uploads\/2023\/11\/Montel-mobil-1-153x1024.png 153w, https:\/\/plichtaregina.hu\/wp-content\/uploads\/2023\/11\/Montel-mobil-1-306x2048.png 306w\" \/>\t\t\t\t\t\t\t\t\t\t\t\t\t\t\t<\/div>\n\t\t\t\t<\/div>\n\t\t\t\t<div class=\"elementor-element elementor-element-16111d5 elementor-widget__width-initial elementor-widget elementor-widget-image\" data-id=\"16111d5\" data-element_type=\"widget\" data-e-type=\"widget\" data-widget_type=\"image.default\">\n\t\t\t\t<div class=\"elementor-widget-container\">\n\t\t\t\t\t\t\t\t\t\t\t\t\t\t\t<img loading=\"lazy\" decoding=\"async\" width=\"415\" height=\"2511\" src=\"https:\/\/plichtaregina.hu\/wp-content\/themes\/woodmart\/images\/lazy.svg\" class=\"attachment-full size-full wp-image-960 wd-lazy-fade\" alt=\"\" srcset=\"\" sizes=\"(max-width: 415px) 100vw, 415px\" data-src=\"https:\/\/plichtaregina.hu\/wp-content\/uploads\/2023\/11\/Montel-mobil-2.png\" data-srcset=\"https:\/\/plichtaregina.hu\/wp-content\/uploads\/2023\/11\/Montel-mobil-2.png 415w, https:\/\/plichtaregina.hu\/wp-content\/uploads\/2023\/11\/Montel-mobil-2-169x1024.png 169w, https:\/\/plichtaregina.hu\/wp-content\/uploads\/2023\/11\/Montel-mobil-2-254x1536.png 254w\" \/>\t\t\t\t\t\t\t\t\t\t\t\t\t\t\t<\/div>\n\t\t\t\t<\/div>\n\t\t\t\t\t<\/div>\n\t\t<\/div>\n\t\t\t\t<div class=\"elementor-column elementor-col-50 elementor-top-column elementor-element elementor-element-044fbd6 wd_sticky_offset_50 wd-elementor-sticky-column\" data-id=\"044fbd6\" data-element_type=\"column\" data-e-type=\"column\">\n\t\t\t<div class=\"elementor-widget-wrap elementor-element-populated\">\n\t\t\t\t\t\t<div class=\"elementor-element elementor-element-297a3e9 elementor-widget__width-initial elementor-widget elementor-widget-image\" data-id=\"297a3e9\" data-element_type=\"widget\" data-e-type=\"widget\" data-widget_type=\"image.default\">\n\t\t\t\t<div class=\"elementor-widget-container\">\n\t\t\t\t\t\t\t\t\t\t\t\t\t\t\t<img loading=\"lazy\" decoding=\"async\" width=\"2115\" height=\"5642\" src=\"https:\/\/plichtaregina.hu\/wp-content\/themes\/woodmart\/images\/lazy.svg\" class=\"attachment-full size-full wp-image-958 wd-lazy-fade\" alt=\"\" srcset=\"\" sizes=\"(max-width: 2115px) 100vw, 2115px\" data-src=\"https:\/\/plichtaregina.hu\/wp-content\/uploads\/2023\/11\/Montel-Weboldal-kep.png\" data-srcset=\"https:\/\/plichtaregina.hu\/wp-content\/uploads\/2023\/11\/Montel-Weboldal-kep.png 2115w, https:\/\/plichtaregina.hu\/wp-content\/uploads\/2023\/11\/Montel-Weboldal-kep-112x300.png 112w, https:\/\/plichtaregina.hu\/wp-content\/uploads\/2023\/11\/Montel-Weboldal-kep-384x1024.png 384w, https:\/\/plichtaregina.hu\/wp-content\/uploads\/2023\/11\/Montel-Weboldal-kep-768x2048.png 768w, https:\/\/plichtaregina.hu\/wp-content\/uploads\/2023\/11\/Montel-Weboldal-kep-576x1536.png 576w\" \/>\t\t\t\t\t\t\t\t\t\t\t\t\t\t\t<\/div>\n\t\t\t\t<\/div>\n\t\t\t\t\t<\/div>\n\t\t<\/div>\n\t\t\t\t\t<\/div>\n\t\t<\/section>\n\t\t\t\t<\/div>\n\t\t","protected":false},"excerpt":{"rendered":"<p>Montel K\u00e9m\u00e9ny B\u0151vebben a projektr\u0151l A Montel Magyarorsz\u00e1g egy t\u00f6bb, mint 10 \u00e9ve \u00fczemel\u0151 k\u00e9m\u00e9nyrendszereket gy\u00e1rt\u00f3 \u00e9s forgalmaz\u00f3 c\u00e9g. Kor\u00e1bbi<\/p>","protected":false},"author":1,"featured_media":0,"parent":0,"menu_order":0,"comment_status":"closed","ping_status":"closed","template":"","meta":{"_seopress_robots_primary_cat":"","_seopress_titles_title":"","_seopress_titles_desc":"","_seopress_robots_index":"","_crdt_document":"","footnotes":""},"class_list":["post-921","page","type-page","status-publish","hentry"],"_links":{"self":[{"href":"https:\/\/plichtaregina.hu\/en\/wp-json\/wp\/v2\/pages\/921","targetHints":{"allow":["GET"]}}],"collection":[{"href":"https:\/\/plichtaregina.hu\/en\/wp-json\/wp\/v2\/pages"}],"about":[{"href":"https:\/\/plichtaregina.hu\/en\/wp-json\/wp\/v2\/types\/page"}],"author":[{"embeddable":true,"href":"https:\/\/plichtaregina.hu\/en\/wp-json\/wp\/v2\/users\/1"}],"replies":[{"embeddable":true,"href":"https:\/\/plichtaregina.hu\/en\/wp-json\/wp\/v2\/comments?post=921"}],"version-history":[{"count":1,"href":"https:\/\/plichtaregina.hu\/en\/wp-json\/wp\/v2\/pages\/921\/revisions"}],"predecessor-version":[{"id":1195,"href":"https:\/\/plichtaregina.hu\/en\/wp-json\/wp\/v2\/pages\/921\/revisions\/1195"}],"wp:attachment":[{"href":"https:\/\/plichtaregina.hu\/en\/wp-json\/wp\/v2\/media?parent=921"}],"curies":[{"name":"wp","href":"https:\/\/api.w.org\/{rel}","templated":true}]}}